{"id":165,"date":"2017-10-10T14:50:40","date_gmt":"2017-10-10T11:50:40","guid":{"rendered":"http:\/\/kamubib-bimy.org\/?page_id=165"},"modified":"2025-08-13T12:41:34","modified_gmt":"2025-08-13T09:41:34","slug":"katilimci-kayit","status":"publish","type":"page","link":"https:\/\/www.kamubib-bimy.org\/2025\/katilimci-kayit","title":{"rendered":"KATILIM, KAYIT VE F\u0130YATLAR"},"content":{"rendered":"<div class=\"wpb-content-wrapper\"><p>[vc_row full_width=&#8221;stretch_row_content_no_spaces&#8221;][vc_column][vc_single_image image=&#8221;4073&#8243; img_size=&#8221;full&#8221; css=&#8221;&#8221;][\/vc_column][\/vc_row][vc_row css=&#8221;.vc_custom_1689764047992{margin-top: 5px !important;margin-bottom: 5px !important;border-top-width: 5px !important;border-bottom-width: 5px !important;padding-top: 5px !important;padding-bottom: 5px !important;}&#8221;][vc_column css=&#8221;.vc_custom_1689764062713{margin-top: 5px !important;margin-bottom: 5px !important;border-top-width: 5px !important;border-bottom-width: 5px !important;padding-top: 5px !important;padding-bottom: 5px !important;}&#8221;][vc_btn title=&#8221;\u00c7evrimi\u00e7i Kay\u0131t&#8221; color=&#8221;danger&#8221; size=&#8221;lg&#8221; align=&#8221;center&#8221; i_icon_fontawesome=&#8221;fa fa-regular fa-pen-to-square&#8221; css=&#8221;.vc_custom_1755070992071{margin-top: 5px !important;margin-bottom: 5px !important;border-top-width: 5px !important;border-bottom-width: 5px !important;padding-top: 5px !important;padding-bottom: 5px !important;}&#8221; add_icon=&#8221;true&#8221; link=&#8221;url:https%3A%2F%2Fkamubib28-bimy32.digiconkayit.com%2Ftr%2F|title:%C3%87evrimi%C3%A7i%20Kay%C4%B1t|target:_blank&#8221;][\/vc_column][\/vc_row][vc_row][vc_column][vc_column_text css=&#8221;&#8221;]<\/p>\n<table width=\"100%\">\n<tbody>\n<tr>\n<td width=\"45%\">1 (Bir) Ki\u015filik Odada Konaklama Fiyat\u0131<\/td>\n<td>74.000 TL + KDV<\/td>\n<\/tr>\n<tr>\n<td width=\"45%\">2 (\u0130ki) Ki\u015filik Odada Konaklama Fiyat\u0131<\/td>\n<td>98.000 TL + KDV<\/td>\n<\/tr>\n<\/tbody>\n<\/table>\n<hr \/>\n<table width=\"100%\">\n<tbody>\n<tr>\n<td colspan=\"3\"><strong>Ek \u00dccretler<\/strong><\/td>\n<\/tr>\n<tr>\n<td width=\"45%\"><strong>Refakat\u00e7i (E\u015fli) Kat\u0131l\u0131m \u00dccreti (Ki\u015fi Ba\u015f\u0131)<\/strong><\/td>\n<td>25.000 TL + KDV<\/td>\n<\/tr>\n<tr>\n<td width=\"45%\"><strong>G\u00fcnl\u00fck D\u0131\u015f Kat\u0131l\u0131m \u00dccreti (Ki\u015fi Ba\u015f\u0131)<\/strong><\/td>\n<td>25.000 TL + KDV<\/td>\n<\/tr>\n<\/tbody>\n<\/table>\n<p>[\/vc_column_text][\/vc_column][\/vc_row][vc_row][vc_column][vc_message message_box_color=&#8221;danger&#8221; icon_fontawesome=&#8221;fas fa-exclamation&#8221;]NOT: Yukar\u0131da belirtilen \u00fccretler Euro baz\u0131nda olup ayl\u0131k olarak hesaplanm\u0131\u015ft\u0131r. TBD&#8217;nin Euro kurundaki de\u011fi\u015fimlere g\u00f6re ayl\u0131k olarak \u00fccretlerde de\u011fi\u015fiklik yapma hakk\u0131 sakl\u0131d\u0131r.[\/vc_message][\/vc_column][\/vc_row][vc_row][vc_column][vc_column_text css=&#8221;&#8221;]<\/p>\n<ul>\n<li>T\u00fcm kay\u0131tlar \u00f6deme sonras\u0131nda kesinlik kazanacakt\u0131r. \u00d6demesi tamamlanmam\u0131\u015f kay\u0131tlar onaylanmayacakt\u0131r.<\/li>\n<li>Kay\u0131t ve konaklama \u00fccretlerine;\n<ul>\n<li>Etkinli\u011fe kat\u0131l\u0131m,<\/li>\n<li>Delegasyon materyalleri,<\/li>\n<li>Sergi alan\u0131na giri\u015f,<\/li>\n<li>3-gece her \u015fey dahil otelde konaklama (a\u00e7\u0131k b\u00fcfe yemekler, i\u00e7ecekler, kahve ve \u00f6\u011fle yemekleri) dahildir.<\/li>\n<\/ul>\n<\/li>\n<\/ul>\n<p><strong>Not: <\/strong>Yukar\u0131da dahil oldu\u011fu belirtilen hizmetler, ek \u00fccretlerde de\u011fi\u015fiklik g\u00f6sterebilmektedir.<\/p>\n<p><strong>\u00d6DEME DETAYLARI<\/strong><\/p>\n<p><strong>Kredi Kart\u0131<\/strong><\/p>\n<ol>\n<li>Visa ve MasterCard \u00f6demeleri 3D Secure onayl\u0131 olmal\u0131d\u0131r, aksi takdirde \u00f6deme talepleri reddedilebilir. Kart\u0131n\u0131z 3D Secure \u00f6zellikli de\u011filse, bu \u00f6zelli\u011fi etkinle\u015ftirmek i\u00e7in l\u00fctfen bankan\u0131zla ileti\u015fime ge\u00e7in.<\/li>\n<\/ol>\n<p><strong>Banka Havalesi<\/strong><\/p>\n<ol>\n<li>Banka havalesi ile \u00f6demesini ger\u00e7ekle\u015ftirmek isteyen kat\u0131l\u0131mc\u0131lar\u0131n, a\u00e7\u0131klamaya kat\u0131lacak ki\u015finin ad-soyad bilgisini yazmal\u0131d\u0131r.<\/li>\n<li>Banka havalesi ile yap\u0131lan \u00f6demelerde havale masraf\u0131n\u0131n kat\u0131l\u0131mc\u0131 taraf\u0131ndan kar\u015f\u0131lanmas\u0131 gerekmektedir. Aksi takdirde, bu \u00fccretin kay\u0131t masas\u0131nda \u00f6denmesi gerekmektedir.<\/li>\n<li>\u00d6deme yap\u0131ld\u0131ktan sonra, kay\u0131t onay\u0131 almak i\u00e7in dekontun <a href=\"mailto:kamubib28-bimy32@arkonmice.com\">kamubib28-bimy32@arkonmice.com<\/a> adresi \u00fczerinden Organizasyon Sekreteryas\u0131 ile payla\u015f\u0131lmas\u0131 gerekmektedir.<strong>\u00a0<\/strong><\/li>\n<\/ol>\n<p>[\/vc_column_text][\/vc_column][\/vc_row]<\/p>\n<\/div>","protected":false},"excerpt":{"rendered":"<p>[vc_row full_width=&#8221;stretch_row_content_no_spaces&#8221;][vc_column][vc_single_image image=&#8221;4073&#8243; img_size=&#8221;full&#8221; css=&#8221;&#8221;][\/vc_column][\/vc_row][vc_row css=&#8221;.vc_custom_1689764047992{margin-top: 5px !important;margin-bottom: 5px !important;border-top-width: 5px !important;border-bottom-width: 5px !important;padding-top: 5px !important;padding-bottom: 5px !important;}&#8221;][vc_column css=&#8221;.vc_custom_1689764062713{margin-top: 5px !important;margin-bottom: 5px !important;border-top-width: 5px !important;border-bottom-width: 5px !important;padding-top: 5px !important;padding-bottom: 5px !important;}&#8221;][vc_btn title=&#8221;\u00c7evrimi\u00e7i Kay\u0131t&#8221; color=&#8221;danger&#8221; size=&#8221;lg&#8221; align=&#8221;center&#8221; i_icon_fontawesome=&#8221;fa fa-regular fa-pen-to-square&#8221; css=&#8221;.vc_custom_1755070992071{margin-top: 5px !important;margin-bottom: 5px !important;border-top-width: 5px !important;border-bottom-width: 5px !important;padding-top: 5px !important;padding-bottom: 5px !important;}&#8221; add_icon=&#8221;true&#8221; link=&#8221;url:https%3A%2F%2Fkamubib28-bimy32.digiconkayit.com%2Ftr%2F|title:%C3%87evrimi%C3%A7i%20Kay%C4%B1t|target:_blank&#8221;][\/vc_column][\/vc_row][vc_row][vc_column][vc_column_text css=&#8221;&#8221;]&nbsp;<\/p>\n<p><a class=\"btn btn-style\" href=\"https:\/\/www.kamubib-bimy.org\/2025\/katilimci-kayit\">Devam\u0131n\u0131 Oku<\/a><\/p>\n","protected":false},"author":5,"featured_media":0,"parent":0,"menu_order":0,"comment_status":"closed","ping_status":"closed","template":"homepage.php","meta":{"footnotes":""},"class_list":["post-165","page","type-page","status-publish","hentry"],"_links":{"self":[{"href":"https:\/\/www.kamubib-bimy.org\/2025\/wp-json\/wp\/v2\/pages\/165","targetHints":{"allow":["GET"]}}],"collection":[{"href":"https:\/\/www.kamubib-bimy.org\/2025\/wp-json\/wp\/v2\/pages"}],"about":[{"href":"https:\/\/www.kamubib-bimy.org\/2025\/wp-json\/wp\/v2\/types\/page"}],"author":[{"embeddable":true,"href":"https:\/\/www.kamubib-bimy.org\/2025\/wp-json\/wp\/v2\/users\/5"}],"replies":[{"embeddable":true,"href":"https:\/\/www.kamubib-bimy.org\/2025\/wp-json\/wp\/v2\/comments?post=165"}],"version-history":[{"count":6,"href":"https:\/\/www.kamubib-bimy.org\/2025\/wp-json\/wp\/v2\/pages\/165\/revisions"}],"predecessor-version":[{"id":4160,"href":"https:\/\/www.kamubib-bimy.org\/2025\/wp-json\/wp\/v2\/pages\/165\/revisions\/4160"}],"wp:attachment":[{"href":"https:\/\/www.kamubib-bimy.org\/2025\/wp-json\/wp\/v2\/media?parent=165"}],"curies":[{"name":"wp","href":"https:\/\/api.w.org\/{rel}","templated":true}]}}