{"id":4042,"date":"2024-11-14T15:59:35","date_gmt":"2024-11-14T12:59:35","guid":{"rendered":"https:\/\/www.kamubib-bimy.org\/2024\/?page_id=4042"},"modified":"2024-11-14T16:13:03","modified_gmt":"2024-11-14T13:13:03","slug":"haberler","status":"publish","type":"page","link":"https:\/\/www.kamubib-bimy.org\/2024\/haberler","title":{"rendered":"HABERLER"},"content":{"rendered":"<div class=\"wpb-content-wrapper\"><p>[vc_row full_width=&#8221;stretch_row&#8221;][vc_column][\/vc_column][\/vc_row][vc_row][vc_column][vc_column_text css=&#8221;&#8221;]<\/p>\n<ul>\n<li><a href=\"https:\/\/www.kamubib-bimy.org\/2024\/pdf\/bulten-091124.pdf\" target=\"_blank\" rel=\"noopener\">TBD Kamu-B\u0130B&#8217;27 ve B\u0130MY&#8217;31 B\u00fct\u00fcnle\u015fik Etkinli\u011fi Etkinlik B\u00fclteni &#8211; 09.11.2024<\/a><\/li>\n<li><a href=\"https:\/\/www.kamubib-bimy.org\/2024\/pdf\/bulten-081124.pdf\" target=\"_blank\" rel=\"noopener\">TBD Kamu-B\u0130B&#8217;27 ve B\u0130MY&#8217;31 B\u00fct\u00fcnle\u015fik Etkinli\u011fi Etkinlik B\u00fclteni &#8211; 08.11.2024<\/a><\/li>\n<\/ul>\n<p>[\/vc_column_text][\/vc_column][\/vc_row]<\/p>\n<\/div>","protected":false},"excerpt":{"rendered":"<p>[vc_row full_width=&#8221;stretch_row&#8221;][vc_column][\/vc_column][\/vc_row][vc_row][vc_column][vc_column_text css=&#8221;&#8221;] TBD Kamu-B\u0130B&#8217;27 ve B\u0130MY&#8217;31 B\u00fct\u00fcnle\u015fik Etkinli\u011fi Etkinlik B\u00fclteni &#8211; 09.11.2024 TBD Kamu-B\u0130B&#8217;27 ve B\u0130MY&#8217;31 B\u00fct\u00fcnle\u015fik Etkinli\u011fi Etkinlik B\u00fclteni &#8211; 08.11.2024 [\/vc_column_text][\/vc_column][\/vc_row]<\/p>\n","protected":false},"author":5,"featured_media":0,"parent":0,"menu_order":0,"comment_status":"closed","ping_status":"closed","template":"homepage.php","meta":{"rs_blank_template":"","rs_page_bg_color":"","slide_template_v7":"","footnotes":""},"class_list":["post-4042","page","type-page","status-publish","hentry"],"_links":{"self":[{"href":"https:\/\/www.kamubib-bimy.org\/2024\/wp-json\/wp\/v2\/pages\/4042","targetHints":{"allow":["GET"]}}],"collection":[{"href":"https:\/\/www.kamubib-bimy.org\/2024\/wp-json\/wp\/v2\/pages"}],"about":[{"href":"https:\/\/www.kamubib-bimy.org\/2024\/wp-json\/wp\/v2\/types\/page"}],"author":[{"embeddable":true,"href":"https:\/\/www.kamubib-bimy.org\/2024\/wp-json\/wp\/v2\/users\/5"}],"replies":[{"embeddable":true,"href":"https:\/\/www.kamubib-bimy.org\/2024\/wp-json\/wp\/v2\/comments?post=4042"}],"version-history":[{"count":5,"href":"https:\/\/www.kamubib-bimy.org\/2024\/wp-json\/wp\/v2\/pages\/4042\/revisions"}],"predecessor-version":[{"id":4050,"href":"https:\/\/www.kamubib-bimy.org\/2024\/wp-json\/wp\/v2\/pages\/4042\/revisions\/4050"}],"wp:attachment":[{"href":"https:\/\/www.kamubib-bimy.org\/2024\/wp-json\/wp\/v2\/media?parent=4042"}],"curies":[{"name":"wp","href":"https:\/\/api.w.org\/{rel}","templated":true}]}}