{"id":3165,"date":"2022-08-23T19:24:26","date_gmt":"2022-08-23T16:24:26","guid":{"rendered":"https:\/\/www.kamubib-bimy.org\/2022\/?page_id=3165"},"modified":"2024-11-05T00:26:52","modified_gmt":"2024-11-04T21:26:52","slug":"vizyon-2030-6-kamu-ve-sektor-bulusmasi","status":"publish","type":"page","link":"https:\/\/www.kamubib-bimy.org\/2024\/oturumlar\/vizyon-2030-6-kamu-ve-sektor-bulusmasi","title":{"rendered":"Vizyon 2030 6. Kamu ve Sekt\u00f6r Bulu\u015fmas\u0131"},"content":{"rendered":"<div class=\"wpb-content-wrapper\"><p>[vc_row full_width=&#8221;stretch_row&#8221;][vc_column][\/vc_column][\/vc_row][vc_row][vc_column][vc_tta_tabs][vc_tta_section i_icon_fontawesome=&#8221;fas fa-info-circle&#8221; add_icon=&#8221;true&#8221; title=&#8221;Detayl\u0131 Bilgi&#8221; tab_id=&#8221;detayli-bilgi&#8221;][vc_column_text css=&#8221;&#8221;]<\/p>\n<h3>Vizyon 2030 6. Kamu ve Sekt\u00f6r Bulu\u015fmas\u0131<\/h3>\n<p>Birincisi Kamu-B\u0130B\u201922\/B\u0130MY\u201926 B\u00fct\u00fcnle\u015fik Etkinli\u011finde ger\u00e7ekle\u015ftirilen, Dijital T\u00fcrkiye Yolculu\u011funda, \u00dclkemizin dijital olgunluk seviyesinin y\u00fckseltilmesi, dijital ekonomisinin geli\u015ftirilmesi, yerli ve milli teknolojilerin kamuda kullan\u0131m\u0131n\u0131n artt\u0131r\u0131lmas\u0131 ve ihracat\u0131n\u0131n ger\u00e7ekle\u015ftirilmesine y\u00f6nelik olarak do\u011fal afet s\u00fcre\u00e7leri g\u00f6z \u00f6n\u00fcnde bulundurularak Vizyon 2030 kapsam\u0131nda yap\u0131lacak eylem planlar\u0131n\u0131n, i\u015fbirliklerinin ve stratejilerin kamu \u00fcst y\u00f6neticileri taraf\u0131ndan payda\u015flar ile payla\u015f\u0131laca\u011f\u0131 ve ortak ak\u0131l olu\u015fturulmas\u0131na y\u00f6nelik g\u00f6r\u00fc\u015fmelerin yap\u0131laca\u011f\u0131 ve sekt\u00f6r g\u00f6r\u00fc\u015flerinin al\u0131naca\u011f\u0131 kapal\u0131 bir oturumdur.<\/p>\n<p>Bu y\u0131l alt\u0131nc\u0131s\u0131 ger\u00e7ekle\u015ftirilecek s\u00f6z konusu oturuma, Kamu kurumlar\u0131n\u0131n \u00fcst d\u00fczey y\u00f6neticilerinin yan\u0131 s\u0131ra sadece Kamu-B\u0130B\u201927 \/ B\u0130MY\u201931 B\u00fct\u00fcnle\u015fik Etkinli\u011fine sponsor* olan firmalar\u0131n \u00fcst d\u00fczey y\u00f6neticileri kat\u0131labilecektir.<\/p>\n<p>*Ana Sponsorlar, Platin Sponsorlar, Kamu B\u0130B \u00c7al\u0131\u015fma Grubu \u00c7al\u0131\u015ftay Sponsorlar\u0131, Alt\u0131n Sponsorlar ve G\u00fcm\u00fc\u015f Sponsorlar[\/vc_column_text][\/vc_tta_section][\/vc_tta_tabs][\/vc_column][\/vc_row]<\/p>\n<\/div>","protected":false},"excerpt":{"rendered":"<p>[vc_row full_width=&#8221;stretch_row&#8221;][vc_column][\/vc_column][\/vc_row][vc_row][vc_column][vc_tta_tabs][vc_tta_section i_icon_fontawesome=&#8221;fas fa-info-circle&#8221; add_icon=&#8221;true&#8221; title=&#8221;Detayl\u0131 Bilgi&#8221; tab_id=&#8221;detayli-bilgi&#8221;][vc_column_text css=&#8221;&#8221;] Vizyon 2030 6. Kamu ve Sekt\u00f6r Bulu\u015fmas\u0131 Birincisi Kamu-B\u0130B\u201922\/B\u0130MY\u201926 B\u00fct\u00fcnle\u015fik Etkinli\u011finde ger\u00e7ekle\u015ftirilen, Dijital T\u00fcrkiye Yolculu\u011funda, \u00dclkemizin dijital olgunluk seviyesinin y\u00fckseltilmesi, dijital ekonomisinin geli\u015ftirilmesi, yerli ve milli teknolojilerin kamuda kullan\u0131m\u0131n\u0131n artt\u0131r\u0131lmas\u0131 ve ihracat\u0131n\u0131n ger\u00e7ekle\u015ftirilmesine y\u00f6nelik olarak do\u011fal afet s\u00fcre\u00e7leri g\u00f6z \u00f6n\u00fcnde bulundurularak Vizyon 2030 kapsam\u0131nda yap\u0131lacak eylem&nbsp;<\/p>\n<p><a class=\"btn btn-style\" href=\"https:\/\/www.kamubib-bimy.org\/2024\/oturumlar\/vizyon-2030-6-kamu-ve-sektor-bulusmasi\">Devam\u0131n\u0131 Oku<\/a><\/p>\n","protected":false},"author":5,"featured_media":0,"parent":706,"menu_order":0,"comment_status":"closed","ping_status":"closed","template":"homepage.php","meta":{"rs_blank_template":"","rs_page_bg_color":"","slide_template_v7":"","footnotes":""},"class_list":["post-3165","page","type-page","status-publish","hentry"],"_links":{"self":[{"href":"https:\/\/www.kamubib-bimy.org\/2024\/wp-json\/wp\/v2\/pages\/3165","targetHints":{"allow":["GET"]}}],"collection":[{"href":"https:\/\/www.kamubib-bimy.org\/2024\/wp-json\/wp\/v2\/pages"}],"about":[{"href":"https:\/\/www.kamubib-bimy.org\/2024\/wp-json\/wp\/v2\/types\/page"}],"author":[{"embeddable":true,"href":"https:\/\/www.kamubib-bimy.org\/2024\/wp-json\/wp\/v2\/users\/5"}],"replies":[{"embeddable":true,"href":"https:\/\/www.kamubib-bimy.org\/2024\/wp-json\/wp\/v2\/comments?post=3165"}],"version-history":[{"count":2,"href":"https:\/\/www.kamubib-bimy.org\/2024\/wp-json\/wp\/v2\/pages\/3165\/revisions"}],"predecessor-version":[{"id":4026,"href":"https:\/\/www.kamubib-bimy.org\/2024\/wp-json\/wp\/v2\/pages\/3165\/revisions\/4026"}],"up":[{"embeddable":true,"href":"https:\/\/www.kamubib-bimy.org\/2024\/wp-json\/wp\/v2\/pages\/706"}],"wp:attachment":[{"href":"https:\/\/www.kamubib-bimy.org\/2024\/wp-json\/wp\/v2\/media?parent=3165"}],"curies":[{"name":"wp","href":"https:\/\/api.w.org\/{rel}","templated":true}]}}