{"id":2849,"date":"2021-10-26T12:01:18","date_gmt":"2021-10-26T09:01:18","guid":{"rendered":"https:\/\/www.kamubib-bimy.org\/2022\/?page_id=2849"},"modified":"2024-04-01T15:04:03","modified_gmt":"2024-04-01T12:04:03","slug":"oturum-3-kapanis-ozel-oturumu","status":"publish","type":"page","link":"https:\/\/www.kamubib-bimy.org\/2024\/oturumlar\/oturum-3-kapanis-ozel-oturumu","title":{"rendered":"Oturum-3: Kapan\u0131\u015f \u00d6zel Oturumu"},"content":{"rendered":"<div class=\"wpb-content-wrapper\"><p>[vc_row full_width=&#8221;stretch_row&#8221;][vc_column][\/vc_column][\/vc_row][vc_row][vc_column][vc_column_text]<\/p>\n<h3>Oturum-3: Kapan\u0131\u015f \u00d6zel Oturumu<\/h3>\n<p>Dijital teknolojilerin ba\u015f d\u00f6nd\u00fcr\u00fcc\u00fc bir h\u0131zla geli\u015fimi, ekonomik ve sosyal hayat\u0131n yan\u0131nda g\u00fcvenlik tan\u0131m ve kavramlar\u0131n\u0131 da k\u00f6kten de\u011fi\u015ftirmektedir.<\/p>\n<p>T\u00fcrkiye\u2019nin ikinci y\u00fczy\u0131l\u0131na y\u00f6n veren ye\u015fil d\u00f6n\u00fc\u015f\u00fcme uygun ve toplumsal d\u00f6n\u00fc\u015f\u00fcm\u00fc destekleyen ba\u015fta deprem olmak \u00fczere do\u011fal afetlere kar\u015f\u0131 kritik alt yap\u0131lar\u0131n ve ulusal g\u00fcvenli\u011fin dayan\u0131kl\u0131l\u0131\u011f\u0131n\u0131 artt\u0131ran siber g\u00fcvenlik \u00fcr\u00fcn, sitem, hizmet ve \u00e7\u00f6z\u00fcmlerinin geli\u015ftirilmesi ve kullan\u0131m\u0131n\u0131n yayg\u0131nla\u015ft\u0131r\u0131lmas\u0131na y\u00f6nelik politika ve stratejiler ba\u015fta olmak \u00fczere t\u00fcm dayanaklar g\u00f6z \u00f6n\u00fcnde bulundurularak insan, s\u00fcre\u00e7, teknoloji, hukuk ve ekonomi boyutlar\u0131yla tart\u0131\u015f\u0131lacakt\u0131r.[\/vc_column_text][\/vc_column][\/vc_row]<\/p>\n<\/div>","protected":false},"excerpt":{"rendered":"<p>[vc_row full_width=&#8221;stretch_row&#8221;][vc_column][\/vc_column][\/vc_row][vc_row][vc_column][vc_column_text] Oturum-3: Kapan\u0131\u015f \u00d6zel Oturumu Dijital teknolojilerin ba\u015f d\u00f6nd\u00fcr\u00fcc\u00fc bir h\u0131zla geli\u015fimi, ekonomik ve sosyal hayat\u0131n yan\u0131nda g\u00fcvenlik tan\u0131m ve kavramlar\u0131n\u0131 da k\u00f6kten de\u011fi\u015ftirmektedir. T\u00fcrkiye\u2019nin ikinci y\u00fczy\u0131l\u0131na y\u00f6n veren ye\u015fil d\u00f6n\u00fc\u015f\u00fcme uygun ve toplumsal d\u00f6n\u00fc\u015f\u00fcm\u00fc destekleyen ba\u015fta deprem olmak \u00fczere do\u011fal afetlere kar\u015f\u0131 kritik alt yap\u0131lar\u0131n ve ulusal g\u00fcvenli\u011fin dayan\u0131kl\u0131l\u0131\u011f\u0131n\u0131 artt\u0131ran siber g\u00fcvenlik \u00fcr\u00fcn,&nbsp;<\/p>\n<p><a class=\"btn btn-style\" href=\"https:\/\/www.kamubib-bimy.org\/2024\/oturumlar\/oturum-3-kapanis-ozel-oturumu\">Devam\u0131n\u0131 Oku<\/a><\/p>\n","protected":false},"author":5,"featured_media":0,"parent":706,"menu_order":0,"comment_status":"closed","ping_status":"closed","template":"homepage.php","meta":{"rs_blank_template":"","rs_page_bg_color":"","slide_template_v7":"","footnotes":""},"class_list":["post-2849","page","type-page","status-publish","hentry"],"_links":{"self":[{"href":"https:\/\/www.kamubib-bimy.org\/2024\/wp-json\/wp\/v2\/pages\/2849","targetHints":{"allow":["GET"]}}],"collection":[{"href":"https:\/\/www.kamubib-bimy.org\/2024\/wp-json\/wp\/v2\/pages"}],"about":[{"href":"https:\/\/www.kamubib-bimy.org\/2024\/wp-json\/wp\/v2\/types\/page"}],"author":[{"embeddable":true,"href":"https:\/\/www.kamubib-bimy.org\/2024\/wp-json\/wp\/v2\/users\/5"}],"replies":[{"embeddable":true,"href":"https:\/\/www.kamubib-bimy.org\/2024\/wp-json\/wp\/v2\/comments?post=2849"}],"version-history":[{"count":0,"href":"https:\/\/www.kamubib-bimy.org\/2024\/wp-json\/wp\/v2\/pages\/2849\/revisions"}],"up":[{"embeddable":true,"href":"https:\/\/www.kamubib-bimy.org\/2024\/wp-json\/wp\/v2\/pages\/706"}],"wp:attachment":[{"href":"https:\/\/www.kamubib-bimy.org\/2024\/wp-json\/wp\/v2\/media?parent=2849"}],"curies":[{"name":"wp","href":"https:\/\/api.w.org\/{rel}","templated":true}]}}