{"id":706,"date":"2018-07-14T16:50:37","date_gmt":"2018-07-14T13:50:37","guid":{"rendered":"http:\/\/www.kamubib-bimy.org\/2022\/?page_id=706"},"modified":"2023-06-10T21:37:30","modified_gmt":"2023-06-10T18:37:30","slug":"oturumlar","status":"publish","type":"page","link":"https:\/\/www.kamubib-bimy.org\/2023\/oturumlar","title":{"rendered":"OTURUMLAR"},"content":{"rendered":"<div class=\"wpb-content-wrapper\"><p>[vc_row full_width=&#8221;stretch_row&#8221;][vc_column][rev_slider_vc alias=&#8221;anasayfa-son&#8221;][\/vc_column][\/vc_row][vc_row][vc_column][vc_column_text]<a href=\"https:\/\/www.kamubib-bimy.org\/2023\/oturumlar\/oturum-1-ikinci-yuzyila-yon-veren-politika-ve-stratejiler\">Oturum-1: \u0130kinci Y\u00fczy\u0131la Y\u00f6n Veren Politika ve Stratejiler<\/a><\/p>\n<p><a href=\"https:\/\/www.kamubib-bimy.org\/2023\/oturumlar\/oturum-2-ileri-teknolojilerin-surdurulebilirligi\">Oturum-2: \u0130leri Teknolojilerin S\u00fcrd\u00fcr\u00fclebilirli\u011fi<\/a><\/p>\n<p><a href=\"https:\/\/www.kamubib-bimy.org\/2023\/oturumlar\/oturum-3-dijital-guvenlik\">Oturum-3: Dijital G\u00fcvenlik<\/a><\/p>\n<p><a href=\"https:\/\/www.kamubib-bimy.org\/2023\/oturumlar\/vizyon-2023-5-kamu-ve-sektor-bulusmasi\">Vizyon 2023 5. Kamu ve Sekt\u00f6r Bulu\u015fmas\u0131<\/a>[\/vc_column_text][\/vc_column][\/vc_row]<\/p>\n<\/div>","protected":false},"excerpt":{"rendered":"<p>[vc_row full_width=&#8221;stretch_row&#8221;][vc_column][rev_slider_vc alias=&#8221;anasayfa-son&#8221;][\/vc_column][\/vc_row][vc_row][vc_column][vc_column_text]Oturum-1: \u0130kinci Y\u00fczy\u0131la Y\u00f6n Veren Politika ve Stratejiler Oturum-2: \u0130leri Teknolojilerin S\u00fcrd\u00fcr\u00fclebilirli\u011fi Oturum-3: Dijital G\u00fcvenlik Vizyon 2023 5. Kamu ve Sekt\u00f6r Bulu\u015fmas\u0131[\/vc_column_text][\/vc_column][\/vc_row]<\/p>\n","protected":false},"author":5,"featured_media":0,"parent":0,"menu_order":0,"comment_status":"closed","ping_status":"closed","template":"homepage.php","meta":{"footnotes":""},"class_list":["post-706","page","type-page","status-publish","hentry"],"_links":{"self":[{"href":"https:\/\/www.kamubib-bimy.org\/2023\/wp-json\/wp\/v2\/pages\/706","targetHints":{"allow":["GET"]}}],"collection":[{"href":"https:\/\/www.kamubib-bimy.org\/2023\/wp-json\/wp\/v2\/pages"}],"about":[{"href":"https:\/\/www.kamubib-bimy.org\/2023\/wp-json\/wp\/v2\/types\/page"}],"author":[{"embeddable":true,"href":"https:\/\/www.kamubib-bimy.org\/2023\/wp-json\/wp\/v2\/users\/5"}],"replies":[{"embeddable":true,"href":"https:\/\/www.kamubib-bimy.org\/2023\/wp-json\/wp\/v2\/comments?post=706"}],"version-history":[{"count":0,"href":"https:\/\/www.kamubib-bimy.org\/2023\/wp-json\/wp\/v2\/pages\/706\/revisions"}],"wp:attachment":[{"href":"https:\/\/www.kamubib-bimy.org\/2023\/wp-json\/wp\/v2\/media?parent=706"}],"curies":[{"name":"wp","href":"https:\/\/api.w.org\/{rel}","templated":true}]}}