{"id":3597,"date":"2023-11-06T16:25:02","date_gmt":"2023-11-06T13:25:02","guid":{"rendered":"https:\/\/www.kamubib-bimy.org\/2023\/?page_id=3597"},"modified":"2023-11-10T13:52:23","modified_gmt":"2023-11-10T10:52:23","slug":"kktc-ufuk-2033-bilisim-adasi-kapali-vizyon-toplantisi","status":"publish","type":"page","link":"https:\/\/www.kamubib-bimy.org\/2023\/kktc-ufuk-2033-bilisim-adasi-kapali-vizyon-toplantisi","title":{"rendered":"KKTC UFUK 2033 B\u0130L\u0130\u015e\u0130M ADASI KAPALI V\u0130ZYON TOPLANTISI"},"content":{"rendered":"<div class=\"wpb-content-wrapper\"><p>[vc_row full_width=&#8221;stretch_row&#8221;][vc_column]\n\t\t\t<!-- START anasayfason REVOLUTION SLIDER 6.7.41 --><p class=\"rs-p-wp-fix\"><\/p>\n\t\t\t<rs-module-wrap id=\"rev_slider_3_1_wrapper\" data-source=\"gallery\" style=\"visibility:hidden;background:transparent;padding:0;margin:0px auto;margin-top:0;margin-bottom:0;\">\n\t\t\t\t<rs-module id=\"rev_slider_3_1\" style=\"\" data-version=\"6.7.41\">\n\t\t\t\t\t<rs-slides style=\"overflow: hidden; position: absolute;\">\n\t\t\t\t\t\t<rs-slide style=\"position: absolute;\" data-key=\"rs-18\" data-title=\"Slide\" data-anim=\"adpr:false;p:transparent;\" data-in=\"o:0;\" data-out=\"o:0;\">\n\t\t\t\t\t\t\t<img decoding=\"async\" src=\"\/\/www.kamubib-bimy.org\/2023\/wp-content\/plugins\/revslider\/sr6\/assets\/assets\/dummy.png\" alt=\"Slide\" title=\"KKTC UFUK 2033 B\u0130L\u0130\u015e\u0130M ADASI KAPALI V\u0130ZYON TOPLANTISI\" class=\"rev-slidebg tp-rs-img rs-lazyload\" data-lazyload=\"\/\/www.kamubib-bimy.org\/2023\/wp-content\/plugins\/revslider\/sr6\/assets\/assets\/transparent.png\" data-no-retina>\n<!--\n\t\t\t\t\t\t\t--><rs-layer\n\t\t\t\t\t\t\t\tid=\"slider-3-slide-18-layer-20\" \n\t\t\t\t\t\t\t\tdata-type=\"image\"\n\t\t\t\t\t\t\t\tdata-rsp_ch=\"on\"\n\t\t\t\t\t\t\t\tdata-text=\"l:22;a:inherit;\"\n\t\t\t\t\t\t\t\tdata-dim=\"w:1920px;h:384px;\"\n\t\t\t\t\t\t\t\tdata-frame_999=\"o:0;st:w;sR:4700;\"\n\t\t\t\t\t\t\t\tstyle=\"z-index:5;\"\n\t\t\t\t\t\t\t><img decoding=\"async\" src=\"\/\/www.kamubib-bimy.org\/2023\/wp-content\/plugins\/revslider\/sr6\/assets\/assets\/dummy.png\" alt=\"\" class=\"tp-rs-img rs-lazyload\" width=\"1920\" height=\"384\" data-lazyload=\"\/\/www.kamubib-bimy.org\/2023\/wp-content\/uploads\/2023\/07\/slider-b.jpg\" data-no-retina> \n\t\t\t\t\t\t\t<\/rs-layer><!--\n\n\t\t\t\t\t\t\t--><rs-layer\n\t\t\t\t\t\t\t\tid=\"slider-3-slide-18-layer-21\" \n\t\t\t\t\t\t\t\tclass=\"tp-shape tp-shapewrapper\"\n\t\t\t\t\t\t\t\tdata-type=\"shape\"\n\t\t\t\t\t\t\t\tdata-rsp_ch=\"on\"\n\t\t\t\t\t\t\t\tdata-xy=\"x:49px;y:43px;\"\n\t\t\t\t\t\t\t\tdata-text=\"a:inherit;\"\n\t\t\t\t\t\t\t\tdata-dim=\"w:139px;h:133px;\"\n\t\t\t\t\t\t\t\tdata-frame_999=\"o:0;st:w;sR:4700;\"\n\t\t\t\t\t\t\t\tstyle=\"z-index:6;background-color:rgba(0,0,0,0);\"\n\t\t\t\t\t\t\t> \n\t\t\t\t\t\t\t<\/rs-layer><!--\n\n\t\t\t\t\t\t\t--><rs-layer\n\t\t\t\t\t\t\t\tid=\"slider-3-slide-18-layer-22\" \n\t\t\t\t\t\t\t\tclass=\"tp-shape tp-shapewrapper\"\n\t\t\t\t\t\t\t\tdata-type=\"shape\"\n\t\t\t\t\t\t\t\tdata-rsp_ch=\"on\"\n\t\t\t\t\t\t\t\tdata-xy=\"x:1632px;y:11px;\"\n\t\t\t\t\t\t\t\tdata-text=\"a:inherit;\"\n\t\t\t\t\t\t\t\tdata-dim=\"w:109px;h:154px;\"\n\t\t\t\t\t\t\t\tdata-frame_999=\"o:0;st:w;sR:4700;\"\n\t\t\t\t\t\t\t\tstyle=\"z-index:7;background-color:rgba(0,0,0,0);\"\n\t\t\t\t\t\t\t> \n\t\t\t\t\t\t\t<\/rs-layer><!--\n\n\t\t\t\t\t\t\t--><rs-layer\n\t\t\t\t\t\t\t\tid=\"slider-3-slide-18-layer-23\" \n\t\t\t\t\t\t\t\tclass=\"tp-shape tp-shapewrapper\"\n\t\t\t\t\t\t\t\tdata-type=\"shape\"\n\t\t\t\t\t\t\t\tdata-rsp_ch=\"on\"\n\t\t\t\t\t\t\t\tdata-xy=\"x:1760px;y:25px;\"\n\t\t\t\t\t\t\t\tdata-text=\"a:inherit;\"\n\t\t\t\t\t\t\t\tdata-dim=\"w:137px;h:133px;\"\n\t\t\t\t\t\t\t\tdata-frame_999=\"o:0;st:w;sR:4700;\"\n\t\t\t\t\t\t\t\tstyle=\"z-index:8;background-color:rgba(0,0,0,0);\"\n\t\t\t\t\t\t\t> \n\t\t\t\t\t\t\t<\/rs-layer><!--\n-->\t\t\t\t\t<\/rs-slide>\n\t\t\t\t\t<\/rs-slides>\n\t\t\t\t<\/rs-module>\n\t\t\t\t<script>\n\t\t\t\t\tsetREVStartSize({c: 'rev_slider_3_1',rl:[1240,1024,778,480],el:[384],gw:[1920],gh:[384],type:'standard',justify:'',layout:'fullwidth',mh:\"0\"});if (window.RS_MODULES!==undefined && window.RS_MODULES.modules!==undefined && window.RS_MODULES.modules[\"revslider31\"]!==undefined) {window.RS_MODULES.modules[\"revslider31\"].once = false;window.revapi3 = undefined;if (window.RS_MODULES.checkMinimal!==undefined) window.RS_MODULES.checkMinimal()}\n\t\t\t\t<\/script>\n\t\t\t<\/rs-module-wrap>\n\t\t\t<!-- END REVOLUTION SLIDER -->\n[\/vc_column][\/vc_row][vc_row][vc_column][vc_tta_tabs][vc_tta_section i_icon_fontawesome=&#8221;fas fa-info-circle&#8221; add_icon=&#8221;true&#8221; title=&#8221;\u0130\u00e7erik&#8221; tab_id=&#8221;icerik&#8221;][vc_column_text]Kuzey K\u0131br\u0131s T\u00fcrk Cumhuriyeti\u2019nin gerek hukuki ve gerekse teknolojik altyap\u0131da her t\u00fcrl\u00fc yat\u0131r\u0131m ve d\u00fczenlemeleri yaparak, \u00e7a\u011fda\u015f d\u00fcnya \u00fclkeleri ile ayn\u0131 d\u00fczeyde, en son geli\u015fen bili\u015fim ve ileti\u015fim teknolojilerinden yararlanmas\u0131, \u00fclkenin bili\u015fim teknolojileri ve buna ba\u011fl\u0131 y\u00fcksek teknoloji \u00fcr\u00fcn ve hizmetlerinin \u00fcretildi\u011fi bir \u00fcs haline getirilmesi i\u00e7in yap\u0131lmas\u0131 gerekenlerin tespit edilmesi ve politika geli\u015ftiricilere rehber niteli\u011finde bir raporun olu\u015fturulmas\u0131 amac\u0131yla KKTC Bay\u0131nd\u0131rl\u0131k ve Ula\u015ft\u0131rma Bakanl\u0131\u011f\u0131\u2019n\u0131n himayesinde TBD \u2013 KKTC BTHK i\u015fbirli\u011fi ile Mart 2024 tarihinde Kuzey K\u0131br\u0131s T\u00fcrk Cumhuriyeti\u2019nde kapsaml\u0131 bir \u00c7al\u0131\u015ftay d\u00fczenlenecektir.<\/p>\n<p>\u00c7al\u0131\u015ftay \u2019da:<\/p>\n<ul>\n<li>Bili\u015fim Adas\u0131 olma yolunda yap\u0131lmas\u0131 gereken b\u00fcrokratik ve hukuki d\u00fczenlemeler ile uluslararas\u0131 yasal uyum gerekliliklerin belirlenmesi.<\/li>\n<li>Bili\u015fim Adas\u0131 olma yolunda ileti\u015fim ve teknolojik altyap\u0131 gerekliliklerinin belirlenmesi.<\/li>\n<li>Bili\u015fim Adas\u0131nda E-devlet, Kamu Hizmetleri ve kamu dijital d\u00f6n\u00fc\u015f\u00fcm\u00fc,<\/li>\n<li>K\u0131br\u0131s\u2019\u0131n k\u00fcresel pazarda yer almas\u0131n\u0131 ve rekabetini kolayla\u015ft\u0131r\u0131c\u0131 ticari y\u00f6ntemler, yaz\u0131l\u0131m, donan\u0131m ve hizmet sekt\u00f6rlerinde \u00f6nceliklendirmelerin belirlenmesi.<\/li>\n<\/ul>\n<p>konular\u0131nda kapsaml\u0131 rapor haz\u0131rlnacakt\u0131r.<\/p>\n<p>S\u00f6z konusu kapal\u0131 toplant\u0131da; KKTC Ufuk 2033 \u2013 Bili\u015fim Adas\u0131 Vizyon \u00c7al\u0131\u015ftay\u0131 \u00f6ncesi konunun uzmanlar\u0131 ve \u00f6zel sekt\u00f6r y\u00f6neticilerinin talep, beklenti ve \u00f6nerileri al\u0131nacakt\u0131r.[\/vc_column_text][\/vc_tta_section][vc_tta_section i_icon_fontawesome=&#8221;fas fa-edit&#8221; add_icon=&#8221;true&#8221; title=&#8221;\u00d6n Kay\u0131t Formu&#8221; tab_id=&#8221;on-kayit-formu&#8221;]\n<div class=\"wpcf7 no-js\" id=\"wpcf7-f3605-o1\" lang=\"tr-TR\" dir=\"ltr\" data-wpcf7-id=\"3605\">\n<div class=\"screen-reader-response\"><p role=\"status\" aria-live=\"polite\" aria-atomic=\"true\"><\/p> <ul><\/ul><\/div>\n<form action=\"\/2023\/wp-json\/wp\/v2\/pages\/3597#wpcf7-f3605-o1\" method=\"post\" class=\"wpcf7-form init\" aria-label=\"\u0130leti\u015fim Formu\" novalidate=\"novalidate\" data-status=\"init\">\n<fieldset class=\"hidden-fields-container\"><input type=\"hidden\" name=\"_wpcf7\" value=\"3605\" \/><input type=\"hidden\" name=\"_wpcf7_version\" value=\"6.1.5\" \/><input type=\"hidden\" name=\"_wpcf7_locale\" value=\"tr_TR\" \/><input type=\"hidden\" name=\"_wpcf7_unit_tag\" value=\"wpcf7-f3605-o1\" \/><input type=\"hidden\" name=\"_wpcf7_container_post\" value=\"0\" \/><input type=\"hidden\" name=\"_wpcf7_posted_data_hash\" value=\"\" \/>\n<\/fieldset>\n<p><label><strong>Kat\u0131l\u0131mc\u0131 Bilgileri<\/strong><\/label>\n<\/p>\n<p><label> Ad ve Soyad<br \/>\n<span class=\"wpcf7-form-control-wrap\" data-name=\"ad-soyad\"><input size=\"40\" maxlength=\"400\" class=\"wpcf7-form-control wpcf7-text wpcf7-validates-as-required\" aria-required=\"true\" aria-invalid=\"false\" value=\"\" type=\"text\" name=\"ad-soyad\" \/><\/span> <\/label>\n<\/p>\n<p><label> Firma Ad\u0131<br \/>\n<span class=\"wpcf7-form-control-wrap\" data-name=\"firmaadi\"><input size=\"40\" maxlength=\"400\" class=\"wpcf7-form-control wpcf7-text wpcf7-validates-as-required\" aria-required=\"true\" aria-invalid=\"false\" value=\"\" type=\"text\" name=\"firmaadi\" \/><\/span> <\/label>\n<\/p>\n<p><label> Sponsorluk Kategoirisi<br \/>\n<span class=\"wpcf7-form-control-wrap\" data-name=\"sponsorlukategorisi\"><span class=\"wpcf7-form-control wpcf7-radio\"><span class=\"wpcf7-list-item first\"><input type=\"radio\" name=\"sponsorlukategorisi\" value=\"Ana Sponsor\" checked=\"checked\" \/><span class=\"wpcf7-list-item-label\">Ana Sponsor<\/span><\/span><span class=\"wpcf7-list-item\"><input type=\"radio\" name=\"sponsorlukategorisi\" value=\"Platin Sponsor\" \/><span class=\"wpcf7-list-item-label\">Platin Sponsor<\/span><\/span><span class=\"wpcf7-list-item\"><input type=\"radio\" name=\"sponsorlukategorisi\" value=\"Alt\u0131n Sponsor\" \/><span class=\"wpcf7-list-item-label\">Alt\u0131n Sponsor<\/span><\/span><span class=\"wpcf7-list-item last\"><input type=\"radio\" name=\"sponsorlukategorisi\" value=\"G\u00fcm\u00fc\u015f Sponsor\" \/><span class=\"wpcf7-list-item-label\">G\u00fcm\u00fc\u015f Sponsor<\/span><\/span><\/span><\/span><\/label>\n<\/p>\n<p><label> Posizyon<br \/>\n<span class=\"wpcf7-form-control-wrap\" data-name=\"pozisyon\"><span class=\"wpcf7-form-control wpcf7-radio\"><span class=\"wpcf7-list-item first\"><input type=\"radio\" name=\"pozisyon\" value=\"Genel M\u00fcd\u00fcr\" checked=\"checked\" \/><span class=\"wpcf7-list-item-label\">Genel M\u00fcd\u00fcr<\/span><\/span><span class=\"wpcf7-list-item\"><input type=\"radio\" name=\"pozisyon\" value=\"Genel M\u00fcd\u00fcr Yard\u0131mc\u0131s\u0131\" \/><span class=\"wpcf7-list-item-label\">Genel M\u00fcd\u00fcr Yard\u0131mc\u0131s\u0131<\/span><\/span><span class=\"wpcf7-list-item\"><input type=\"radio\" name=\"pozisyon\" value=\"Y\u00f6netim Kurulu Ba\u015fkan\u0131\" \/><span class=\"wpcf7-list-item-label\">Y\u00f6netim Kurulu Ba\u015fkan\u0131<\/span><\/span><span class=\"wpcf7-list-item last\"><input type=\"radio\" name=\"pozisyon\" value=\"Y\u00f6netim Kurulu \u00dcyesi\" \/><span class=\"wpcf7-list-item-label\">Y\u00f6netim Kurulu \u00dcyesi<\/span><\/span><\/span><\/span><\/label>\n<\/p>\n<p><a href=\"https:\/\/www.tbd.org.tr\/genel-aydinlatma-metni\/\" target=\"_blank\">KVKK Ayd\u0131nlatma metnini okumak i\u00e7in t\u0131klay\u0131n\u0131z...<\/a>\n<\/p>\n<p><span class=\"wpcf7-form-control-wrap\" data-name=\"aydinlatma\"><span class=\"wpcf7-form-control wpcf7-checkbox wpcf7-validates-as-required\"><span class=\"wpcf7-list-item first last\"><input type=\"checkbox\" name=\"aydinlatma[]\" value=\"KVKK Ayd\u0131nlatma Metnini Okudum Onayl\u0131yorum*\" \/><span class=\"wpcf7-list-item-label\">KVKK Ayd\u0131nlatma Metnini Okudum Onayl\u0131yorum*<\/span><\/span><\/span><\/span>\n<\/p>\n<p><input class=\"wpcf7-form-control wpcf7-submit has-spinner\" type=\"submit\" value=\"G\u00f6nder\" \/>\n<\/p><div class=\"wpcf7-response-output\" aria-hidden=\"true\"><\/div>\n<\/form>\n<\/div>\n[\/vc_tta_section][\/vc_tta_tabs][\/vc_column][\/vc_row]<\/p>\n<\/div>","protected":false},"excerpt":{"rendered":"<p>[vc_row full_width=&#8221;stretch_row&#8221;][vc_column][\/vc_column][\/vc_row][vc_row][vc_column][vc_tta_tabs][vc_tta_section i_icon_fontawesome=&#8221;fas fa-info-circle&#8221; add_icon=&#8221;true&#8221; title=&#8221;\u0130\u00e7erik&#8221; tab_id=&#8221;icerik&#8221;][vc_column_text]Kuzey K\u0131br\u0131s T\u00fcrk Cumhuriyeti\u2019nin gerek hukuki ve gerekse teknolojik altyap\u0131da her t\u00fcrl\u00fc yat\u0131r\u0131m ve d\u00fczenlemeleri yaparak, \u00e7a\u011fda\u015f d\u00fcnya \u00fclkeleri ile ayn\u0131 d\u00fczeyde, en son geli\u015fen bili\u015fim ve ileti\u015fim teknolojilerinden yararlanmas\u0131, \u00fclkenin bili\u015fim teknolojileri ve buna ba\u011fl\u0131 y\u00fcksek teknoloji \u00fcr\u00fcn ve hizmetlerinin \u00fcretildi\u011fi bir \u00fcs haline getirilmesi i\u00e7in yap\u0131lmas\u0131 gerekenlerin&nbsp;<\/p>\n<p><a class=\"btn btn-style\" href=\"https:\/\/www.kamubib-bimy.org\/2023\/kktc-ufuk-2033-bilisim-adasi-kapali-vizyon-toplantisi\">Devam\u0131n\u0131 Oku<\/a><\/p>\n","protected":false},"author":5,"featured_media":0,"parent":0,"menu_order":0,"comment_status":"closed","ping_status":"closed","template":"homepage.php","meta":{"footnotes":""},"class_list":["post-3597","page","type-page","status-publish","hentry"],"_links":{"self":[{"href":"https:\/\/www.kamubib-bimy.org\/2023\/wp-json\/wp\/v2\/pages\/3597","targetHints":{"allow":["GET"]}}],"collection":[{"href":"https:\/\/www.kamubib-bimy.org\/2023\/wp-json\/wp\/v2\/pages"}],"about":[{"href":"https:\/\/www.kamubib-bimy.org\/2023\/wp-json\/wp\/v2\/types\/page"}],"author":[{"embeddable":true,"href":"https:\/\/www.kamubib-bimy.org\/2023\/wp-json\/wp\/v2\/users\/5"}],"replies":[{"embeddable":true,"href":"https:\/\/www.kamubib-bimy.org\/2023\/wp-json\/wp\/v2\/comments?post=3597"}],"version-history":[{"count":0,"href":"https:\/\/www.kamubib-bimy.org\/2023\/wp-json\/wp\/v2\/pages\/3597\/revisions"}],"wp:attachment":[{"href":"https:\/\/www.kamubib-bimy.org\/2023\/wp-json\/wp\/v2\/media?parent=3597"}],"curies":[{"name":"wp","href":"https:\/\/api.w.org\/{rel}","templated":true}]}}