{"id":2432,"date":"2021-05-07T13:34:28","date_gmt":"2021-05-07T10:34:28","guid":{"rendered":"https:\/\/www.kamubib-bimy.org\/2022\/?page_id=2432"},"modified":"2023-07-08T11:29:02","modified_gmt":"2023-07-08T08:29:02","slug":"oturum-2-ileri-teknolojilerin-surdurulebilirligi","status":"publish","type":"page","link":"https:\/\/www.kamubib-bimy.org\/2023\/oturumlar\/oturum-2-ileri-teknolojilerin-surdurulebilirligi","title":{"rendered":"Oturum-2: \u0130leri Teknolojilerin S\u00fcrd\u00fcr\u00fclebilirli\u011fi"},"content":{"rendered":"<div class=\"wpb-content-wrapper\"><p>[vc_row full_width=&#8221;stretch_row&#8221;][vc_column]\n\t\t\t<!-- START anasayfason REVOLUTION SLIDER 6.7.41 --><p class=\"rs-p-wp-fix\"><\/p>\n\t\t\t<rs-module-wrap id=\"rev_slider_3_1_wrapper\" data-source=\"gallery\" style=\"visibility:hidden;background:transparent;padding:0;margin:0px auto;margin-top:0;margin-bottom:0;\">\n\t\t\t\t<rs-module id=\"rev_slider_3_1\" style=\"\" data-version=\"6.7.41\">\n\t\t\t\t\t<rs-slides style=\"overflow: hidden; position: absolute;\">\n\t\t\t\t\t\t<rs-slide style=\"position: absolute;\" data-key=\"rs-18\" data-title=\"Slide\" data-anim=\"adpr:false;p:transparent;\" data-in=\"o:0;\" data-out=\"o:0;\">\n\t\t\t\t\t\t\t<img decoding=\"async\" src=\"\/\/www.kamubib-bimy.org\/2023\/wp-content\/plugins\/revslider\/sr6\/assets\/assets\/dummy.png\" alt=\"Slide\" title=\"Oturum-2: \u0130leri Teknolojilerin S\u00fcrd\u00fcr\u00fclebilirli\u011fi\" class=\"rev-slidebg tp-rs-img rs-lazyload\" data-lazyload=\"\/\/www.kamubib-bimy.org\/2023\/wp-content\/plugins\/revslider\/sr6\/assets\/assets\/transparent.png\" data-no-retina>\n<!--\n\t\t\t\t\t\t\t--><rs-layer\n\t\t\t\t\t\t\t\tid=\"slider-3-slide-18-layer-20\" \n\t\t\t\t\t\t\t\tdata-type=\"image\"\n\t\t\t\t\t\t\t\tdata-rsp_ch=\"on\"\n\t\t\t\t\t\t\t\tdata-text=\"l:22;a:inherit;\"\n\t\t\t\t\t\t\t\tdata-dim=\"w:1920px;h:384px;\"\n\t\t\t\t\t\t\t\tdata-frame_999=\"o:0;st:w;sR:4700;\"\n\t\t\t\t\t\t\t\tstyle=\"z-index:5;\"\n\t\t\t\t\t\t\t><img decoding=\"async\" src=\"\/\/www.kamubib-bimy.org\/2023\/wp-content\/plugins\/revslider\/sr6\/assets\/assets\/dummy.png\" alt=\"\" class=\"tp-rs-img rs-lazyload\" width=\"1920\" height=\"384\" data-lazyload=\"\/\/www.kamubib-bimy.org\/2023\/wp-content\/uploads\/2023\/07\/slider-b.jpg\" data-no-retina> \n\t\t\t\t\t\t\t<\/rs-layer><!--\n\n\t\t\t\t\t\t\t--><rs-layer\n\t\t\t\t\t\t\t\tid=\"slider-3-slide-18-layer-21\" \n\t\t\t\t\t\t\t\tclass=\"tp-shape tp-shapewrapper\"\n\t\t\t\t\t\t\t\tdata-type=\"shape\"\n\t\t\t\t\t\t\t\tdata-rsp_ch=\"on\"\n\t\t\t\t\t\t\t\tdata-xy=\"x:49px;y:43px;\"\n\t\t\t\t\t\t\t\tdata-text=\"a:inherit;\"\n\t\t\t\t\t\t\t\tdata-dim=\"w:139px;h:133px;\"\n\t\t\t\t\t\t\t\tdata-frame_999=\"o:0;st:w;sR:4700;\"\n\t\t\t\t\t\t\t\tstyle=\"z-index:6;background-color:rgba(0,0,0,0);\"\n\t\t\t\t\t\t\t> \n\t\t\t\t\t\t\t<\/rs-layer><!--\n\n\t\t\t\t\t\t\t--><rs-layer\n\t\t\t\t\t\t\t\tid=\"slider-3-slide-18-layer-22\" \n\t\t\t\t\t\t\t\tclass=\"tp-shape tp-shapewrapper\"\n\t\t\t\t\t\t\t\tdata-type=\"shape\"\n\t\t\t\t\t\t\t\tdata-rsp_ch=\"on\"\n\t\t\t\t\t\t\t\tdata-xy=\"x:1632px;y:11px;\"\n\t\t\t\t\t\t\t\tdata-text=\"a:inherit;\"\n\t\t\t\t\t\t\t\tdata-dim=\"w:109px;h:154px;\"\n\t\t\t\t\t\t\t\tdata-frame_999=\"o:0;st:w;sR:4700;\"\n\t\t\t\t\t\t\t\tstyle=\"z-index:7;background-color:rgba(0,0,0,0);\"\n\t\t\t\t\t\t\t> \n\t\t\t\t\t\t\t<\/rs-layer><!--\n\n\t\t\t\t\t\t\t--><rs-layer\n\t\t\t\t\t\t\t\tid=\"slider-3-slide-18-layer-23\" \n\t\t\t\t\t\t\t\tclass=\"tp-shape tp-shapewrapper\"\n\t\t\t\t\t\t\t\tdata-type=\"shape\"\n\t\t\t\t\t\t\t\tdata-rsp_ch=\"on\"\n\t\t\t\t\t\t\t\tdata-xy=\"x:1760px;y:25px;\"\n\t\t\t\t\t\t\t\tdata-text=\"a:inherit;\"\n\t\t\t\t\t\t\t\tdata-dim=\"w:137px;h:133px;\"\n\t\t\t\t\t\t\t\tdata-frame_999=\"o:0;st:w;sR:4700;\"\n\t\t\t\t\t\t\t\tstyle=\"z-index:8;background-color:rgba(0,0,0,0);\"\n\t\t\t\t\t\t\t> \n\t\t\t\t\t\t\t<\/rs-layer><!--\n-->\t\t\t\t\t<\/rs-slide>\n\t\t\t\t\t<\/rs-slides>\n\t\t\t\t<\/rs-module>\n\t\t\t\t<script>\n\t\t\t\t\tsetREVStartSize({c: 'rev_slider_3_1',rl:[1240,1024,778,480],el:[384],gw:[1920],gh:[384],type:'standard',justify:'',layout:'fullwidth',mh:\"0\"});if (window.RS_MODULES!==undefined && window.RS_MODULES.modules!==undefined && window.RS_MODULES.modules[\"revslider31\"]!==undefined) {window.RS_MODULES.modules[\"revslider31\"].once = false;window.revapi3 = undefined;if (window.RS_MODULES.checkMinimal!==undefined) window.RS_MODULES.checkMinimal()}\n\t\t\t\t<\/script>\n\t\t\t<\/rs-module-wrap>\n\t\t\t<!-- END REVOLUTION SLIDER -->\n[\/vc_column][\/vc_row][vc_row][vc_column][vc_single_image image=&#8221;3491&#8243; img_size=&#8221;full&#8221; alignment=&#8221;center&#8221; style=&#8221;vc_box_shadow_border&#8221;][vc_column_text]<\/p>\n<h3>Oturum-2: \u0130leri Teknolojilerin S\u00fcrd\u00fcr\u00fclebilirli\u011fi<\/h3>\n<p>Dijital \u00e7a\u011fda yenilik\u00e7i teknolojilerin ba\u015f d\u00f6nd\u00fcr\u00fcc\u00fc bir h\u0131zla geli\u015fimi, ekonomik ve sosyal hayat\u0131 k\u00f6kten de\u011fi\u015ftirmekte ve \u00fclkelerin gelece\u011fini \u015fekillendirmektedir. Katma de\u011feri y\u00fcksek yenilik\u00e7i teknolojilerin \u00f6zg\u00fcn ve milli kabiliyetlerle geli\u015ftirilebilmesi ise teknolojik ba\u011f\u0131ms\u0131zl\u0131\u011f\u0131n en b\u00fcy\u00fck dayana\u011f\u0131 haline gelmi\u015ftir. \u00dclkemizin ikinci y\u00fczy\u0131l\u0131na y\u00f6n veren teknoloji geli\u015ftirme politika ve stratejilerinin yenilik\u00e7i teknolojilerde d\u0131\u015fa ba\u011f\u0131ml\u0131l\u0131\u011f\u0131 asgari seviyeye indirecek \u015fekilde planlanmas\u0131 \u00f6nem arz etmektedir.<\/p>\n<p>T\u00fcrkiye\u2019nin ikinci y\u00fczy\u0131l\u0131na y\u00f6n veren, ye\u015fil d\u00f6n\u00fc\u015f\u00fcme uygun ve toplumsal d\u00f6n\u00fc\u015f\u00fcm\u00fc destekleyen yenilik\u00e7i teknolojilerin geli\u015ftirilmesi ve kritik altyap\u0131larda kullan\u0131lmas\u0131na y\u00f6nelik hususlar t\u00fcm dayanaklar g\u00f6z \u00f6n\u00fcnde bulundurularak insan, s\u00fcre\u00e7, teknoloji, hukuk, ekonomi ve \u00e7evre boyutlar\u0131yla tart\u0131\u015f\u0131lacakt\u0131r.[\/vc_column_text][\/vc_column][\/vc_row]<\/p>\n<\/div>","protected":false},"excerpt":{"rendered":"<p>[vc_row full_width=&#8221;stretch_row&#8221;][vc_column][\/vc_column][\/vc_row][vc_row][vc_column][vc_single_image image=&#8221;3491&#8243; img_size=&#8221;full&#8221; alignment=&#8221;center&#8221; style=&#8221;vc_box_shadow_border&#8221;][vc_column_text] Oturum-2: \u0130leri Teknolojilerin S\u00fcrd\u00fcr\u00fclebilirli\u011fi Dijital \u00e7a\u011fda yenilik\u00e7i teknolojilerin ba\u015f d\u00f6nd\u00fcr\u00fcc\u00fc bir h\u0131zla geli\u015fimi, ekonomik ve sosyal hayat\u0131 k\u00f6kten de\u011fi\u015ftirmekte ve \u00fclkelerin gelece\u011fini \u015fekillendirmektedir. Katma de\u011feri y\u00fcksek yenilik\u00e7i teknolojilerin \u00f6zg\u00fcn ve milli kabiliyetlerle geli\u015ftirilebilmesi ise teknolojik ba\u011f\u0131ms\u0131zl\u0131\u011f\u0131n en b\u00fcy\u00fck dayana\u011f\u0131 haline gelmi\u015ftir. \u00dclkemizin ikinci y\u00fczy\u0131l\u0131na y\u00f6n veren teknoloji geli\u015ftirme politika&nbsp;<\/p>\n<p><a class=\"btn btn-style\" href=\"https:\/\/www.kamubib-bimy.org\/2023\/oturumlar\/oturum-2-ileri-teknolojilerin-surdurulebilirligi\">Devam\u0131n\u0131 Oku<\/a><\/p>\n","protected":false},"author":5,"featured_media":0,"parent":706,"menu_order":0,"comment_status":"closed","ping_status":"closed","template":"homepage.php","meta":{"footnotes":""},"class_list":["post-2432","page","type-page","status-publish","hentry"],"_links":{"self":[{"href":"https:\/\/www.kamubib-bimy.org\/2023\/wp-json\/wp\/v2\/pages\/2432","targetHints":{"allow":["GET"]}}],"collection":[{"href":"https:\/\/www.kamubib-bimy.org\/2023\/wp-json\/wp\/v2\/pages"}],"about":[{"href":"https:\/\/www.kamubib-bimy.org\/2023\/wp-json\/wp\/v2\/types\/page"}],"author":[{"embeddable":true,"href":"https:\/\/www.kamubib-bimy.org\/2023\/wp-json\/wp\/v2\/users\/5"}],"replies":[{"embeddable":true,"href":"https:\/\/www.kamubib-bimy.org\/2023\/wp-json\/wp\/v2\/comments?post=2432"}],"version-history":[{"count":0,"href":"https:\/\/www.kamubib-bimy.org\/2023\/wp-json\/wp\/v2\/pages\/2432\/revisions"}],"up":[{"embeddable":true,"href":"https:\/\/www.kamubib-bimy.org\/2023\/wp-json\/wp\/v2\/pages\/706"}],"wp:attachment":[{"href":"https:\/\/www.kamubib-bimy.org\/2023\/wp-json\/wp\/v2\/media?parent=2432"}],"curies":[{"name":"wp","href":"https:\/\/api.w.org\/{rel}","templated":true}]}}