{"id":2,"date":"2017-09-22T11:15:18","date_gmt":"2017-09-22T08:15:18","guid":{"rendered":"http:\/\/kamubib-bimy.org\/?page_id=2"},"modified":"2023-11-20T16:30:50","modified_gmt":"2023-11-20T13:30:50","slug":"anasayfa","status":"publish","type":"page","link":"https:\/\/www.kamubib-bimy.org\/2023\/","title":{"rendered":"ANASAYFA"},"content":{"rendered":"<div class=\"wpb-content-wrapper\"><p>[vc_row full_width=&#8221;stretch_row&#8221;][vc_column]\n\t\t\t<!-- START anasayfason REVOLUTION SLIDER 6.7.41 --><p class=\"rs-p-wp-fix\"><\/p>\n\t\t\t<rs-module-wrap id=\"rev_slider_3_1_wrapper\" data-source=\"gallery\" style=\"visibility:hidden;background:transparent;padding:0;margin:0px auto;margin-top:0;margin-bottom:0;\">\n\t\t\t\t<rs-module id=\"rev_slider_3_1\" style=\"\" data-version=\"6.7.41\">\n\t\t\t\t\t<rs-slides style=\"overflow: hidden; position: absolute;\">\n\t\t\t\t\t\t<rs-slide style=\"position: absolute;\" data-key=\"rs-18\" data-title=\"Slide\" data-anim=\"adpr:false;p:transparent;\" data-in=\"o:0;\" data-out=\"o:0;\">\n\t\t\t\t\t\t\t<img decoding=\"async\" src=\"\/\/www.kamubib-bimy.org\/2023\/wp-content\/plugins\/revslider\/sr6\/assets\/assets\/dummy.png\" alt=\"Slide\" title=\"ANASAYFA\" class=\"rev-slidebg tp-rs-img rs-lazyload\" data-lazyload=\"\/\/www.kamubib-bimy.org\/2023\/wp-content\/plugins\/revslider\/sr6\/assets\/assets\/transparent.png\" data-no-retina>\n<!--\n\t\t\t\t\t\t\t--><rs-layer\n\t\t\t\t\t\t\t\tid=\"slider-3-slide-18-layer-20\" \n\t\t\t\t\t\t\t\tdata-type=\"image\"\n\t\t\t\t\t\t\t\tdata-rsp_ch=\"on\"\n\t\t\t\t\t\t\t\tdata-text=\"l:22;a:inherit;\"\n\t\t\t\t\t\t\t\tdata-dim=\"w:1920px;h:384px;\"\n\t\t\t\t\t\t\t\tdata-frame_999=\"o:0;st:w;sR:4700;\"\n\t\t\t\t\t\t\t\tstyle=\"z-index:5;\"\n\t\t\t\t\t\t\t><img decoding=\"async\" src=\"\/\/www.kamubib-bimy.org\/2023\/wp-content\/plugins\/revslider\/sr6\/assets\/assets\/dummy.png\" alt=\"\" class=\"tp-rs-img rs-lazyload\" width=\"1920\" height=\"384\" data-lazyload=\"\/\/www.kamubib-bimy.org\/2023\/wp-content\/uploads\/2023\/07\/slider-b.jpg\" data-no-retina> \n\t\t\t\t\t\t\t<\/rs-layer><!--\n\n\t\t\t\t\t\t\t--><rs-layer\n\t\t\t\t\t\t\t\tid=\"slider-3-slide-18-layer-21\" \n\t\t\t\t\t\t\t\tclass=\"tp-shape tp-shapewrapper\"\n\t\t\t\t\t\t\t\tdata-type=\"shape\"\n\t\t\t\t\t\t\t\tdata-rsp_ch=\"on\"\n\t\t\t\t\t\t\t\tdata-xy=\"x:49px;y:43px;\"\n\t\t\t\t\t\t\t\tdata-text=\"a:inherit;\"\n\t\t\t\t\t\t\t\tdata-dim=\"w:139px;h:133px;\"\n\t\t\t\t\t\t\t\tdata-frame_999=\"o:0;st:w;sR:4700;\"\n\t\t\t\t\t\t\t\tstyle=\"z-index:6;background-color:rgba(0,0,0,0);\"\n\t\t\t\t\t\t\t> \n\t\t\t\t\t\t\t<\/rs-layer><!--\n\n\t\t\t\t\t\t\t--><rs-layer\n\t\t\t\t\t\t\t\tid=\"slider-3-slide-18-layer-22\" \n\t\t\t\t\t\t\t\tclass=\"tp-shape tp-shapewrapper\"\n\t\t\t\t\t\t\t\tdata-type=\"shape\"\n\t\t\t\t\t\t\t\tdata-rsp_ch=\"on\"\n\t\t\t\t\t\t\t\tdata-xy=\"x:1632px;y:11px;\"\n\t\t\t\t\t\t\t\tdata-text=\"a:inherit;\"\n\t\t\t\t\t\t\t\tdata-dim=\"w:109px;h:154px;\"\n\t\t\t\t\t\t\t\tdata-frame_999=\"o:0;st:w;sR:4700;\"\n\t\t\t\t\t\t\t\tstyle=\"z-index:7;background-color:rgba(0,0,0,0);\"\n\t\t\t\t\t\t\t> \n\t\t\t\t\t\t\t<\/rs-layer><!--\n\n\t\t\t\t\t\t\t--><rs-layer\n\t\t\t\t\t\t\t\tid=\"slider-3-slide-18-layer-23\" \n\t\t\t\t\t\t\t\tclass=\"tp-shape tp-shapewrapper\"\n\t\t\t\t\t\t\t\tdata-type=\"shape\"\n\t\t\t\t\t\t\t\tdata-rsp_ch=\"on\"\n\t\t\t\t\t\t\t\tdata-xy=\"x:1760px;y:25px;\"\n\t\t\t\t\t\t\t\tdata-text=\"a:inherit;\"\n\t\t\t\t\t\t\t\tdata-dim=\"w:137px;h:133px;\"\n\t\t\t\t\t\t\t\tdata-frame_999=\"o:0;st:w;sR:4700;\"\n\t\t\t\t\t\t\t\tstyle=\"z-index:8;background-color:rgba(0,0,0,0);\"\n\t\t\t\t\t\t\t> \n\t\t\t\t\t\t\t<\/rs-layer><!--\n-->\t\t\t\t\t<\/rs-slide>\n\t\t\t\t\t<\/rs-slides>\n\t\t\t\t<\/rs-module>\n\t\t\t\t<script>\n\t\t\t\t\tsetREVStartSize({c: 'rev_slider_3_1',rl:[1240,1024,778,480],el:[384],gw:[1920],gh:[384],type:'standard',justify:'',layout:'fullwidth',mh:\"0\"});if (window.RS_MODULES!==undefined && window.RS_MODULES.modules!==undefined && window.RS_MODULES.modules[\"revslider31\"]!==undefined) {window.RS_MODULES.modules[\"revslider31\"].once = false;window.revapi3 = undefined;if (window.RS_MODULES.checkMinimal!==undefined) window.RS_MODULES.checkMinimal()}\n\t\t\t\t<\/script>\n\t\t\t<\/rs-module-wrap>\n\t\t\t<!-- END REVOLUTION SLIDER -->\n[\/vc_column][\/vc_row][vc_row css=&#8221;.vc_custom_1700486959854{background-color: #dd3333 !important;}&#8221;][vc_column][vc_column_text]<\/p>\n<h2 style=\"text-align: center;\"><span style=\"color: #ffffff;\">TBD Kamu-B\u0130B&#8217;26 ve B\u0130MY\u201930 B\u00fct\u00fcnle\u015fik Etkinli\u011finin SPONSORLUK ve OTEL KATILIM KONTENJANLARI DOLMU\u015eTUR.<\/span><\/h2>\n<h2 style=\"text-align: center;\"><span style=\"color: #ffffff;\">\u0130LG\u0130N\u0130ZE TE\u015eEKK\u00dcR EDER\u0130Z.<\/span><\/h2>\n<p>[\/vc_column_text][\/vc_column][\/vc_row][vc_row full_width=&#8221;stretch_row&#8221; css=&#8221;.vc_custom_1700486979514{background-color: #0b0b5e !important;}&#8221;][vc_column][vc_column_text]<\/p>\n<h3 style=\"text-align: left;\"><span style=\"color: #f4ea73;\">De\u011ferli Bili\u015fimciler<\/span><\/h3>\n<h3 style=\"text-align: center;\"><span style=\"color: #f4ea73; line-height: 1.6;\">T\u00fcrkiye Bili\u015fim Derne\u011fi&#8217;nden resmi kay\u0131t yapt\u0131rmayan hi\u00e7bir ki\u015fi ve\/veya kurum personelinin TBD Kamu-B\u0130B&#8217;26 ve B\u0130MY\u201930 B\u00fct\u00fcnle\u015fik Etkinli\u011fi&#8217;ne kat\u0131l\u0131m\u0131 kesinlikle m\u00fcmk\u00fcn olmayacakt\u0131r.<\/span><\/h3>\n<p>[\/vc_column_text][\/vc_column][\/vc_row][vc_row][vc_column width=&#8221;5\/6&#8243;][vc_column_text]<\/p>\n<p style=\"text-align: center;\">TBD Kamu-B\u0130B&#8217;26 ve B\u0130MY\u201930 B\u00fct\u00fcnle\u015fik Etkinli\u011fi<br \/>\nCumhurba\u015fkanl\u0131\u011f\u0131, Ba\u011fl\u0131 Kurulu\u015flar, Bakanl\u0131klar, Yerel Y\u00f6netimler, \u00dcniversite, \u00d6zel Sekt\u00f6r, STK Temsilcileri, Bilim \u0130nsanlar\u0131, Bili\u015fim Profesyonelleri ve Uzmanlar\u0131n\u0131n kat\u0131l\u0131m\u0131 ile<\/p>\n<p style=\"text-align: center;\"><strong>23 &#8211; 26 Kas\u0131m 2023<\/strong>\u00a0tarihlerinde<\/p>\n<p style=\"text-align: center;\"><strong>Do\u011fal Afetlere Dayan\u0131kl\u0131 Kritik Altyap\u0131lar<\/strong> Ana Temas\u0131 ile<\/p>\n<p style=\"text-align: center;\"><strong>Bellis Deluxe Hotel \/ Antalya<\/strong>&#8216;da ger\u00e7ekle\u015ftiriliyor.<\/p>\n<p style=\"text-align: justify;\">1995 y\u0131l\u0131nda bili\u015fim politikalar\u0131n\u0131n olu\u015fmas\u0131na ve toplumun e-d\u00f6n\u00fc\u015f\u00fcm\u00fcne katk\u0131 sa\u011flamak\u00a0amac\u0131yla kurulmu\u015f olan Kamu-B\u0130B Kamu Bili\u015fim Merkezleri Y\u00f6neticileri Birli\u011fi\u2019nin temel\u00a0amac\u0131 \u00e7\u00f6z\u00fcm \u00fcretmek ve yol g\u00f6stermek suretiyle kamunun bili\u015fim alan\u0131ndaki etkinli\u011finin ve\u00a0fark\u0131ndal\u0131\u011f\u0131n\u0131n art\u0131r\u0131lmas\u0131d\u0131r. G\u00f6n\u00fcll\u00fc \u00fcyeleri ve uzmanlar\u0131n\u0131n katk\u0131lar\u0131yla, d\u00f6nemsel olarak belirlenen konularda raporlar haz\u0131rlamakta, kamuoyu ile payla\u015fmaktad\u0131r. Bir \u201cKamu Bili\u015fim\u00a0Markas\u0131\u201d olan TBD Kamu-B\u0130B, 1999 y\u0131l\u0131ndan bu g\u00fcne ger\u00e7ekle\u015ftirdi\u011fi etkinliklerle KAMU, \u00dcN\u0130VERS\u0130TE ve \u00d6ZEL SEKT\u00d6R B\u0130L\u0130\u015e\u0130M Y\u00d6NET\u0130C\u0130LER\u0130N\u0130N, kamuda politika belirleyici ve karar al\u0131c\u0131lar\u0131n ortak bulu\u015fma noktas\u0131 olmu\u015ftur.<\/p>\n<p style=\"text-align: justify;\">Kamu-B\u0130B Kamu Bili\u015fim Merkezleri Y\u00f6neticileri Birli\u011fi, her sene \u00f6zellikle kamu bili\u015fim faaliyetlerinde ortaya \u00e7\u0131kan sorunlara ortak \u00e7\u00f6z\u00fcm aray\u0131\u015flar\u0131, kamu bili\u015fim projelerinde kazan\u0131lan tecr\u00fcbelerin payla\u015f\u0131m\u0131, d\u00fcnyada ve \u00fclkemizde bili\u015fim teknolojilerindeki yenilikler ve bu yeniliklerden yararlanarak etkin, verimli ve kamu hizmetlerinde iyile\u015ftirici projeler olu\u015fturma fikirlerinin olu\u015fturuldu\u011fu ve kamu bili\u015fim yat\u0131r\u0131mlar\u0131na y\u00f6n verici fikir ve \u00f6nerilerin tart\u0131\u015f\u0131ld\u0131\u011f\u0131 toplant\u0131lard\u0131r. Kamu-B\u0130B toplant\u0131lar\u0131 sorunlar\u0131n tespiti, sorunlar\u0131 bizzat\u00a0ya\u015fayanlar\u0131n ortak ak\u0131lla ortaya koyduklar\u0131 \u00e7\u00f6z\u00fcm \u00f6nerileri ile farkl\u0131 bak\u0131\u015f a\u00e7\u0131lar\u0131n\u0131n\u00a0geli\u015ftirilmesiyle kamuda verimlili\u011fe do\u011frudan katk\u0131 sa\u011flamas\u0131 y\u00f6n\u00fcyle \u201cKamuda Verimlilik\u00a0Toplant\u0131lar\u0131\u201d olarak da bilinmektedir.<\/p>\n<p>Amac\u0131, \u00fclkemizin bili\u015fim toplumuna ge\u00e7i\u015f \u00e7al\u0131\u015fmalar\u0131nda ;<\/p>\n<ul>\n<li>Kamu Bilgi \u0130\u015flem Birimleri ve sekt\u00f6rel kat\u0131l\u0131m ile bili\u015fim teknolojilerinin etkili ve yayg\u0131n\u00a0kullan\u0131m\u0131,<\/li>\n<li>Kamu kurumlar\u0131n\u0131n hizmetlerini etkin ve verimli sunabilmesi i\u00e7in ulusal bili\u015fim\u00a0politikalar\u0131n\u0131n olu\u015fturulmas\u0131na katk\u0131 sa\u011flanmas\u0131,<\/li>\n<li>Bilgi \u0130\u015flem Birimleri aras\u0131nda bilgi payla\u015f\u0131m\u0131n\u0131n art\u0131r\u0131lmas\u0131,<\/li>\n<li>Mesleki dayan\u0131\u015fman\u0131n geli\u015ftirilmesi,<\/li>\n<li>Sorunlara ortak \u00e7\u00f6z\u00fcmler olu\u015fturulmas\u0131<\/li>\n<\/ul>\n<p>konular\u0131nda fark\u0131ndal\u0131k yaratmak ve sinerji olu\u015fturmakt\u0131r.<\/p>\n<p style=\"text-align: justify;\"><strong>23 &#8211; 26 Kas\u0131m 2023<\/strong> tarihleri aras\u0131nda <strong>\u201cDo\u011fal Afetlere Dayan\u0131kl\u0131 Kritik Altyap\u0131lar\u201d<\/strong> ana temas\u0131 ile<strong> Bellis Deluxe Hotel \/ Antalya<\/strong>\u2019da <strong>yirmi alt\u0131nc\u0131s\u0131n\u0131<\/strong> d\u00fczenleyece\u011fimiz \u201cKamu-B\u0130B\u201d ile <strong>otuzuncusunu<\/strong> d\u00fczenleyece\u011fimiz \u201cB\u0130MY\u201d b\u00fct\u00fcnle\u015fik etkinli\u011fi \u00dclkemizde Dijital D\u00f6n\u00fc\u015f\u00fcm Politikalar\u0131n\u0131n ve Uygulamalar\u0131n\u0131n t\u00fcm sekt\u00f6rler i\u00e7in konu\u015fulaca\u011f\u0131 bir platform olacak ve kamu, \u00fcniversite ve \u00f6zel sekt\u00f6r bili\u015fim y\u00f6neticilerinin ve bu alandaki t\u00fcm payda\u015flar\u0131n ortak bulu\u015fma noktas\u0131 olacakt\u0131r.<\/p>\n<p>[\/vc_column_text][vc_gallery type=&#8221;image_grid&#8221; images=&#8221;3402,3403,3404,3405,3406,3407,3408,3409,3410,3411,3412&#8243; img_size=&#8221;medium&#8221;][\/vc_column][vc_column width=&#8221;1\/6&#8243;][vc_column_text]<img decoding=\"async\" class=\"sponsor\" src=\"http:\/\/kamubib-bimy.org\/wp-content\/uploads\/2017\/09\/ce-logo.jpg\" width=\"100%\" \/>[\/vc_column_text][vc_column_text]<img decoding=\"async\" class=\"sponsor\" src=\"http:\/\/kamubib-bimy.org\/wp-content\/uploads\/2017\/09\/ECSM-5thAnniversary-logo.jpg\" width=\"100%\" \/>[\/vc_column_text][vc_column_text]<img decoding=\"async\" class=\"sponsor\" src=\"http:\/\/kamubib-bimy.org\/wp-content\/uploads\/2017\/09\/enisa-logo.jpg\" width=\"100%\" \/>[\/vc_column_text][\/vc_column][\/vc_row]<\/p>\n<\/div>","protected":false},"excerpt":{"rendered":"<p>[vc_row full_width=&#8221;stretch_row&#8221;][vc_column][\/vc_column][\/vc_row][vc_row css=&#8221;.vc_custom_1700486959854{background-color: #dd3333 !important;}&#8221;][vc_column][vc_column_text] TBD Kamu-B\u0130B&#8217;26 ve B\u0130MY\u201930 B\u00fct\u00fcnle\u015fik Etkinli\u011finin SPONSORLUK ve OTEL KATILIM KONTENJANLARI DOLMU\u015eTUR. \u0130LG\u0130N\u0130ZE TE\u015eEKK\u00dcR EDER\u0130Z. [\/vc_column_text][\/vc_column][\/vc_row][vc_row full_width=&#8221;stretch_row&#8221; css=&#8221;.vc_custom_1700486979514{background-color: #0b0b5e !important;}&#8221;][vc_column][vc_column_text] De\u011ferli Bili\u015fimciler T\u00fcrkiye Bili\u015fim Derne\u011fi&#8217;nden resmi kay\u0131t yapt\u0131rmayan hi\u00e7bir ki\u015fi ve\/veya kurum personelinin TBD Kamu-B\u0130B&#8217;26 ve B\u0130MY\u201930 B\u00fct\u00fcnle\u015fik Etkinli\u011fi&#8217;ne kat\u0131l\u0131m\u0131 kesinlikle m\u00fcmk\u00fcn olmayacakt\u0131r. [\/vc_column_text][\/vc_column][\/vc_row][vc_row][vc_column width=&#8221;5\/6&#8243;][vc_column_text] TBD Kamu-B\u0130B&#8217;26 ve B\u0130MY\u201930 B\u00fct\u00fcnle\u015fik&nbsp;<\/p>\n<p><a class=\"btn btn-style\" href=\"https:\/\/www.kamubib-bimy.org\/2023\/\">Devam\u0131n\u0131 Oku<\/a><\/p>\n","protected":false},"author":5,"featured_media":0,"parent":0,"menu_order":0,"comment_status":"closed","ping_status":"closed","template":"homepage.php","meta":{"footnotes":""},"class_list":["post-2","page","type-page","status-publish","hentry"],"_links":{"self":[{"href":"https:\/\/www.kamubib-bimy.org\/2023\/wp-json\/wp\/v2\/pages\/2","targetHints":{"allow":["GET"]}}],"collection":[{"href":"https:\/\/www.kamubib-bimy.org\/2023\/wp-json\/wp\/v2\/pages"}],"about":[{"href":"https:\/\/www.kamubib-bimy.org\/2023\/wp-json\/wp\/v2\/types\/page"}],"author":[{"embeddable":true,"href":"https:\/\/www.kamubib-bimy.org\/2023\/wp-json\/wp\/v2\/users\/5"}],"replies":[{"embeddable":true,"href":"https:\/\/www.kamubib-bimy.org\/2023\/wp-json\/wp\/v2\/comments?post=2"}],"version-history":[{"count":0,"href":"https:\/\/www.kamubib-bimy.org\/2023\/wp-json\/wp\/v2\/pages\/2\/revisions"}],"wp:attachment":[{"href":"https:\/\/www.kamubib-bimy.org\/2023\/wp-json\/wp\/v2\/media?parent=2"}],"curies":[{"name":"wp","href":"https:\/\/api.w.org\/{rel}","templated":true}]}}