{"id":85,"date":"2017-09-27T13:31:23","date_gmt":"2017-09-27T10:31:23","guid":{"rendered":"http:\/\/kamubib-bimy.org\/?page_id=85"},"modified":"2020-09-15T14:42:52","modified_gmt":"2020-09-15T11:42:52","slug":"iletisim","status":"publish","type":"page","link":"https:\/\/www.kamubib-bimy.org\/2022\/iletisim","title":{"rendered":"\u0130LET\u0130\u015e\u0130M"},"content":{"rendered":"<div class=\"wpb-content-wrapper\"><p>[vc_row full_width=&#8221;stretch_row&#8221;][vc_column][\/vc_column][\/vc_row][vc_row full_width=&#8221;stretch_row&#8221; css=&#8221;.vc_custom_1506693243611{margin-bottom: 100px !important;}&#8221;][vc_column][vc_single_image image=&#8221;15&#8243; img_size=&#8221;full&#8221;][vc_column_text]<span style=\"color: #800000;\"><strong><em>KAMU KURUMLARI KATILIM KAYIT<\/em><\/strong><\/span><\/p>\n<p><strong>Serap<\/strong> <strong>ALTAN\u00a0\u00a0\u00a0\u00a0\u00a0\u00a0\u00a0\u00a0\u00a0\u00a0\u00a0\u00a0\u00a0\u00a0\u00a0\u00a0 TBD Temsilcisi <\/strong><\/p>\n<p><strong>E-posta \u00a0\u00a0\u00a0\u00a0\u00a0\u00a0\u00a0\u00a0\u00a0\u00a0\u00a0\u00a0\u00a0\u00a0\u00a0\u00a0\u00a0\u00a0\u00a0\u00a0\u00a0\u00a0\u00a0\u00a0\u00a0\u00a0 <\/strong><a href=\"mailto:\/\/serap.altan@tbd.org.tr\">serap.altan@tbd.org.tr<\/a><\/p>\n<p><strong>Tel<\/strong><strong> \u00a0\u00a0\u00a0\u00a0\u00a0\u00a0\u00a0\u00a0\u00a0\u00a0\u00a0\u00a0\u00a0\u00a0\u00a0\u00a0\u00a0\u00a0\u00a0\u00a0\u00a0\u00a0\u00a0\u00a0\u00a0\u00a0\u00a0\u00a0\u00a0\u00a0\u00a0\u00a0\u00a0\u00a0\u00a0 <\/strong>0 (312) 473 82 15<\/p>\n<p><strong>\u00a0<\/strong><\/p>\n<p><span style=\"color: #800000;\"><strong><em>BASIN MEDYA, \u00c7A\u011eRILI KONU\u015eMACILAR<\/em><\/strong><\/span><\/p>\n<p><b>Ye\u015fim ERGUN<\/b>\u00a0<strong>\u00a0 \u00a0 \u00a0 \u00a0 \u00a0 \u00a0 \u00a0 \u00a0 \u00a0 TBD Temsilcisi <\/strong><\/p>\n<p><strong>E-posta \u00a0\u00a0\u00a0\u00a0\u00a0\u00a0\u00a0\u00a0\u00a0\u00a0\u00a0\u00a0\u00a0\u00a0\u00a0\u00a0\u00a0\u00a0\u00a0\u00a0\u00a0\u00a0\u00a0\u00a0\u00a0\u00a0 <\/strong><a href=\"mailto:yesim@tbd.org.tr\" target=\"_blank\" rel=\"noopener noreferrer\">yesim@tbd.org.tr<\/a><\/p>\n<p><strong>Tel<\/strong><strong> \u00a0\u00a0\u00a0\u00a0\u00a0\u00a0\u00a0\u00a0\u00a0\u00a0\u00a0\u00a0\u00a0\u00a0\u00a0\u00a0\u00a0\u00a0\u00a0\u00a0\u00a0\u00a0\u00a0\u00a0\u00a0\u00a0\u00a0\u00a0\u00a0\u00a0\u00a0\u00a0\u00a0\u00a0\u00a0 <\/strong>0 (312) 473 82 15<\/p>\n<p><strong>\u00a0<\/strong><\/p>\n<p><span style=\"color: #800000;\"><strong><em>SPONSORLUK \u0130LET\u0130\u015e\u0130M<\/em><\/strong><\/span><\/p>\n<p><strong>Ceren TUN\u00c7\u00a0 \u00a0 \u00a0 \u00a0 \u00a0 \u00a0 \u00a0 \u00a0 \u00a0 \u00a0 \u00a0 TBD Temsilcisi <\/strong><\/p>\n<p><strong>E-posta \u00a0\u00a0\u00a0\u00a0\u00a0\u00a0\u00a0\u00a0\u00a0\u00a0\u00a0\u00a0\u00a0\u00a0\u00a0\u00a0\u00a0\u00a0\u00a0\u00a0\u00a0\u00a0\u00a0\u00a0\u00a0\u00a0 <\/strong><a href=\"mailto:ceren.tunc@tbd.org.tr\" target=\"_blank\" rel=\"noopener noreferrer\">ceren.tunc@tbd.org.tr<\/a><\/p>\n<p><strong>Tel<\/strong><strong> \u00a0\u00a0\u00a0\u00a0\u00a0\u00a0\u00a0\u00a0\u00a0\u00a0\u00a0\u00a0\u00a0\u00a0\u00a0\u00a0\u00a0\u00a0\u00a0\u00a0\u00a0\u00a0\u00a0\u00a0\u00a0\u00a0\u00a0\u00a0\u00a0\u00a0\u00a0\u00a0\u00a0\u00a0\u00a0 <\/strong>0 (312) 473 82 15<\/p>\n<p><strong>\u00a0<\/strong><\/p>\n<p><span style=\"color: #800000;\"><strong><em>\u00dcCRETL\u0130 KATILIMCI KAYIT \u0130LET\u0130\u015e\u0130M <\/em><\/strong><\/span><\/p>\n<p><span style=\"color: #800000;\"><strong><em>SPONSORLAR SERG\u0130\/FUAYE\/SALON ORGAN\u0130ZASYON \u0130LET\u0130\u015e\u0130M<\/em><\/strong><\/span><\/p>\n<p><b>Ye\u015fim ERGUN<\/b>\u00a0<strong>\u00a0 \u00a0 \u00a0 \u00a0 \u00a0 \u00a0 TBD Temsilcisi <\/strong><\/p>\n<p><strong>E-posta \u00a0\u00a0\u00a0\u00a0\u00a0\u00a0\u00a0\u00a0\u00a0\u00a0\u00a0\u00a0\u00a0\u00a0\u00a0\u00a0\u00a0\u00a0\u00a0\u00a0\u00a0\u00a0\u00a0\u00a0\u00a0\u00a0 <\/strong><a href=\"mailto:yesim@tbd.org.tr\" target=\"_blank\" rel=\"noopener noreferrer\">yesim@tbd.org.tr<\/a><\/p>\n<p><strong>Tel<\/strong><strong> \u00a0\u00a0\u00a0\u00a0\u00a0\u00a0\u00a0\u00a0\u00a0\u00a0\u00a0\u00a0\u00a0\u00a0\u00a0\u00a0\u00a0\u00a0\u00a0\u00a0\u00a0\u00a0\u00a0\u00a0\u00a0\u00a0\u00a0\u00a0\u00a0\u00a0\u00a0\u00a0\u00a0\u00a0\u00a0 <\/strong>0 (312) 473 82 15<\/p>\n<p><strong>\u00a0<\/strong><\/p>\n<p><strong>ETK\u0130NL\u0130K WEB S\u0130TES\u0130 \u00a0\u00a0 : <\/strong><a href=\"http:\/\/www.kamubib-bimy.org\/2022\">www.kamubib-bimy.org<\/a><\/p>\n<ul>\n<li>Kay\u0131t formu, \u00f6deme, transfer ve ayr\u0131nt\u0131l\u0131 program ve di\u011fer bilgiler i\u00e7in l\u00fctfen web sitemizi ziyaret ediniz.<\/li>\n<\/ul>\n<p>&nbsp;<\/p>\n<p><strong>SOSYAL MEDYA\u00a0\u00a0\u00a0\u00a0\u00a0\u00a0\u00a0\u00a0\u00a0\u00a0\u00a0\u00a0\u00a0\u00a0 : <\/strong>#KAMUB\u0130B #B\u0130MY #D2KE #TBD<\/p>\n<ul>\n<li>Etkinlik \u00f6ncesi ve sonras\u0131 t\u00fcm payla\u015f\u0131mlar\u0131m\u0131z i\u00e7in yukar\u0131daki etiketler ile arama yap\u0131n\u0131z ve sizde payla\u015f\u0131mlar\u0131n\u0131zda bu etiketlerimizi kullan\u0131n\u0131z.<\/li>\n<\/ul>\n<p><strong>\u00a0<\/strong><\/p>\n<p><strong>TBD WEB S\u0130TES\u0130 \u00a0\u00a0\u00a0\u00a0\u00a0\u00a0\u00a0\u00a0\u00a0\u00a0\u00a0\u00a0 : <\/strong><a href=\"http:\/\/www.tbd.org.tr\">www.tbd.org.tr<\/a><\/p>\n<p><strong>\u00a0<\/strong><\/p>\n<p><strong>TBD<\/strong> <strong>GENEL<\/strong> <strong>MERKEZ<\/strong> <strong>\u0130LET\u0130\u015e\u0130M <\/strong><\/p>\n<p><strong>Tel<\/strong><strong> \u00a0\u00a0\u00a0\u00a0\u00a0\u00a0\u00a0\u00a0\u00a0\u00a0\u00a0\u00a0\u00a0\u00a0\u00a0\u00a0 :<\/strong> 0 (312) 473 82 15<\/p>\n<p><strong>Faks<\/strong><strong>\u00a0\u00a0\u00a0 \u00a0\u00a0\u00a0\u00a0\u00a0\u00a0\u00a0\u00a0\u00a0 : <\/strong>0 (312) 473 82 16<\/p>\n<p><strong>E-Posta \u00a0\u00a0\u00a0\u00a0\u00a0\u00a0\u00a0 :<\/strong> <a href=\"mailto:tbd-merkez@tbd.org.tr\">tbd-merkez@tbd.org.tr<\/a><\/p>\n<p><strong>Adres<\/strong><strong>\u00a0\u00a0 \u00a0\u00a0\u00a0\u00a0\u00a0\u00a0\u00a0\u00a0 :\u00a0<\/strong>Ceyhun Atuf Kansu Caddesi 1246. Sokak No: 4\/17 Balgat \/ ANKARA[\/vc_column_text][\/vc_column][\/vc_row]<\/p>\n<\/div>","protected":false},"excerpt":{"rendered":"<p>[vc_row full_width=&#8221;stretch_row&#8221;][vc_column][\/vc_column][\/vc_row][vc_row full_width=&#8221;stretch_row&#8221; css=&#8221;.vc_custom_1506693243611{margin-bottom: 100px !important;}&#8221;][vc_column][vc_single_image image=&#8221;15&#8243; img_size=&#8221;full&#8221;][vc_column_text]KAMU KURUMLARI KATILIM KAYIT Serap ALTAN\u00a0\u00a0\u00a0\u00a0\u00a0\u00a0\u00a0\u00a0\u00a0\u00a0\u00a0\u00a0\u00a0\u00a0\u00a0\u00a0 TBD Temsilcisi E-posta \u00a0\u00a0\u00a0\u00a0\u00a0\u00a0\u00a0\u00a0\u00a0\u00a0\u00a0\u00a0\u00a0\u00a0\u00a0\u00a0\u00a0\u00a0\u00a0\u00a0\u00a0\u00a0\u00a0\u00a0\u00a0\u00a0 serap.altan@tbd.org.tr Tel \u00a0\u00a0\u00a0\u00a0\u00a0\u00a0\u00a0\u00a0\u00a0\u00a0\u00a0\u00a0\u00a0\u00a0\u00a0\u00a0\u00a0\u00a0\u00a0\u00a0\u00a0\u00a0\u00a0\u00a0\u00a0\u00a0\u00a0\u00a0\u00a0\u00a0\u00a0\u00a0\u00a0\u00a0\u00a0 0 (312) 473 82 15 \u00a0 BASIN MEDYA, \u00c7A\u011eRILI KONU\u015eMACILAR Ye\u015fim ERGUN\u00a0\u00a0 \u00a0 \u00a0 \u00a0 \u00a0 \u00a0 \u00a0 \u00a0 \u00a0 TBD Temsilcisi E-posta \u00a0\u00a0\u00a0\u00a0\u00a0\u00a0\u00a0\u00a0\u00a0\u00a0\u00a0\u00a0\u00a0\u00a0\u00a0\u00a0\u00a0\u00a0\u00a0\u00a0\u00a0\u00a0\u00a0\u00a0\u00a0\u00a0 yesim@tbd.org.tr Tel \u00a0\u00a0\u00a0\u00a0\u00a0\u00a0\u00a0\u00a0\u00a0\u00a0\u00a0\u00a0\u00a0\u00a0\u00a0\u00a0\u00a0\u00a0\u00a0\u00a0\u00a0\u00a0\u00a0\u00a0\u00a0\u00a0\u00a0\u00a0\u00a0\u00a0\u00a0\u00a0\u00a0\u00a0\u00a0 0 (312) 473 82 15 \u00a0 SPONSORLUK \u0130LET\u0130\u015e\u0130M&nbsp;<\/p>\n<p><a class=\"btn btn-style\" href=\"https:\/\/www.kamubib-bimy.org\/2022\/iletisim\">Devam\u0131n\u0131 Oku<\/a><\/p>\n","protected":false},"author":5,"featured_media":0,"parent":0,"menu_order":0,"comment_status":"closed","ping_status":"closed","template":"homepage.php","meta":{"rs_blank_template":"","rs_page_bg_color":"","slide_template_v7":"","footnotes":""},"class_list":["post-85","page","type-page","status-publish","hentry"],"_links":{"self":[{"href":"https:\/\/www.kamubib-bimy.org\/2022\/wp-json\/wp\/v2\/pages\/85","targetHints":{"allow":["GET"]}}],"collection":[{"href":"https:\/\/www.kamubib-bimy.org\/2022\/wp-json\/wp\/v2\/pages"}],"about":[{"href":"https:\/\/www.kamubib-bimy.org\/2022\/wp-json\/wp\/v2\/types\/page"}],"author":[{"embeddable":true,"href":"https:\/\/www.kamubib-bimy.org\/2022\/wp-json\/wp\/v2\/users\/5"}],"replies":[{"embeddable":true,"href":"https:\/\/www.kamubib-bimy.org\/2022\/wp-json\/wp\/v2\/comments?post=85"}],"version-history":[{"count":0,"href":"https:\/\/www.kamubib-bimy.org\/2022\/wp-json\/wp\/v2\/pages\/85\/revisions"}],"wp:attachment":[{"href":"https:\/\/www.kamubib-bimy.org\/2022\/wp-json\/wp\/v2\/media?parent=85"}],"curies":[{"name":"wp","href":"https:\/\/api.w.org\/{rel}","templated":true}]}}