{"id":706,"date":"2018-07-14T16:50:37","date_gmt":"2018-07-14T13:50:37","guid":{"rendered":"http:\/\/www.kamubib-bimy.org\/2022\/?page_id=706"},"modified":"2022-09-21T14:21:24","modified_gmt":"2022-09-21T11:21:24","slug":"oturumlar","status":"publish","type":"page","link":"https:\/\/www.kamubib-bimy.org\/2022\/oturumlar","title":{"rendered":"OTURUMLAR"},"content":{"rendered":"<div class=\"wpb-content-wrapper\"><p>[vc_row full_width=&#8221;stretch_row&#8221;][vc_column][rev_slider_vc alias=&#8221;anasayfa-son&#8221;][\/vc_column][\/vc_row][vc_row][vc_column][vc_column_text]<\/p>\n<ul>\n<li><a href=\"https:\/\/www.kamubib-bimy.org\/2022\/oturumlar\/oturum-1-dijital-donusum-politika-ve-stratejileri\">Oturum-1: Dijital D\u00f6n\u00fc\u015f\u00fcm Politika ve Stratejileri<\/a><\/li>\n<li><a href=\"https:\/\/www.kamubib-bimy.org\/2022\/oturumlar\/oturum-2-kamu-bib-calisma-gruplari-calistayi-cg1-cg2\">Oturum 2: Kamu &#8211; B\u0130B \u00c7al\u0131\u015fma Gruplar\u0131 \u00c7al\u0131\u015ftay\u0131 (\u00c7G1 &#8211; \u00c7G2)<\/a><\/li>\n<li><a href=\"https:\/\/www.kamubib-bimy.org\/2022\/oturumlar\/vizyon-2023-4-kamu-ozel-sektor-bulusmasi\">Oturum 3: Vizyon 2023 4. Kamu \u00d6zel Sekt\u00f6r Bulu\u015fmas\u0131<\/a><\/li>\n<li><a href=\"https:\/\/www.kamubib-bimy.org\/2022\/oturumlar\/oturum-4-evren-otesi-ve-siber-guvenlik\">Oturum-4: Evren \u00d6tesi ve Siber G\u00fcvenlik<\/a><\/li>\n<li><a href=\"https:\/\/www.kamubib-bimy.org\/2022\/oturumlar\/oturum-5-dijital-donusum-teknolojileri\">Oturum-5: Dijital D\u00f6n\u00fc\u015f\u00fcm Teknolojileri<\/a><\/li>\n<li><a href=\"https:\/\/www.kamubib-bimy.org\/2022\/oturumlar\/oturum-6-kamu-bib-calisma-gruplari-oturumu\">Oturum-6: Kamu &#8211; B\u0130B \u00c7al\u0131\u015fma Gruplar\u0131 Oturumu<\/a><\/li>\n<li><a href=\"https:\/\/www.kamubib-bimy.org\/2022\/oturumlar\/oturum-7-bt-sektorunde-kuresel-rekabetcilik-ve-dijital-ekonomi\">Oturum-7: BT Sekt\u00f6r\u00fcnde K\u00fcresel Rekabet\u00e7ilik ve Dijital Ekonomi<\/a><\/li>\n<li><a href=\"https:\/\/www.kamubib-bimy.org\/2022\/oturumlar\/oturum-8-savunma-havacilik-ve-uzay-sektorunde-dijital-donusum-ve-guvenlik\">Oturum-8: Savunma Havac\u0131l\u0131k ve Uzay Sekt\u00f6r\u00fcnde Dijital D\u00f6n\u00fc\u015f\u00fcm ve G\u00fcvenlik<\/a><\/li>\n<\/ul>\n<p>[\/vc_column_text][\/vc_column][\/vc_row]<\/p>\n<\/div>","protected":false},"excerpt":{"rendered":"<p>[vc_row full_width=&#8221;stretch_row&#8221;][vc_column][rev_slider_vc alias=&#8221;anasayfa-son&#8221;][\/vc_column][\/vc_row][vc_row][vc_column][vc_column_text] Oturum-1: Dijital D\u00f6n\u00fc\u015f\u00fcm Politika ve Stratejileri Oturum 2: Kamu &#8211; B\u0130B \u00c7al\u0131\u015fma Gruplar\u0131 \u00c7al\u0131\u015ftay\u0131 (\u00c7G1 &#8211; \u00c7G2) Oturum 3: Vizyon 2023 4. Kamu \u00d6zel Sekt\u00f6r Bulu\u015fmas\u0131 Oturum-4: Evren \u00d6tesi ve Siber G\u00fcvenlik Oturum-5: Dijital D\u00f6n\u00fc\u015f\u00fcm Teknolojileri Oturum-6: Kamu &#8211; B\u0130B \u00c7al\u0131\u015fma Gruplar\u0131 Oturumu Oturum-7: BT Sekt\u00f6r\u00fcnde K\u00fcresel Rekabet\u00e7ilik ve Dijital Ekonomi Oturum-8:&nbsp;<\/p>\n<p><a class=\"btn btn-style\" href=\"https:\/\/www.kamubib-bimy.org\/2022\/oturumlar\">Devam\u0131n\u0131 Oku<\/a><\/p>\n","protected":false},"author":5,"featured_media":0,"parent":0,"menu_order":0,"comment_status":"closed","ping_status":"closed","template":"homepage.php","meta":{"rs_blank_template":"","rs_page_bg_color":"","slide_template_v7":"","footnotes":""},"class_list":["post-706","page","type-page","status-publish","hentry"],"_links":{"self":[{"href":"https:\/\/www.kamubib-bimy.org\/2022\/wp-json\/wp\/v2\/pages\/706","targetHints":{"allow":["GET"]}}],"collection":[{"href":"https:\/\/www.kamubib-bimy.org\/2022\/wp-json\/wp\/v2\/pages"}],"about":[{"href":"https:\/\/www.kamubib-bimy.org\/2022\/wp-json\/wp\/v2\/types\/page"}],"author":[{"embeddable":true,"href":"https:\/\/www.kamubib-bimy.org\/2022\/wp-json\/wp\/v2\/users\/5"}],"replies":[{"embeddable":true,"href":"https:\/\/www.kamubib-bimy.org\/2022\/wp-json\/wp\/v2\/comments?post=706"}],"version-history":[{"count":4,"href":"https:\/\/www.kamubib-bimy.org\/2022\/wp-json\/wp\/v2\/pages\/706\/revisions"}],"predecessor-version":[{"id":3056,"href":"https:\/\/www.kamubib-bimy.org\/2022\/wp-json\/wp\/v2\/pages\/706\/revisions\/3056"}],"wp:attachment":[{"href":"https:\/\/www.kamubib-bimy.org\/2022\/wp-json\/wp\/v2\/media?parent=706"}],"curies":[{"name":"wp","href":"https:\/\/api.w.org\/{rel}","templated":true}]}}