{"id":3165,"date":"2022-08-23T19:24:26","date_gmt":"2022-08-23T16:24:26","guid":{"rendered":"https:\/\/www.kamubib-bimy.org\/2022\/?page_id=3165"},"modified":"2022-11-15T21:39:19","modified_gmt":"2022-11-15T18:39:19","slug":"oturum-5-dijital-donusum-teknolojileri","status":"publish","type":"page","link":"https:\/\/www.kamubib-bimy.org\/2022\/oturumlar\/oturum-5-dijital-donusum-teknolojileri","title":{"rendered":"Oturum-5: Dijital D\u00f6n\u00fc\u015f\u00fcm Teknolojileri"},"content":{"rendered":"<div class=\"wpb-content-wrapper\"><p>[vc_row full_width=&#8221;stretch_row&#8221;][vc_column][\/vc_column][\/vc_row][vc_row][vc_column][vc_single_image image=&#8221;3359&#8243; img_size=&#8221;full&#8221; alignment=&#8221;center&#8221; onclick=&#8221;link_image&#8221;][vc_column_text]<\/p>\n<h3>Oturum-5: Dijital D\u00f6n\u00fc\u015f\u00fcm Teknolojileri<\/h3>\n<p>\u0130\u00e7erik Haz\u0131rlan\u0131yor&#8230;[\/vc_column_text][\/vc_column][\/vc_row]<\/p>\n<\/div>","protected":false},"excerpt":{"rendered":"<p>[vc_row full_width=&#8221;stretch_row&#8221;][vc_column][\/vc_column][\/vc_row][vc_row][vc_column][vc_single_image image=&#8221;3359&#8243; img_size=&#8221;full&#8221; alignment=&#8221;center&#8221; onclick=&#8221;link_image&#8221;][vc_column_text] Oturum-5: Dijital D\u00f6n\u00fc\u015f\u00fcm Teknolojileri \u0130\u00e7erik Haz\u0131rlan\u0131yor&#8230;[\/vc_column_text][\/vc_column][\/vc_row]<\/p>\n","protected":false},"author":5,"featured_media":0,"parent":706,"menu_order":0,"comment_status":"closed","ping_status":"closed","template":"","meta":{"rs_blank_template":"","rs_page_bg_color":"","slide_template_v7":"","footnotes":""},"class_list":["post-3165","page","type-page","status-publish","hentry"],"_links":{"self":[{"href":"https:\/\/www.kamubib-bimy.org\/2022\/wp-json\/wp\/v2\/pages\/3165","targetHints":{"allow":["GET"]}}],"collection":[{"href":"https:\/\/www.kamubib-bimy.org\/2022\/wp-json\/wp\/v2\/pages"}],"about":[{"href":"https:\/\/www.kamubib-bimy.org\/2022\/wp-json\/wp\/v2\/types\/page"}],"author":[{"embeddable":true,"href":"https:\/\/www.kamubib-bimy.org\/2022\/wp-json\/wp\/v2\/users\/5"}],"replies":[{"embeddable":true,"href":"https:\/\/www.kamubib-bimy.org\/2022\/wp-json\/wp\/v2\/comments?post=3165"}],"version-history":[{"count":2,"href":"https:\/\/www.kamubib-bimy.org\/2022\/wp-json\/wp\/v2\/pages\/3165\/revisions"}],"predecessor-version":[{"id":3360,"href":"https:\/\/www.kamubib-bimy.org\/2022\/wp-json\/wp\/v2\/pages\/3165\/revisions\/3360"}],"up":[{"embeddable":true,"href":"https:\/\/www.kamubib-bimy.org\/2022\/wp-json\/wp\/v2\/pages\/706"}],"wp:attachment":[{"href":"https:\/\/www.kamubib-bimy.org\/2022\/wp-json\/wp\/v2\/media?parent=3165"}],"curies":[{"name":"wp","href":"https:\/\/api.w.org\/{rel}","templated":true}]}}