{"id":2,"date":"2017-09-22T11:15:18","date_gmt":"2017-09-22T08:15:18","guid":{"rendered":"http:\/\/kamubib-bimy.org\/?page_id=2"},"modified":"2022-11-04T15:09:31","modified_gmt":"2022-11-04T12:09:31","slug":"anasayfa","status":"publish","type":"page","link":"https:\/\/www.kamubib-bimy.org\/2022\/","title":{"rendered":"ANASAYFA"},"content":{"rendered":"<div class=\"wpb-content-wrapper\"><p>[vc_row full_width=&#8221;stretch_row&#8221;][vc_column][\/vc_column][\/vc_row][vc_row][vc_column width=&#8221;5\/6&#8243;]<div class=\"themeum-title  \" style=\"text-align:center;\"><h3 class=\"style-title\" style=\"font-weight:700;font-size:28px;line-height: normal;color:#00137b;\">TBD Kamu-B\u0130B'25 ve B\u0130MY\u201929 B\u00fct\u00fcnle\u015fik Etkinli\u011fi<\/h3><\/div>[vc_column_text]<\/p>\n<h4 style=\"text-align: center;\"><strong><span style=\"color: #ff0000;\">SPONSORLUK ve ANA OTEL KATILIM KONTENJANLARI DOLMU\u015eTUR, \u0130LG\u0130N\u0130ZE TE\u015eEKK\u00dcR EDER\u0130Z.<\/span><\/strong><\/h4>\n<h4><strong>De\u011ferli Bili\u015fimciler<\/strong>,<\/h4>\n<h4>T\u00fcrkiye Bili\u015fim Derne\u011fi&#8217;nden resmi kay\u0131t yapt\u0131rmayan hi\u00e7bir ki\u015fi ve\/veya kurum personelinin TBD Kamu &#8211; B\u0130B&#8217;25 B\u0130MY&#8217;29 B\u00fct\u00fcnle\u015fik Etkinli\u011fi&#8217;ne kat\u0131l\u0131m\u0131 kesinlikle m\u00fcmk\u00fcn olmayacakt\u0131r.<\/h4>\n<h4>Etkinlik otelindeki (Xanadu Resort Hotel) t\u00fcm odalar\u0131m\u0131z dolmu\u015f olup bahsi ge\u00e7en otel kapsam\u0131ndaki sat\u0131\u015flar\u0131m\u0131z durdurulmu\u015ftur; ancak sizlerden gelen yo\u011fun talep \u00fczerine konaklama amac\u0131yla ikinci otel olarak <strong>Spice Hotel &amp; SPA<\/strong> (<a href=\"https:\/\/www.spice.com.tr\/tr\" target=\"_blank\" rel=\"noopener\">https:\/\/www.spice.com.tr\/tr<\/a>) ile anla\u015f\u0131lm\u0131\u015ft\u0131r. Kat\u0131l\u0131m kay\u0131t i\u00e7in <a href=\"https:\/\/www.kamubib-bimy.org\/2022\/katilimci-kayit\">https:\/\/www.kamubib-bimy.org\/2022\/katilimci-kayit<\/a> adresini ziyaret edebilirsiniz.<\/h4>\n<h4 style=\"text-align: center;\"><strong>T\u00dcRK\u0130YE B\u0130L\u0130\u015e\u0130M DERNE\u011e\u0130<\/strong><br \/>\n<strong>ETK\u0130NL\u0130K Y\u00dcR\u00dcTME KURULU<\/strong><\/h4>\n<p>[\/vc_column_text][vc_column_text]<\/p>\n<p style=\"text-align: center;\">TBD Kamu-B\u0130B&#8217;25 ve B\u0130MY\u201929 B\u00fct\u00fcnle\u015fik Etkinli\u011fi<br \/>\nCumhurba\u015fkanl\u0131\u011f\u0131, Ba\u011fl\u0131 Kurulu\u015flar, Bakanl\u0131klar, Yerel Y\u00f6netimler, \u00dcniversite, \u00d6zel Sekt\u00f6r, STK Temsilcileri, Bilim \u0130nsanlar\u0131, Bili\u015fim Profesyonelleri ve Uzmanlar\u0131n\u0131n kat\u0131l\u0131m\u0131 ile<\/p>\n<p style=\"text-align: center;\"><strong>17 &#8211; 20 <\/strong><strong>Kas\u0131m<\/strong><strong> 2022<\/strong>\u00a0tarihlerinde<\/p>\n<p style=\"text-align: center;\"><strong>Xanadu Resort Belek \/ Antalya<\/strong>&#8216;da ger\u00e7ekle\u015ftiriliyor.<\/p>\n<p style=\"text-align: justify;\">1995 y\u0131l\u0131nda bili\u015fim politikalar\u0131n\u0131n olu\u015fmas\u0131na ve toplumun e-d\u00f6n\u00fc\u015f\u00fcm\u00fcne katk\u0131 sa\u011flamak\u00a0amac\u0131yla kurulmu\u015f olan Kamu-B\u0130B Kamu Bili\u015fim Merkezleri Y\u00f6neticileri Birli\u011fi\u2019nin temel\u00a0amac\u0131 \u00e7\u00f6z\u00fcm \u00fcretmek ve yol g\u00f6stermek suretiyle kamunun bili\u015fim alan\u0131ndaki etkinli\u011finin ve\u00a0fark\u0131ndal\u0131\u011f\u0131n\u0131n art\u0131r\u0131lmas\u0131d\u0131r. G\u00f6n\u00fcll\u00fc \u00fcyeleri ve uzmanlar\u0131n\u0131n katk\u0131lar\u0131yla, d\u00f6nemsel olarak belirlenen konularda raporlar haz\u0131rlamakta, kamuoyu ile payla\u015fmaktad\u0131r. Bir \u201cKamu Bili\u015fim\u00a0Markas\u0131\u201d olan TBD Kamu-B\u0130B, 1999 y\u0131l\u0131ndan bu g\u00fcne ger\u00e7ekle\u015ftirdi\u011fi etkinliklerle KAMU, \u00dcN\u0130VERS\u0130TE ve \u00d6ZEL SEKT\u00d6R B\u0130L\u0130\u015e\u0130M Y\u00d6NET\u0130C\u0130LER\u0130N\u0130N, kamuda politika belirleyici ve karar al\u0131c\u0131lar\u0131n ortak bulu\u015fma noktas\u0131 olmu\u015ftur.<\/p>\n<p style=\"text-align: justify;\">Kamu-B\u0130B Kamu Bili\u015fim Merkezleri Y\u00f6neticileri Birli\u011fi, her sene \u00f6zellikle kamu bili\u015fim faaliyetlerinde ortaya \u00e7\u0131kan sorunlara ortak \u00e7\u00f6z\u00fcm aray\u0131\u015flar\u0131, kamu bili\u015fim projelerinde kazan\u0131lan tecr\u00fcbelerin payla\u015f\u0131m\u0131, d\u00fcnyada ve \u00fclkemizde bili\u015fim teknolojilerindeki yenilikler ve bu yeniliklerden yararlanarak etkin, verimli ve kamu hizmetlerinde iyile\u015ftirici projeler olu\u015fturma fikirlerinin olu\u015fturuldu\u011fu ve kamu bili\u015fim yat\u0131r\u0131mlar\u0131na y\u00f6n verici fikir ve \u00f6nerilerin tart\u0131\u015f\u0131ld\u0131\u011f\u0131 toplant\u0131lard\u0131r. Kamu-B\u0130B toplant\u0131lar\u0131 sorunlar\u0131n tespiti, sorunlar\u0131 bizzat\u00a0ya\u015fayanlar\u0131n ortak ak\u0131lla ortaya koyduklar\u0131 \u00e7\u00f6z\u00fcm \u00f6nerileri ile farkl\u0131 bak\u0131\u015f a\u00e7\u0131lar\u0131n\u0131n\u00a0geli\u015ftirilmesiyle kamuda verimlili\u011fe do\u011frudan katk\u0131 sa\u011flamas\u0131 y\u00f6n\u00fcyle \u201cKamuda Verimlilik\u00a0Toplant\u0131lar\u0131\u201d olarak da bilinmektedir.<\/p>\n<p>Amac\u0131, \u00fclkemizin bili\u015fim toplumuna ge\u00e7i\u015f \u00e7al\u0131\u015fmalar\u0131nda ;<\/p>\n<ul>\n<li>Kamu Bilgi \u0130\u015flem Birimleri ve sekt\u00f6rel kat\u0131l\u0131m ile bili\u015fim teknolojilerinin etkili ve yayg\u0131n\u00a0kullan\u0131m\u0131,<\/li>\n<li>Kamu kurumlar\u0131n\u0131n hizmetlerini etkin ve verimli sunabilmesi i\u00e7in ulusal bili\u015fim\u00a0politikalar\u0131n\u0131n olu\u015fturulmas\u0131na katk\u0131 sa\u011flanmas\u0131,<\/li>\n<li>Bilgi \u0130\u015flem Birimleri aras\u0131nda bilgi payla\u015f\u0131m\u0131n\u0131n art\u0131r\u0131lmas\u0131,<\/li>\n<li>Mesleki dayan\u0131\u015fman\u0131n geli\u015ftirilmesi,<\/li>\n<li>Sorunlara ortak \u00e7\u00f6z\u00fcmler olu\u015fturulmas\u0131<\/li>\n<\/ul>\n<p>konular\u0131nda fark\u0131ndal\u0131k yaratmak ve sinerji olu\u015fturmakt\u0131r.<\/p>\n<p style=\"text-align: justify;\"><strong>17 &#8211; 20 Kas\u0131m 2022<\/strong>\u00a0 tarihleri aras\u0131nda <strong>\u201cDijital Gelecek ve \u00d6tesi\u201d<\/strong> ana temas\u0131 ile<strong> Xanadu Resort Belek \/ Antalya<\/strong>\u2019da yirmibe\u015fincisini d\u00fczenleyece\u011fimiz \u201cKamu-B\u0130B\u201d ile yirmidokuzuncusunu d\u00fczenleyece\u011fimiz \u201cB\u0130MY\u201d b\u00fct\u00fcnle\u015fik etkinli\u011fi \u00dclkemizde Dijital D\u00f6n\u00fc\u015f\u00fcm Politikalar\u0131n\u0131n ve Uygulamalar\u0131n\u0131n t\u00fcm sekt\u00f6rler i\u00e7in konu\u015fulaca\u011f\u0131 bir platform olacak ve kamu, \u00fcniversite ve \u00f6zel sekt\u00f6r bili\u015fim y\u00f6neticilerinin ve bu alandaki t\u00fcm payda\u015flar\u0131n ortak bulu\u015fma noktas\u0131 olacakt\u0131r.<\/p>\n<p>[\/vc_column_text][vc_gallery type=&#8221;image_grid&#8221; images=&#8221;1913,1914,1915,1916,1917,1918&#8243; img_size=&#8221;medium&#8221;][\/vc_column][vc_column width=&#8221;1\/6&#8243;][vc_column_text]<img decoding=\"async\" class=\"sponsor\" src=\"http:\/\/kamubib-bimy.org\/wp-content\/uploads\/2017\/09\/ce-logo.jpg\" width=\"100%\" \/>[\/vc_column_text][vc_column_text]<img decoding=\"async\" class=\"sponsor\" src=\"http:\/\/kamubib-bimy.org\/wp-content\/uploads\/2017\/09\/ECSM-5thAnniversary-logo.jpg\" width=\"100%\" \/>[\/vc_column_text][vc_column_text]<img decoding=\"async\" class=\"sponsor\" src=\"http:\/\/kamubib-bimy.org\/wp-content\/uploads\/2017\/09\/enisa-logo.jpg\" width=\"100%\" \/>[\/vc_column_text][\/vc_column][\/vc_row][vc_row][vc_column width=&#8221;1\/2&#8243;][vc_single_image image=&#8221;3331&#8243; img_size=&#8221;full&#8221; alignment=&#8221;center&#8221; style=&#8221;vc_box_shadow_border&#8221; onclick=&#8221;custom_link&#8221; img_link_target=&#8221;_blank&#8221; link=&#8221;https:\/\/www.vodafone.com.tr\/vodafone-business\/cozumler\/vodafone-business-bulut-bilisim-cozumleri?cid=perf-ppc-google-sea-vbu-brand-vodafonebulut_exact-vbuacq-ao-vodafone%20bulut-1022&amp;gclid=EAIaIQobChMI7L7ezK2K-wIVTLvVCh0dZwsyEAAYASAAEgKMnPD_BwE&#8221;][\/vc_column][vc_column width=&#8221;1\/2&#8243;][\/vc_column][\/vc_row]<\/p>\n<\/div>","protected":false},"excerpt":{"rendered":"<p>[vc_row full_width=&#8221;stretch_row&#8221;][vc_column][\/vc_column][\/vc_row][vc_row][vc_column width=&#8221;5\/6&#8243;][vc_column_text] SPONSORLUK ve ANA OTEL KATILIM KONTENJANLARI DOLMU\u015eTUR, \u0130LG\u0130N\u0130ZE TE\u015eEKK\u00dcR EDER\u0130Z. De\u011ferli Bili\u015fimciler, T\u00fcrkiye Bili\u015fim Derne\u011fi&#8217;nden resmi kay\u0131t yapt\u0131rmayan hi\u00e7bir ki\u015fi ve\/veya kurum personelinin TBD Kamu &#8211; B\u0130B&#8217;25 B\u0130MY&#8217;29 B\u00fct\u00fcnle\u015fik Etkinli\u011fi&#8217;ne kat\u0131l\u0131m\u0131 kesinlikle m\u00fcmk\u00fcn olmayacakt\u0131r. Etkinlik otelindeki (Xanadu Resort Hotel) t\u00fcm odalar\u0131m\u0131z dolmu\u015f olup bahsi ge\u00e7en otel kapsam\u0131ndaki sat\u0131\u015flar\u0131m\u0131z durdurulmu\u015ftur; ancak sizlerden gelen&nbsp;<\/p>\n<p><a class=\"btn btn-style\" href=\"https:\/\/www.kamubib-bimy.org\/2022\/\">Devam\u0131n\u0131 Oku<\/a><\/p>\n","protected":false},"author":5,"featured_media":0,"parent":0,"menu_order":0,"comment_status":"closed","ping_status":"closed","template":"homepage.php","meta":{"rs_blank_template":"","rs_page_bg_color":"","slide_template_v7":"","footnotes":""},"class_list":["post-2","page","type-page","status-publish","hentry"],"_links":{"self":[{"href":"https:\/\/www.kamubib-bimy.org\/2022\/wp-json\/wp\/v2\/pages\/2","targetHints":{"allow":["GET"]}}],"collection":[{"href":"https:\/\/www.kamubib-bimy.org\/2022\/wp-json\/wp\/v2\/pages"}],"about":[{"href":"https:\/\/www.kamubib-bimy.org\/2022\/wp-json\/wp\/v2\/types\/page"}],"author":[{"embeddable":true,"href":"https:\/\/www.kamubib-bimy.org\/2022\/wp-json\/wp\/v2\/users\/5"}],"replies":[{"embeddable":true,"href":"https:\/\/www.kamubib-bimy.org\/2022\/wp-json\/wp\/v2\/comments?post=2"}],"version-history":[{"count":8,"href":"https:\/\/www.kamubib-bimy.org\/2022\/wp-json\/wp\/v2\/pages\/2\/revisions"}],"predecessor-version":[{"id":3332,"href":"https:\/\/www.kamubib-bimy.org\/2022\/wp-json\/wp\/v2\/pages\/2\/revisions\/3332"}],"wp:attachment":[{"href":"https:\/\/www.kamubib-bimy.org\/2022\/wp-json\/wp\/v2\/media?parent=2"}],"curies":[{"name":"wp","href":"https:\/\/api.w.org\/{rel}","templated":true}]}}