{"id":74,"date":"2017-09-27T13:27:16","date_gmt":"2017-09-27T10:27:16","guid":{"rendered":"http:\/\/kamubib-bimy.org\/?page_id=74"},"modified":"2021-10-13T18:28:06","modified_gmt":"2021-10-13T15:28:06","slug":"sponsorluk","status":"publish","type":"page","link":"https:\/\/www.kamubib-bimy.org\/2021\/sponsorluk","title":{"rendered":"SPONSORLUK"},"content":{"rendered":"<div class=\"wpb-content-wrapper\"><p>[vc_row full_width=&#8221;stretch_row&#8221;][vc_column][\/vc_column][\/vc_row][vc_row][vc_column][vc_column_text]<\/p>\n<h2 style=\"text-align: center;\">SPONSORLUK KONTENJANIMIZ DOLMU\u015eTUR.<\/h2>\n<h2 style=\"text-align: center;\">\u0130LG\u0130N\u0130ZE TE\u015eEKK\u00dcR EDER\u0130Z&#8230;<\/h2>\n<h3>Di\u011fer etkinliklerimizde sponsor olmak i\u00e7in <a href=\"https:\/\/www.tbd.org.tr\" target=\"_blank\" rel=\"noopener\">T\u00fcrkiye Bili\u015fim Derne\u011fi<\/a> web sitemizi takip edebilirsiniz.<\/h3>\n<h3>Web Sitemiz : <a href=\"https:\/\/www.tbd.org.tr\" target=\"_blank\" rel=\"noopener\">www.tbd.org.tr<\/a><\/h3>\n<p>[\/vc_column_text][\/vc_column][\/vc_row]<\/p>\n<\/div>","protected":false},"excerpt":{"rendered":"<p>[vc_row full_width=&#8221;stretch_row&#8221;][vc_column][\/vc_column][\/vc_row][vc_row][vc_column][vc_column_text] SPONSORLUK KONTENJANIMIZ DOLMU\u015eTUR. \u0130LG\u0130N\u0130ZE TE\u015eEKK\u00dcR EDER\u0130Z&#8230; Di\u011fer etkinliklerimizde sponsor olmak i\u00e7in T\u00fcrkiye Bili\u015fim Derne\u011fi web sitemizi takip edebilirsiniz. Web Sitemiz : www.tbd.org.tr [\/vc_column_text][\/vc_column][\/vc_row]<\/p>\n","protected":false},"author":5,"featured_media":0,"parent":0,"menu_order":0,"comment_status":"closed","ping_status":"closed","template":"homepage.php","meta":{"rs_blank_template":"","rs_page_bg_color":"","slide_template_v7":"","footnotes":""},"class_list":["post-74","page","type-page","status-publish","hentry"],"_links":{"self":[{"href":"https:\/\/www.kamubib-bimy.org\/2021\/wp-json\/wp\/v2\/pages\/74","targetHints":{"allow":["GET"]}}],"collection":[{"href":"https:\/\/www.kamubib-bimy.org\/2021\/wp-json\/wp\/v2\/pages"}],"about":[{"href":"https:\/\/www.kamubib-bimy.org\/2021\/wp-json\/wp\/v2\/types\/page"}],"author":[{"embeddable":true,"href":"https:\/\/www.kamubib-bimy.org\/2021\/wp-json\/wp\/v2\/users\/5"}],"replies":[{"embeddable":true,"href":"https:\/\/www.kamubib-bimy.org\/2021\/wp-json\/wp\/v2\/comments?post=74"}],"version-history":[{"count":4,"href":"https:\/\/www.kamubib-bimy.org\/2021\/wp-json\/wp\/v2\/pages\/74\/revisions"}],"predecessor-version":[{"id":2786,"href":"https:\/\/www.kamubib-bimy.org\/2021\/wp-json\/wp\/v2\/pages\/74\/revisions\/2786"}],"wp:attachment":[{"href":"https:\/\/www.kamubib-bimy.org\/2021\/wp-json\/wp\/v2\/media?parent=74"}],"curies":[{"name":"wp","href":"https:\/\/api.w.org\/{rel}","templated":true}]}}