{"id":706,"date":"2018-07-14T16:50:37","date_gmt":"2018-07-14T13:50:37","guid":{"rendered":"http:\/\/www.kamubib-bimy.org\/2021\/?page_id=706"},"modified":"2021-10-26T12:04:25","modified_gmt":"2021-10-26T09:04:25","slug":"oturumlar","status":"publish","type":"page","link":"https:\/\/www.kamubib-bimy.org\/2021\/oturumlar","title":{"rendered":"OTURUMLAR"},"content":{"rendered":"<div class=\"wpb-content-wrapper\"><p>[vc_row full_width=&#8221;stretch_row&#8221;][vc_column][rev_slider_vc alias=&#8221;anasayfa-son&#8221;][\/vc_column][\/vc_row][vc_row][vc_column][vc_column_text]<\/p>\n<ul>\n<li><a href=\"https:\/\/www.kamubib-bimy.org\/2021\/oturumlar\/oturum-1-gelecek-cok-bulutlu-bulutun-alti-ustu\"><strong>Oturum-1: Gelecek \u00c7ok Bulutlu, Bulutun Alt\u0131 \/ \u00dcst\u00fc (KamuB\u0130B \u00c7G-1)<\/strong><\/a><\/li>\n<li><a href=\"https:\/\/www.kamubib-bimy.org\/2021\/oturumlar\/oturum-2-dijital-gelecekte-siber-guvenlik\"><strong>Oturum-2: Dijital Gelecekte Siber G\u00fcvenlik<\/strong><\/a><\/li>\n<li><a href=\"https:\/\/www.kamubib-bimy.org\/2021\/oturumlar\/oturum-3a-gelecegin-vizyoner-ciolari-bimy\"><strong>Oturum-3A: Gelece\u011fin Vizyoner CIO\u2019lar\u0131 (B\u0130MY)<\/strong><\/a><\/li>\n<li><a href=\"https:\/\/www.kamubib-bimy.org\/2021\/oturumlar\/oturum-3b-yeni-normalde-siber-guvenlik\"><strong>Oturum-3B: Yeni Normalde Siber G\u00fcvenlik<\/strong><\/a><\/li>\n<li><strong><a href=\"https:\/\/www.kamubib-bimy.org\/2021\/oturumlar\/oturum-4-dijital-gelecegi-sekillendiren-teknoloji-cozumleri\">Oturum-4: Dijital Gelece\u011fi \u015eekillendiren Teknoloji \u00c7\u00f6z\u00fcmleri<\/a><\/strong><\/li>\n<li><strong><a href=\"https:\/\/www.kamubib-bimy.org\/2021\/oturumlar\/oturum-5-konumsuz-organizasyonlar-ve-sayisal-ucurum-kamubib-cg-2\">Oturum-5: Konumsuz Organizasyonlar ve Say\u0131sal U\u00e7urum (KamuBiB \u00c7G-2)<\/a><\/strong><\/li>\n<li><strong><a href=\"https:\/\/www.kamubib-bimy.org\/2021\/oturumlar\/3-vizyon-2023-kamu-ve-sektor-bulusmasi\">3.Vizyon 2023 Kamu ve Sekt\u00f6r Bulu\u015fmas\u0131<\/a><\/strong><\/li>\n<\/ul>\n<p>[\/vc_column_text][\/vc_column][\/vc_row]<\/p>\n<\/div>","protected":false},"excerpt":{"rendered":"<p>[vc_row full_width=&#8221;stretch_row&#8221;][vc_column][rev_slider_vc alias=&#8221;anasayfa-son&#8221;][\/vc_column][\/vc_row][vc_row][vc_column][vc_column_text] Oturum-1: Gelecek \u00c7ok Bulutlu, Bulutun Alt\u0131 \/ \u00dcst\u00fc (KamuB\u0130B \u00c7G-1) Oturum-2: Dijital Gelecekte Siber G\u00fcvenlik Oturum-3A: Gelece\u011fin Vizyoner CIO\u2019lar\u0131 (B\u0130MY) Oturum-3B: Yeni Normalde Siber G\u00fcvenlik Oturum-4: Dijital Gelece\u011fi \u015eekillendiren Teknoloji \u00c7\u00f6z\u00fcmleri Oturum-5: Konumsuz Organizasyonlar ve Say\u0131sal U\u00e7urum (KamuBiB \u00c7G-2) 3.Vizyon 2023 Kamu ve Sekt\u00f6r Bulu\u015fmas\u0131 [\/vc_column_text][\/vc_column][\/vc_row]<\/p>\n","protected":false},"author":5,"featured_media":0,"parent":0,"menu_order":0,"comment_status":"closed","ping_status":"closed","template":"homepage.php","meta":{"rs_blank_template":"","rs_page_bg_color":"","slide_template_v7":"","footnotes":""},"class_list":["post-706","page","type-page","status-publish","hentry"],"_links":{"self":[{"href":"https:\/\/www.kamubib-bimy.org\/2021\/wp-json\/wp\/v2\/pages\/706","targetHints":{"allow":["GET"]}}],"collection":[{"href":"https:\/\/www.kamubib-bimy.org\/2021\/wp-json\/wp\/v2\/pages"}],"about":[{"href":"https:\/\/www.kamubib-bimy.org\/2021\/wp-json\/wp\/v2\/types\/page"}],"author":[{"embeddable":true,"href":"https:\/\/www.kamubib-bimy.org\/2021\/wp-json\/wp\/v2\/users\/5"}],"replies":[{"embeddable":true,"href":"https:\/\/www.kamubib-bimy.org\/2021\/wp-json\/wp\/v2\/comments?post=706"}],"version-history":[{"count":4,"href":"https:\/\/www.kamubib-bimy.org\/2021\/wp-json\/wp\/v2\/pages\/706\/revisions"}],"predecessor-version":[{"id":2852,"href":"https:\/\/www.kamubib-bimy.org\/2021\/wp-json\/wp\/v2\/pages\/706\/revisions\/2852"}],"wp:attachment":[{"href":"https:\/\/www.kamubib-bimy.org\/2021\/wp-json\/wp\/v2\/media?parent=706"}],"curies":[{"name":"wp","href":"https:\/\/api.w.org\/{rel}","templated":true}]}}