{"id":2954,"date":"2021-11-04T14:05:27","date_gmt":"2021-11-04T11:05:27","guid":{"rendered":"https:\/\/www.kamubib-bimy.org\/2021\/?page_id=2954"},"modified":"2021-11-06T19:07:31","modified_gmt":"2021-11-06T16:07:31","slug":"bultenler","status":"publish","type":"page","link":"https:\/\/www.kamubib-bimy.org\/2021\/bultenler","title":{"rendered":"B\u00fcltenler"},"content":{"rendered":"<div class=\"wpb-content-wrapper\"><p>[vc_row full_width=&#8221;stretch_row&#8221;][vc_column][\/vc_column][\/vc_row][vc_row css=&#8221;.vc_custom_1636024011999{margin-top: 20px !important;}&#8221;][vc_column][vc_column_text]<\/p>\n<ul>\n<li><a href=\"https:\/\/www.kamubib-bimy.org\/2021\/bultenler\/tbd-kamu-bib24-ve-bimy28-butunlesik-etkinligi-kuresel-salgin-ve-dijital-gelecek-temasi-ile-antalyada-basliyor\">TBD Kamu-B\u0130B&#8217;24 ve B\u0130MY\u201928 B\u00fct\u00fcnle\u015fik Etkinli\u011fi &#8216;K\u00fcresel Salg\u0131n ve Dijital Gelecek&#8217; Temas\u0131 ile Antalya&#8217;da Ba\u015fl\u0131yor<\/a><\/li>\n<li><a href=\"https:\/\/www.kamubib-bimy.org\/2021\/bultenler\/tbd-kamu-bib24-ve-bimy28-butunlesik-etkinligi-antalyada-basladi\">TBD Kamu-B\u0130B\u201924 ve B\u0130MY\u201928 B\u00fct\u00fcnle\u015fik Etkinli\u011fi Antalya\u2019da Ba\u015flad\u0131<\/a><\/li>\n<\/ul>\n<p>[\/vc_column_text][\/vc_column][\/vc_row]<\/p>\n<\/div>","protected":false},"excerpt":{"rendered":"<p>[vc_row full_width=&#8221;stretch_row&#8221;][vc_column][\/vc_column][\/vc_row][vc_row css=&#8221;.vc_custom_1636024011999{margin-top: 20px !important;}&#8221;][vc_column][vc_column_text] TBD Kamu-B\u0130B&#8217;24 ve B\u0130MY\u201928 B\u00fct\u00fcnle\u015fik Etkinli\u011fi &#8216;K\u00fcresel Salg\u0131n ve Dijital Gelecek&#8217; Temas\u0131 ile Antalya&#8217;da Ba\u015fl\u0131yor TBD Kamu-B\u0130B\u201924 ve B\u0130MY\u201928 B\u00fct\u00fcnle\u015fik Etkinli\u011fi Antalya\u2019da Ba\u015flad\u0131 [\/vc_column_text][\/vc_column][\/vc_row]<\/p>\n","protected":false},"author":5,"featured_media":0,"parent":0,"menu_order":0,"comment_status":"closed","ping_status":"closed","template":"homepage.php","meta":{"rs_blank_template":"","rs_page_bg_color":"","slide_template_v7":"","footnotes":""},"class_list":["post-2954","page","type-page","status-publish","hentry"],"_links":{"self":[{"href":"https:\/\/www.kamubib-bimy.org\/2021\/wp-json\/wp\/v2\/pages\/2954","targetHints":{"allow":["GET"]}}],"collection":[{"href":"https:\/\/www.kamubib-bimy.org\/2021\/wp-json\/wp\/v2\/pages"}],"about":[{"href":"https:\/\/www.kamubib-bimy.org\/2021\/wp-json\/wp\/v2\/types\/page"}],"author":[{"embeddable":true,"href":"https:\/\/www.kamubib-bimy.org\/2021\/wp-json\/wp\/v2\/users\/5"}],"replies":[{"embeddable":true,"href":"https:\/\/www.kamubib-bimy.org\/2021\/wp-json\/wp\/v2\/comments?post=2954"}],"version-history":[{"count":5,"href":"https:\/\/www.kamubib-bimy.org\/2021\/wp-json\/wp\/v2\/pages\/2954\/revisions"}],"predecessor-version":[{"id":2991,"href":"https:\/\/www.kamubib-bimy.org\/2021\/wp-json\/wp\/v2\/pages\/2954\/revisions\/2991"}],"wp:attachment":[{"href":"https:\/\/www.kamubib-bimy.org\/2021\/wp-json\/wp\/v2\/media?parent=2954"}],"curies":[{"name":"wp","href":"https:\/\/api.w.org\/{rel}","templated":true}]}}