{"id":2950,"date":"2021-11-04T14:03:03","date_gmt":"2021-11-04T11:03:03","guid":{"rendered":"https:\/\/www.kamubib-bimy.org\/2021\/?page_id=2950"},"modified":"2021-11-04T14:09:17","modified_gmt":"2021-11-04T11:09:17","slug":"tbd-kamu-bib24-ve-bimy28-butunlesik-etkinligi-kuresel-salgin-ve-dijital-gelecek-temasi-ile-antalyada-basliyor","status":"publish","type":"page","link":"https:\/\/www.kamubib-bimy.org\/2021\/bultenler\/tbd-kamu-bib24-ve-bimy28-butunlesik-etkinligi-kuresel-salgin-ve-dijital-gelecek-temasi-ile-antalyada-basliyor","title":{"rendered":"TBD Kamu-B\u0130B\u201924 ve B\u0130MY\u201928 B\u00fct\u00fcnle\u015fik Etkinli\u011fi \u2018K\u00fcresel Salg\u0131n ve Dijital Gelecek\u2019 Temas\u0131 ile Antalya\u2019da Ba\u015fl\u0131yor"},"content":{"rendered":"<div class=\"wpb-content-wrapper\"><p>[vc_row][vc_column][vc_single_image image=&#8221;2944&#8243; img_size=&#8221;full&#8221; alignment=&#8221;center&#8221; onclick=&#8221;custom_link&#8221; img_link_target=&#8221;_blank&#8221; link=&#8221;https:\/\/www.kamubib-bimy.org\/2021\/pdf\/bulten\/tbd-kamubib-bimy-bulten-1.pdf&#8221;][vc_btn title=&#8221;PDF Olarak G\u00f6r\u00fcnt\u00fclemek i\u00e7in T\u0131klay\u0131n\u0131z&#8230;&#8221; color=&#8221;danger&#8221; align=&#8221;center&#8221; i_icon_fontawesome=&#8221;far fa-file-pdf&#8221; button_block=&#8221;true&#8221; add_icon=&#8221;true&#8221; link=&#8221;url:https%3A%2F%2Fwww.kamubib-bimy.org%2F2021%2Fpdf%2Fbulten%2Ftbd-kamubib-bimy-bulten-1.pdf|target:_blank&#8221;][\/vc_column][\/vc_row]<\/p>\n<\/div>","protected":false},"excerpt":{"rendered":"<p>[vc_row][vc_column][vc_single_image image=&#8221;2944&#8243; img_size=&#8221;full&#8221; alignment=&#8221;center&#8221; onclick=&#8221;custom_link&#8221; img_link_target=&#8221;_blank&#8221; link=&#8221;https:\/\/www.kamubib-bimy.org\/2021\/pdf\/bulten\/tbd-kamubib-bimy-bulten-1.pdf&#8221;][vc_btn title=&#8221;PDF Olarak G\u00f6r\u00fcnt\u00fclemek i\u00e7in T\u0131klay\u0131n\u0131z&#8230;&#8221; color=&#8221;danger&#8221; align=&#8221;center&#8221; i_icon_fontawesome=&#8221;far fa-file-pdf&#8221; button_block=&#8221;true&#8221; add_icon=&#8221;true&#8221; link=&#8221;url:https%3A%2F%2Fwww.kamubib-bimy.org%2F2021%2Fpdf%2Fbulten%2Ftbd-kamubib-bimy-bulten-1.pdf|target:_blank&#8221;][\/vc_column][\/vc_row]<\/p>\n","protected":false},"author":5,"featured_media":0,"parent":2954,"menu_order":0,"comment_status":"closed","ping_status":"closed","template":"homepage.php","meta":{"rs_blank_template":"","rs_page_bg_color":"","slide_template_v7":"","footnotes":""},"class_list":["post-2950","page","type-page","status-publish","hentry"],"_links":{"self":[{"href":"https:\/\/www.kamubib-bimy.org\/2021\/wp-json\/wp\/v2\/pages\/2950","targetHints":{"allow":["GET"]}}],"collection":[{"href":"https:\/\/www.kamubib-bimy.org\/2021\/wp-json\/wp\/v2\/pages"}],"about":[{"href":"https:\/\/www.kamubib-bimy.org\/2021\/wp-json\/wp\/v2\/types\/page"}],"author":[{"embeddable":true,"href":"https:\/\/www.kamubib-bimy.org\/2021\/wp-json\/wp\/v2\/users\/5"}],"replies":[{"embeddable":true,"href":"https:\/\/www.kamubib-bimy.org\/2021\/wp-json\/wp\/v2\/comments?post=2950"}],"version-history":[{"count":3,"href":"https:\/\/www.kamubib-bimy.org\/2021\/wp-json\/wp\/v2\/pages\/2950\/revisions"}],"predecessor-version":[{"id":2953,"href":"https:\/\/www.kamubib-bimy.org\/2021\/wp-json\/wp\/v2\/pages\/2950\/revisions\/2953"}],"up":[{"embeddable":true,"href":"https:\/\/www.kamubib-bimy.org\/2021\/wp-json\/wp\/v2\/pages\/2954"}],"wp:attachment":[{"href":"https:\/\/www.kamubib-bimy.org\/2021\/wp-json\/wp\/v2\/media?parent=2950"}],"curies":[{"name":"wp","href":"https:\/\/api.w.org\/{rel}","templated":true}]}}