{"id":2849,"date":"2021-10-26T12:01:18","date_gmt":"2021-10-26T09:01:18","guid":{"rendered":"https:\/\/www.kamubib-bimy.org\/2021\/?page_id=2849"},"modified":"2021-11-01T19:22:53","modified_gmt":"2021-11-01T16:22:53","slug":"oturum-4-dijital-gelecegi-sekillendiren-teknoloji-cozumleri","status":"publish","type":"page","link":"https:\/\/www.kamubib-bimy.org\/2021\/oturumlar\/oturum-4-dijital-gelecegi-sekillendiren-teknoloji-cozumleri","title":{"rendered":"Oturum-4: Dijital Gelece\u011fi \u015eekillendiren Teknoloji \u00c7\u00f6z\u00fcmleri"},"content":{"rendered":"<div class=\"wpb-content-wrapper\"><p>[vc_row full_width=&#8221;stretch_row&#8221;][vc_column][\/vc_column][\/vc_row][vc_row][vc_column][vc_single_image image=&#8221;2924&#8243; img_size=&#8221;full&#8221; alignment=&#8221;center&#8221; style=&#8221;vc_box_shadow_border&#8221;][vc_column_text]<\/p>\n<h3>Oturum-4: Dijital Gelece\u011fi \u015eekillendiren Teknoloji \u00c7\u00f6z\u00fcmleri<\/h3>\n<p>\u0130\u00e7erik Haz\u0131rlan\u0131yor&#8230;[\/vc_column_text][\/vc_column][\/vc_row]<\/p>\n<\/div>","protected":false},"excerpt":{"rendered":"<p>[vc_row full_width=&#8221;stretch_row&#8221;][vc_column][\/vc_column][\/vc_row][vc_row][vc_column][vc_single_image image=&#8221;2924&#8243; img_size=&#8221;full&#8221; alignment=&#8221;center&#8221; style=&#8221;vc_box_shadow_border&#8221;][vc_column_text] Oturum-4: Dijital Gelece\u011fi \u015eekillendiren Teknoloji \u00c7\u00f6z\u00fcmleri \u0130\u00e7erik Haz\u0131rlan\u0131yor&#8230;[\/vc_column_text][\/vc_column][\/vc_row]<\/p>\n","protected":false},"author":5,"featured_media":0,"parent":706,"menu_order":0,"comment_status":"closed","ping_status":"closed","template":"homepage.php","meta":{"rs_blank_template":"","rs_page_bg_color":"","slide_template_v7":"","footnotes":""},"class_list":["post-2849","page","type-page","status-publish","hentry"],"_links":{"self":[{"href":"https:\/\/www.kamubib-bimy.org\/2021\/wp-json\/wp\/v2\/pages\/2849","targetHints":{"allow":["GET"]}}],"collection":[{"href":"https:\/\/www.kamubib-bimy.org\/2021\/wp-json\/wp\/v2\/pages"}],"about":[{"href":"https:\/\/www.kamubib-bimy.org\/2021\/wp-json\/wp\/v2\/types\/page"}],"author":[{"embeddable":true,"href":"https:\/\/www.kamubib-bimy.org\/2021\/wp-json\/wp\/v2\/users\/5"}],"replies":[{"embeddable":true,"href":"https:\/\/www.kamubib-bimy.org\/2021\/wp-json\/wp\/v2\/comments?post=2849"}],"version-history":[{"count":3,"href":"https:\/\/www.kamubib-bimy.org\/2021\/wp-json\/wp\/v2\/pages\/2849\/revisions"}],"predecessor-version":[{"id":2931,"href":"https:\/\/www.kamubib-bimy.org\/2021\/wp-json\/wp\/v2\/pages\/2849\/revisions\/2931"}],"up":[{"embeddable":true,"href":"https:\/\/www.kamubib-bimy.org\/2021\/wp-json\/wp\/v2\/pages\/706"}],"wp:attachment":[{"href":"https:\/\/www.kamubib-bimy.org\/2021\/wp-json\/wp\/v2\/media?parent=2849"}],"curies":[{"name":"wp","href":"https:\/\/api.w.org\/{rel}","templated":true}]}}