{"id":2842,"date":"2021-10-26T11:52:40","date_gmt":"2021-10-26T08:52:40","guid":{"rendered":"https:\/\/www.kamubib-bimy.org\/2021\/?page_id=2842"},"modified":"2021-11-01T19:22:14","modified_gmt":"2021-11-01T16:22:14","slug":"oturum-3b-yeni-normalde-siber-guvenlik","status":"publish","type":"page","link":"https:\/\/www.kamubib-bimy.org\/2021\/oturumlar\/oturum-3b-yeni-normalde-siber-guvenlik","title":{"rendered":"Oturum-3B: Yeni Normalde Siber G\u00fcvenlik"},"content":{"rendered":"<div class=\"wpb-content-wrapper\"><p>[vc_row full_width=&#8221;stretch_row&#8221;][vc_column][\/vc_column][\/vc_row][vc_row][vc_column][vc_single_image image=&#8221;2923&#8243; img_size=&#8221;full&#8221; alignment=&#8221;center&#8221; style=&#8221;vc_box_shadow_border&#8221;][vc_column_text]<\/p>\n<h3>Oturum-3B: Yeni Normalde Siber G\u00fcvenlik<\/h3>\n<p>\u0130\u00e7erik Haz\u0131rlan\u0131yor&#8230;[\/vc_column_text][\/vc_column][\/vc_row]<\/p>\n<\/div>","protected":false},"excerpt":{"rendered":"<p>[vc_row full_width=&#8221;stretch_row&#8221;][vc_column][\/vc_column][\/vc_row][vc_row][vc_column][vc_single_image image=&#8221;2923&#8243; img_size=&#8221;full&#8221; alignment=&#8221;center&#8221; style=&#8221;vc_box_shadow_border&#8221;][vc_column_text] Oturum-3B: Yeni Normalde Siber G\u00fcvenlik \u0130\u00e7erik Haz\u0131rlan\u0131yor&#8230;[\/vc_column_text][\/vc_column][\/vc_row]<\/p>\n","protected":false},"author":5,"featured_media":0,"parent":706,"menu_order":0,"comment_status":"closed","ping_status":"closed","template":"homepage.php","meta":{"rs_blank_template":"","rs_page_bg_color":"","slide_template_v7":"","footnotes":""},"class_list":["post-2842","page","type-page","status-publish","hentry"],"_links":{"self":[{"href":"https:\/\/www.kamubib-bimy.org\/2021\/wp-json\/wp\/v2\/pages\/2842","targetHints":{"allow":["GET"]}}],"collection":[{"href":"https:\/\/www.kamubib-bimy.org\/2021\/wp-json\/wp\/v2\/pages"}],"about":[{"href":"https:\/\/www.kamubib-bimy.org\/2021\/wp-json\/wp\/v2\/types\/page"}],"author":[{"embeddable":true,"href":"https:\/\/www.kamubib-bimy.org\/2021\/wp-json\/wp\/v2\/users\/5"}],"replies":[{"embeddable":true,"href":"https:\/\/www.kamubib-bimy.org\/2021\/wp-json\/wp\/v2\/comments?post=2842"}],"version-history":[{"count":2,"href":"https:\/\/www.kamubib-bimy.org\/2021\/wp-json\/wp\/v2\/pages\/2842\/revisions"}],"predecessor-version":[{"id":2929,"href":"https:\/\/www.kamubib-bimy.org\/2021\/wp-json\/wp\/v2\/pages\/2842\/revisions\/2929"}],"up":[{"embeddable":true,"href":"https:\/\/www.kamubib-bimy.org\/2021\/wp-json\/wp\/v2\/pages\/706"}],"wp:attachment":[{"href":"https:\/\/www.kamubib-bimy.org\/2021\/wp-json\/wp\/v2\/media?parent=2842"}],"curies":[{"name":"wp","href":"https:\/\/api.w.org\/{rel}","templated":true}]}}