{"id":2436,"date":"2021-05-07T13:37:18","date_gmt":"2021-05-07T10:37:18","guid":{"rendered":"https:\/\/www.kamubib-bimy.org\/2021\/?page_id=2436"},"modified":"2021-11-01T19:23:24","modified_gmt":"2021-11-01T16:23:24","slug":"oturum-5-konumsuz-organizasyonlar-ve-sayisal-ucurum-kamubib-cg-2","status":"publish","type":"page","link":"https:\/\/www.kamubib-bimy.org\/2021\/oturumlar\/oturum-5-konumsuz-organizasyonlar-ve-sayisal-ucurum-kamubib-cg-2","title":{"rendered":"Oturum-5: Konumsuz Organizasyonlar ve Say\u0131sal U\u00e7urum (KamuBiB \u00c7G-2)"},"content":{"rendered":"<div class=\"wpb-content-wrapper\"><p>[vc_row full_width=&#8221;stretch_row&#8221;][vc_column][\/vc_column][\/vc_row][vc_row][vc_column][vc_single_image image=&#8221;2925&#8243; img_size=&#8221;full&#8221; alignment=&#8221;center&#8221; style=&#8221;vc_box_shadow_border&#8221;][vc_column_text]<\/p>\n<h3>Oturum-5: Konumsuz Organizasyonlar ve Say\u0131sal U\u00e7urum (KamuBiB \u00c7G-2)<\/h3>\n<p>Kurumlar 2019 y\u0131l\u0131nda, 2020 y\u0131l\u0131 ve ilerisine y\u00f6nelik bili\u015fim yat\u0131r\u0131mlar\u0131n\u0131 planlarken muhtemelen hi\u00e7 biri COVID-19 senaryosunu g\u00f6z \u00f6n\u00fcnde bulundurmam\u0131\u015ft\u0131. Ancak, yap\u0131lan ara\u015ft\u0131rmalara g\u00f6re kurulu\u015flar\u0131n yakla\u015f\u0131k % 88&#8217;inin COVID-19 s\u0131ras\u0131nda uzaktan \u00e7al\u0131\u015fmaya h\u0131zla ge\u00e7ti\u011fi ve bir\u00e7o\u011funun altyap\u0131 uyumlamas\u0131 i\u00e7in \u00f6nemli teknolojik yat\u0131r\u0131mlar\u0131 yapmak zorunda kald\u0131\u011f\u0131 g\u00f6r\u00fclmektedir.<\/p>\n<p>Uzaktan \u00e7al\u0131\u015fma ve\/veya e\u011fitime yayg\u0131n olarak h\u0131zla ge\u00e7i\u015f her kurulu\u015fu, ki\u015fiyi ve hane halk\u0131n\u0131 etkiledi. 2021 y\u0131l\u0131nda da kurumlar\u0131n ve \u00e7al\u0131\u015fanlar\u0131n b\u00fcy\u00fck \u00e7o\u011funlukla uzaktan \u00e7al\u0131\u015fmaya devam etmesi ve kurulu\u015flar\u0131n b\u00fcy\u00fcmelerini &#8220;konumsuz&#8221; yap\u0131da ger\u00e7ekle\u015ftirmeleri bekleniyor. Bir\u00e7ok kurulu\u015f i\u00e7in s\u00f6z konusu yeni \u00e7al\u0131\u015fma modelinin ge\u00e7ici olmay\u0131p, \u00f6n\u00fcm\u00fczdeki y\u0131llarda da hibrit \u00e7al\u0131\u015fma modeli olarak devam edece\u011fi \u00f6ng\u00f6r\u00fclmektedir. Ancak kamu \u00e7al\u0131\u015fanlar\u0131n\u0131n devlet mevzuat\u0131 gere\u011fi salg\u0131n sonras\u0131 8 saat mesai yap\u0131lan fiziki \u00e7al\u0131\u015fma ortamlar\u0131na geri d\u00f6nmeleri beklenmektedir.<\/p>\n<p>Yeni normalde evden \u00e7al\u0131\u015fma, uzaktan e\u011fitim ve dijital platformlar arac\u0131l\u0131\u011f\u0131yla ticaret gibi bir\u00e7ok dijital d\u00f6n\u00fc\u015f\u00fcm uygulamas\u0131 hayat\u0131m\u0131za yayg\u0131n olarak girmi\u015f bulunmaktad\u0131r. Ancak, i\u015fletmelerin dijital d\u00f6n\u00fc\u015f\u00fcm \u00e7\u00f6z\u00fcmlerine ilgisinin artt\u0131\u011f\u0131 bu s\u00fcre\u00e7te siber dayan\u0131kl\u0131l\u0131k ve i\u015f s\u00fcreklili\u011fi \u00f6nemli bir sorun olarak kar\u015f\u0131m\u0131za \u00e7\u0131km\u0131\u015f ve hem i\u015fletmeler hem de hane halk\u0131n\u0131n y\u00fcksek h\u0131zl\u0131 internet ve ki\u015fisel cihazlara eri\u015fim konusundaki ihtiya\u00e7lar\u0131n\u0131n kar\u015f\u0131lanmas\u0131nda ya\u015fanan aksakl\u0131klar ve altyap\u0131 sorunlar\u0131\u00a0 \u201csay\u0131sal u\u00e7urum\u201d konusunu tekrar \u00fclke g\u00fcndemine ta\u015f\u0131m\u0131\u015ft\u0131r.<\/p>\n<p>Bu oturumda \u201cKonumsuz Organizasyonlar ve Say\u0131sal U\u00e7urum Kamu-B\u0130B \u00c7al\u0131\u015fma Grubu\u201d nun Raporu sunulacak ve panalistlerce;<\/p>\n<ul>\n<li>K\u00fcresel salg\u0131n sonras\u0131, \u00e7al\u0131\u015fma hayat\u0131n\u0131n ve e\u011fitim d\u00fczeninin normale d\u00f6nmesiyle salg\u0131n d\u00f6nemi yap\u0131lan yat\u0131r\u0131mlar at\u0131l m\u0131 kalacak? \u0130\u015fyerine d\u00f6n\u00fc\u015fle yat\u0131r\u0131mlar\u0131n gelece\u011fi ne olacak?<\/li>\n<li>Say\u0131sal b\u00f6l\u00fcnmeden e\u011fitim, sa\u011fl\u0131k ve hizmet sekt\u00f6r\u00fc olarak nas\u0131l etkilendik?<\/li>\n<li>Bili\u015fim Sekt\u00f6r\u00fc, kurulu\u015flara Covid-19 ile m\u00fccadele s\u00fcrecinde yard\u0131mc\u0131 olabilecek \u00e7\u00f6z\u00fcmleri k\u0131sa s\u00fcrede sunabildi mi?<\/li>\n<li>Pandemi s\u00fcrecinde kullan\u0131ma al\u0131nan BT \u00e7\u00f6z\u00fcmlerinden hangilerinin kal\u0131c\u0131 olaca\u011f\u0131n\u0131 bilmek biraz erken olsa da, hangi uygulamalar\u0131n \u015fu anda ba\u015far\u0131l\u0131 oldu\u011fu ve\/veya k\u00fcresel salg\u0131n sonras\u0131nda hangi uygulamalar\u0131n hala kullan\u0131lmaya devam edebilece\u011fi?<\/li>\n<li>COVID-19 krizi BT i\u00e7in bir f\u0131rsat m\u0131 oldu? Say\u0131sal haz\u0131rl\u0131k, zorluklar ve f\u0131rsatlar neler olmu\u015ftur?<\/li>\n<li>\u00d6zel sekt\u00f6r g\u00f6z\u00fcyle kamunun ihtiya\u00e7 duydu\u011fu bili\u015fim teknolojisi neydi?<\/li>\n<\/ul>\n<p>sorular\u0131na yan\u0131t aranacak ve ortak ak\u0131l olu\u015fturulmas\u0131na katk\u0131 sa\u011flanacakt\u0131r.[\/vc_column_text][\/vc_column][\/vc_row]<\/p>\n<\/div>","protected":false},"excerpt":{"rendered":"<p>[vc_row full_width=&#8221;stretch_row&#8221;][vc_column][\/vc_column][\/vc_row][vc_row][vc_column][vc_single_image image=&#8221;2925&#8243; img_size=&#8221;full&#8221; alignment=&#8221;center&#8221; style=&#8221;vc_box_shadow_border&#8221;][vc_column_text] Oturum-5: Konumsuz Organizasyonlar ve Say\u0131sal U\u00e7urum (KamuBiB \u00c7G-2) Kurumlar 2019 y\u0131l\u0131nda, 2020 y\u0131l\u0131 ve ilerisine y\u00f6nelik bili\u015fim yat\u0131r\u0131mlar\u0131n\u0131 planlarken muhtemelen hi\u00e7 biri COVID-19 senaryosunu g\u00f6z \u00f6n\u00fcnde bulundurmam\u0131\u015ft\u0131. Ancak, yap\u0131lan ara\u015ft\u0131rmalara g\u00f6re kurulu\u015flar\u0131n yakla\u015f\u0131k % 88&#8217;inin COVID-19 s\u0131ras\u0131nda uzaktan \u00e7al\u0131\u015fmaya h\u0131zla ge\u00e7ti\u011fi ve bir\u00e7o\u011funun altyap\u0131 uyumlamas\u0131 i\u00e7in \u00f6nemli teknolojik yat\u0131r\u0131mlar\u0131&nbsp;<\/p>\n<p><a class=\"btn btn-style\" href=\"https:\/\/www.kamubib-bimy.org\/2021\/oturumlar\/oturum-5-konumsuz-organizasyonlar-ve-sayisal-ucurum-kamubib-cg-2\">Devam\u0131n\u0131 Oku<\/a><\/p>\n","protected":false},"author":5,"featured_media":0,"parent":706,"menu_order":0,"comment_status":"closed","ping_status":"closed","template":"homepage.php","meta":{"rs_blank_template":"","rs_page_bg_color":"","slide_template_v7":"","footnotes":""},"class_list":["post-2436","page","type-page","status-publish","hentry"],"_links":{"self":[{"href":"https:\/\/www.kamubib-bimy.org\/2021\/wp-json\/wp\/v2\/pages\/2436","targetHints":{"allow":["GET"]}}],"collection":[{"href":"https:\/\/www.kamubib-bimy.org\/2021\/wp-json\/wp\/v2\/pages"}],"about":[{"href":"https:\/\/www.kamubib-bimy.org\/2021\/wp-json\/wp\/v2\/types\/page"}],"author":[{"embeddable":true,"href":"https:\/\/www.kamubib-bimy.org\/2021\/wp-json\/wp\/v2\/users\/5"}],"replies":[{"embeddable":true,"href":"https:\/\/www.kamubib-bimy.org\/2021\/wp-json\/wp\/v2\/comments?post=2436"}],"version-history":[{"count":9,"href":"https:\/\/www.kamubib-bimy.org\/2021\/wp-json\/wp\/v2\/pages\/2436\/revisions"}],"predecessor-version":[{"id":2932,"href":"https:\/\/www.kamubib-bimy.org\/2021\/wp-json\/wp\/v2\/pages\/2436\/revisions\/2932"}],"up":[{"embeddable":true,"href":"https:\/\/www.kamubib-bimy.org\/2021\/wp-json\/wp\/v2\/pages\/706"}],"wp:attachment":[{"href":"https:\/\/www.kamubib-bimy.org\/2021\/wp-json\/wp\/v2\/media?parent=2436"}],"curies":[{"name":"wp","href":"https:\/\/api.w.org\/{rel}","templated":true}]}}