{"id":2427,"date":"2021-05-07T13:31:03","date_gmt":"2021-05-07T10:31:03","guid":{"rendered":"https:\/\/www.kamubib-bimy.org\/2021\/?page_id=2427"},"modified":"2021-10-26T11:47:54","modified_gmt":"2021-10-26T08:47:54","slug":"oturum-1-gelecek-cok-bulutlu-bulutun-alti-ustu","status":"publish","type":"page","link":"https:\/\/www.kamubib-bimy.org\/2021\/oturumlar\/oturum-1-gelecek-cok-bulutlu-bulutun-alti-ustu","title":{"rendered":"Oturum-1: Gelecek \u00c7ok Bulutlu, Bulutun Alt\u0131 \/ \u00dcst\u00fc (KamuB\u0130B \u00c7G-1)"},"content":{"rendered":"<div class=\"wpb-content-wrapper\"><p>[vc_row full_width=&#8221;stretch_row&#8221;][vc_column]\n\t\t\t<!-- START anasayfason REVOLUTION SLIDER 6.7.41 --><p class=\"rs-p-wp-fix\"><\/p>\n\t\t\t<rs-module-wrap id=\"rev_slider_3_1_wrapper\" data-source=\"gallery\" style=\"visibility:hidden;background:transparent;padding:0;margin:0px auto;margin-top:0;margin-bottom:0;\">\n\t\t\t\t<rs-module id=\"rev_slider_3_1\" style=\"\" data-version=\"6.7.41\">\n\t\t\t\t\t<rs-slides style=\"overflow: hidden; position: absolute;\">\n\t\t\t\t\t\t<rs-slide style=\"position: absolute;\" data-key=\"rs-18\" data-title=\"Slide\" data-anim=\"p:transparent;\" data-in=\"o:0;\" data-out=\"o:0;\">\n\t\t\t\t\t\t\t<img decoding=\"async\" src=\"\/\/www.kamubib-bimy.org\/2021\/wp-content\/plugins\/revslider\/sr6\/assets\/assets\/dummy.png\" alt=\"Slide\" title=\"Oturum-1: Gelecek \u00c7ok Bulutlu, Bulutun Alt\u0131 \/ \u00dcst\u00fc (KamuB\u0130B \u00c7G-1)\" class=\"rev-slidebg tp-rs-img rs-lazyload\" data-lazyload=\"\/\/www.kamubib-bimy.org\/2021\/wp-content\/plugins\/revslider\/sr6\/assets\/assets\/transparent.png\" data-no-retina>\n<!--\n\t\t\t\t\t\t\t--><rs-layer\n\t\t\t\t\t\t\t\tid=\"slider-3-slide-18-layer-20\" \n\t\t\t\t\t\t\t\tdata-type=\"image\"\n\t\t\t\t\t\t\t\tdata-rsp_ch=\"on\"\n\t\t\t\t\t\t\t\tdata-xy=\"x:-1px;y:-1px;\"\n\t\t\t\t\t\t\t\tdata-text=\"l:22;a:inherit;\"\n\t\t\t\t\t\t\t\tdata-dim=\"w:1920px;h:565px;\"\n\t\t\t\t\t\t\t\tdata-frame_0=\"tp:600;\"\n\t\t\t\t\t\t\t\tdata-frame_1=\"tp:600;st:0;\"\n\t\t\t\t\t\t\t\tdata-frame_999=\"o:0;tp:600;st:w;sR:4700;\"\n\t\t\t\t\t\t\t\tstyle=\"z-index:5;\"\n\t\t\t\t\t\t\t><img decoding=\"async\" src=\"\/\/www.kamubib-bimy.org\/2021\/wp-content\/plugins\/revslider\/sr6\/assets\/assets\/dummy.png\" alt=\"\" class=\"tp-rs-img rs-lazyload\" width=\"1921\" height=\"567\" data-lazyload=\"\/\/www.kamubib-bimy.org\/2021\/wp-content\/uploads\/2021\/05\/slider-yeni.jpg\" data-no-retina> \n\t\t\t\t\t\t\t<\/rs-layer><!--\n\n\t\t\t\t\t\t\t--><rs-layer\n\t\t\t\t\t\t\t\tid=\"slider-3-slide-18-layer-21\" \n\t\t\t\t\t\t\t\tclass=\"tp-shape tp-shapewrapper\"\n\t\t\t\t\t\t\t\tdata-type=\"shape\"\n\t\t\t\t\t\t\t\tdata-rsp_ch=\"on\"\n\t\t\t\t\t\t\t\tdata-xy=\"x:49px;y:43px;\"\n\t\t\t\t\t\t\t\tdata-text=\"a:inherit;\"\n\t\t\t\t\t\t\t\tdata-dim=\"w:139px;h:133px;\"\n\t\t\t\t\t\t\t\tdata-frame_0=\"tp:600;\"\n\t\t\t\t\t\t\t\tdata-frame_1=\"tp:600;st:0;\"\n\t\t\t\t\t\t\t\tdata-frame_999=\"o:0;tp:600;st:w;sR:4700;\"\n\t\t\t\t\t\t\t\tstyle=\"z-index:6;background-color:rgba(0,0,0,0);\"\n\t\t\t\t\t\t\t> \n\t\t\t\t\t\t\t<\/rs-layer><!--\n\n\t\t\t\t\t\t\t--><rs-layer\n\t\t\t\t\t\t\t\tid=\"slider-3-slide-18-layer-22\" \n\t\t\t\t\t\t\t\tclass=\"tp-shape tp-shapewrapper\"\n\t\t\t\t\t\t\t\tdata-type=\"shape\"\n\t\t\t\t\t\t\t\tdata-rsp_ch=\"on\"\n\t\t\t\t\t\t\t\tdata-xy=\"x:1632px;y:11px;\"\n\t\t\t\t\t\t\t\tdata-text=\"a:inherit;\"\n\t\t\t\t\t\t\t\tdata-dim=\"w:109px;h:154px;\"\n\t\t\t\t\t\t\t\tdata-frame_0=\"tp:600;\"\n\t\t\t\t\t\t\t\tdata-frame_1=\"tp:600;st:0;\"\n\t\t\t\t\t\t\t\tdata-frame_999=\"o:0;tp:600;st:w;sR:4700;\"\n\t\t\t\t\t\t\t\tstyle=\"z-index:7;background-color:rgba(0,0,0,0);\"\n\t\t\t\t\t\t\t> \n\t\t\t\t\t\t\t<\/rs-layer><!--\n\n\t\t\t\t\t\t\t--><rs-layer\n\t\t\t\t\t\t\t\tid=\"slider-3-slide-18-layer-23\" \n\t\t\t\t\t\t\t\tclass=\"tp-shape tp-shapewrapper\"\n\t\t\t\t\t\t\t\tdata-type=\"shape\"\n\t\t\t\t\t\t\t\tdata-rsp_ch=\"on\"\n\t\t\t\t\t\t\t\tdata-xy=\"x:1760px;y:25px;\"\n\t\t\t\t\t\t\t\tdata-text=\"a:inherit;\"\n\t\t\t\t\t\t\t\tdata-dim=\"w:137px;h:133px;\"\n\t\t\t\t\t\t\t\tdata-frame_0=\"tp:600;\"\n\t\t\t\t\t\t\t\tdata-frame_1=\"tp:600;st:0;\"\n\t\t\t\t\t\t\t\tdata-frame_999=\"o:0;tp:600;st:w;sR:4700;\"\n\t\t\t\t\t\t\t\tstyle=\"z-index:8;background-color:rgba(0,0,0,0);\"\n\t\t\t\t\t\t\t> \n\t\t\t\t\t\t\t<\/rs-layer><!--\n-->\t\t\t\t\t<\/rs-slide>\n\t\t\t\t\t<\/rs-slides>\n\t\t\t\t<\/rs-module>\n\t\t\t\t<script>\n\t\t\t\t\tsetREVStartSize({c: 'rev_slider_3_1',rl:[1240,1024,778,480],el:[],gw:[1920],gh:[565],type:'standard',justify:'',layout:'fullwidth',mh:\"0\"});if (window.RS_MODULES!==undefined && window.RS_MODULES.modules!==undefined && window.RS_MODULES.modules[\"revslider31\"]!==undefined) {window.RS_MODULES.modules[\"revslider31\"].once = false;window.revapi3 = undefined;if (window.RS_MODULES.checkMinimal!==undefined) window.RS_MODULES.checkMinimal()}\n\t\t\t\t<\/script>\n\t\t\t<\/rs-module-wrap>\n\t\t\t<!-- END REVOLUTION SLIDER -->\n[\/vc_column][\/vc_row][vc_row][vc_column][vc_single_image image=&#8221;2836&#8243; img_size=&#8221;full&#8221; alignment=&#8221;center&#8221; style=&#8221;vc_box_shadow_border&#8221;][vc_column_text]<\/p>\n<h3><strong>Oturum-1: Gelecek \u00c7ok Bulutlu, Bulutun Alt\u0131 \/ \u00dcst\u00fc (KamuB\u0130B \u00c7G-1)<\/strong><\/h3>\n<p>Bir\u00e7ok kurum i\u00e7in veriler en de\u011ferli varl\u0131klar\u0131 aras\u0131ndad\u0131r. \u00dcr\u00fcnlerin depolanmas\u0131 ve da\u011f\u0131t\u0131m\u0131 hakk\u0131nda karma\u015f\u0131k ve bilin\u00e7li kararlar\u0131n al\u0131nmas\u0131 veya tesislerin konumu veya anahtar teslimi operasyonlar\u0131n haritalanmas\u0131 gibi, verilerinizin nas\u0131l ve nerede saklanaca\u011f\u0131n\u0131 belirlemek, verece\u011finiz en \u00f6nemli i\u015f kararlar\u0131 aras\u0131ndad\u0131r.<\/p>\n<p>Bulut bili\u015fim yakla\u015f\u0131k yirmi y\u0131ld\u0131r varl\u0131\u011f\u0131n\u0131 s\u00fcrd\u00fcr\u00fcyor ve i\u015f verimli\u011fi, maliyet ve rekabet avantajlar\u0131na i\u015faret eden verileri ile kamu kurum ve kurulu\u015flar\u0131n\u0131n art\u0131k bu d\u00f6n\u00fc\u015f\u00fcm\u00fcn yap\u0131lmas\u0131n\u0131 zorunda b\u0131rak\u0131yor. \u00a0Cumhurba\u015fkanl\u0131\u011f\u0131 Dijital D\u00f6n\u00fc\u015f\u00fcm Ofisi taraf\u0131ndan Bilgi \u0130\u015flem Merkezlerinin gelece\u011finin planlanmas\u0131na y\u00f6nelik \u00e7al\u0131\u015fmalar\u0131n da yap\u0131ld\u0131\u011f\u0131 bilinmektedir.<\/p>\n<p>Bu oturumda \u201cGelecek \u00c7ok Bulutlu, Bulutun Alt\u0131 \/ \u00dcst\u00fc Kamu-B\u0130B \u00c7al\u0131\u015fma Grubu\u201d nun Raporu sunulacak ve panalistlerce;<\/p>\n<ul>\n<li>BT d\u00fcnyas\u0131nda teknoloji h\u0131zl\u0131 bir \u015fekilde de\u011fi\u015fiyor. G\u00fcn\u00fcm\u00fczde yat\u0131r\u0131m yapt\u0131\u011f\u0131n\u0131z i\u015fg\u00fcc\u00fcn\u00fcn ekipman\u0131 ve becerileri yat\u0131r\u0131m\u0131n\u0131z kar\u015f\u0131l\u0131\u011f\u0131n\u0131 almadan \u00f6nce \u00f6nemsiz hale gelir mi? Yar\u0131n\u0131n belirsizliklerini kar\u015f\u0131lamak i\u00e7in bug\u00fcn ihtiyac\u0131n\u0131z olmayan kapasite sat\u0131n alma durumu olur mu?<\/li>\n<li>Yeni bilgi i\u015flem merkezi yap\u0131s\u0131 nedir, ortak veri merkezine d\u00f6n\u00fc\u015f\u00fcm nas\u0131l olmal\u0131?<\/li>\n<li>Bu d\u00f6n\u00fc\u015f\u00fcmde bulut bili\u015fimin yeri nedir, &#8220;kulland\u0131k\u00e7a \u00f6de&#8221; teslimat modeli nas\u0131l olmal\u0131? Ger\u00e7ek hayattan \u00f6rnekler ve ba\u015far\u0131s\u0131.<\/li>\n<li>Kendi veri merkezinizi olu\u015fturmak, y\u00f6netmek ve s\u00fcrd\u00fcrmek yerine yeni y\u00f6nelimler nelerdir? Yeni bilgi i\u015flem d\u00f6n\u00fc\u015f\u00fcm yol haritas\u0131 nas\u0131l olmal\u0131d\u0131r. ?<\/li>\n<li>\u0130htiyac\u0131n\u0131z olan bilgi i\u015flem g\u00fcc\u00fc i\u00e7in nedir, gelecek yat\u0131r\u0131mlar\u0131 nas\u0131l planlamal\u0131y\u0131z?<\/li>\n<li>Veri g\u00fcvenli\u011fi nas\u0131l sa\u011flan\u0131yor? Ger\u00e7ekten yaz\u0131ld\u0131\u011f\u0131 gibi verim g\u00fcvende midir?<\/li>\n<\/ul>\n<p>sorular\u0131na yan\u0131t aranacak ve bilgi i\u015flem merkezleri d\u00f6n\u00fc\u015f\u00fcm\u00fc \u00f6rnekleriyle ve modelleriyle tart\u0131\u015f\u0131lacakt\u0131r.[\/vc_column_text][\/vc_column][\/vc_row]<\/p>\n<\/div>","protected":false},"excerpt":{"rendered":"<p>[vc_row full_width=&#8221;stretch_row&#8221;][vc_column][\/vc_column][\/vc_row][vc_row][vc_column][vc_single_image image=&#8221;2836&#8243; img_size=&#8221;full&#8221; alignment=&#8221;center&#8221; style=&#8221;vc_box_shadow_border&#8221;][vc_column_text] Oturum-1: Gelecek \u00c7ok Bulutlu, Bulutun Alt\u0131 \/ \u00dcst\u00fc (KamuB\u0130B \u00c7G-1) Bir\u00e7ok kurum i\u00e7in veriler en de\u011ferli varl\u0131klar\u0131 aras\u0131ndad\u0131r. \u00dcr\u00fcnlerin depolanmas\u0131 ve da\u011f\u0131t\u0131m\u0131 hakk\u0131nda karma\u015f\u0131k ve bilin\u00e7li kararlar\u0131n al\u0131nmas\u0131 veya tesislerin konumu veya anahtar teslimi operasyonlar\u0131n haritalanmas\u0131 gibi, verilerinizin nas\u0131l ve nerede saklanaca\u011f\u0131n\u0131 belirlemek, verece\u011finiz en \u00f6nemli i\u015f kararlar\u0131 aras\u0131ndad\u0131r.&nbsp;<\/p>\n<p><a class=\"btn btn-style\" href=\"https:\/\/www.kamubib-bimy.org\/2021\/oturumlar\/oturum-1-gelecek-cok-bulutlu-bulutun-alti-ustu\">Devam\u0131n\u0131 Oku<\/a><\/p>\n","protected":false},"author":5,"featured_media":0,"parent":706,"menu_order":0,"comment_status":"closed","ping_status":"closed","template":"homepage.php","meta":{"footnotes":""},"class_list":["post-2427","page","type-page","status-publish","hentry"],"_links":{"self":[{"href":"https:\/\/www.kamubib-bimy.org\/2021\/wp-json\/wp\/v2\/pages\/2427","targetHints":{"allow":["GET"]}}],"collection":[{"href":"https:\/\/www.kamubib-bimy.org\/2021\/wp-json\/wp\/v2\/pages"}],"about":[{"href":"https:\/\/www.kamubib-bimy.org\/2021\/wp-json\/wp\/v2\/types\/page"}],"author":[{"embeddable":true,"href":"https:\/\/www.kamubib-bimy.org\/2021\/wp-json\/wp\/v2\/users\/5"}],"replies":[{"embeddable":true,"href":"https:\/\/www.kamubib-bimy.org\/2021\/wp-json\/wp\/v2\/comments?post=2427"}],"version-history":[{"count":6,"href":"https:\/\/www.kamubib-bimy.org\/2021\/wp-json\/wp\/v2\/pages\/2427\/revisions"}],"predecessor-version":[{"id":2837,"href":"https:\/\/www.kamubib-bimy.org\/2021\/wp-json\/wp\/v2\/pages\/2427\/revisions\/2837"}],"up":[{"embeddable":true,"href":"https:\/\/www.kamubib-bimy.org\/2021\/wp-json\/wp\/v2\/pages\/706"}],"wp:attachment":[{"href":"https:\/\/www.kamubib-bimy.org\/2021\/wp-json\/wp\/v2\/media?parent=2427"}],"curies":[{"name":"wp","href":"https:\/\/api.w.org\/{rel}","templated":true}]}}