{"id":165,"date":"2017-10-10T14:50:40","date_gmt":"2017-10-10T11:50:40","guid":{"rendered":"http:\/\/kamubib-bimy.org\/?page_id=165"},"modified":"2021-10-13T18:27:32","modified_gmt":"2021-10-13T15:27:32","slug":"katilimci-kayit","status":"publish","type":"page","link":"https:\/\/www.kamubib-bimy.org\/2021\/katilimci-kayit","title":{"rendered":"KATILIM, KAYIT VE F\u0130YATLAR"},"content":{"rendered":"<div class=\"wpb-content-wrapper\"><p>[vc_row full_width=&#8221;stretch_row&#8221;][vc_column][\/vc_column][\/vc_row][vc_row][vc_column][vc_column_text]<\/p>\n<h2 style=\"text-align: center;\">KATILIM KONTENJANIMIZ DOLMU\u015eTUR.<\/h2>\n<h2 style=\"text-align: center;\">\u0130LG\u0130N\u0130ZE TE\u015eEKK\u00dcR EDER\u0130Z&#8230;<\/h2>\n<h3>Di\u011fer etkinliklerimize kat\u0131l\u0131m sa\u011flamak i\u00e7in l\u00fctfen <a href=\"https:\/\/www.tbd.org.tr\" target=\"_blank\" rel=\"noopener\">T\u00fcrkiye Bili\u015fim Derne\u011fi<\/a> web sitemizi takip ediniz.<\/h3>\n<h3>Web Sitemiz : <a href=\"https:\/\/www.tbd.org.tr\" target=\"_blank\" rel=\"noopener\">www.tbd.org.tr<\/a><\/h3>\n<p>[\/vc_column_text][vc_column_text]<strong>Kamu Kurum Temsilcisi veya TBD \u00dcyesi<\/strong><\/p>\n<table width=\"100%\">\n<tbody>\n<tr>\n<td>1 (Bir) Ki\u015filik Odada Konaklama Fiyat\u0131<\/td>\n<td>3.350,-TL + KDV<\/td>\n<\/tr>\n<tr>\n<td>2 (\u0130ki) Ki\u015filik Odada Ki\u015fi Ba\u015f\u0131 Konaklama Fiyat\u0131<\/td>\n<td>2.375,-TL + KDV<\/td>\n<\/tr>\n<\/tbody>\n<\/table>\n<h6><span style=\"color: #ff0000;\"><em><strong>* TBD \u00dcye aidat borcu olmamas\u0131 gerekmektedir.<\/strong><\/em><\/span><\/h6>\n<p>&nbsp;<\/p>\n<p><strong>\u00d6zel Sekt\u00f6r Firma Temsilcisi<\/strong><\/p>\n<table width=\"100%\">\n<tbody>\n<tr>\n<td>1 (Bir) Ki\u015filik Odada Konaklama Fiyat\u0131<\/td>\n<td>3.850,-TL + KDV<\/td>\n<\/tr>\n<tr>\n<td>2 (\u0130ki) Ki\u015filik Odada Ki\u015fi Ba\u015f\u0131 Konaklama Fiyat\u0131<\/td>\n<td>2.550,-TL + KDV<\/td>\n<\/tr>\n<\/tbody>\n<\/table>\n<p>&nbsp;<\/p>\n<p><strong>5 Kat\u0131l\u0131mc\u0131 ve \u00dczeri \u00d6zel Sekt\u00f6r Firma Temsilcileri<\/strong><\/p>\n<table width=\"100%\">\n<tbody>\n<tr>\n<td>1 (Bir) Ki\u015filik Odada Ki\u015fi Ba\u015f\u0131 Konaklama Fiyat\u0131<\/td>\n<td>3.700,-TL + KDV<\/td>\n<\/tr>\n<tr>\n<td>2 (\u0130ki) Ki\u015filik Odada Ki\u015fi Ba\u015f\u0131 Konaklama Fiyat\u0131<\/td>\n<td>2.450,-TL + KDV<\/td>\n<\/tr>\n<\/tbody>\n<\/table>\n<p>&nbsp;<\/p>\n<p><strong>Refakat\u00e7i Kat\u0131l\u0131m (Ki\u015fi Ba\u015f\u0131)<\/strong><\/p>\n<table width=\"100%\">\n<tbody>\n<tr>\n<td>Konaklama Fark Fiyat\u0131<\/td>\n<td>1.350,-TL + KDV<\/td>\n<\/tr>\n<\/tbody>\n<\/table>\n<p>[\/vc_column_text][\/vc_column][\/vc_row]<\/p>\n<\/div>","protected":false},"excerpt":{"rendered":"<p>[vc_row full_width=&#8221;stretch_row&#8221;][vc_column][\/vc_column][\/vc_row][vc_row][vc_column][vc_column_text] KATILIM KONTENJANIMIZ DOLMU\u015eTUR. \u0130LG\u0130N\u0130ZE TE\u015eEKK\u00dcR EDER\u0130Z&#8230; Di\u011fer etkinliklerimize kat\u0131l\u0131m sa\u011flamak i\u00e7in l\u00fctfen T\u00fcrkiye Bili\u015fim Derne\u011fi web sitemizi takip ediniz. Web Sitemiz : www.tbd.org.tr [\/vc_column_text][vc_column_text]Kamu Kurum Temsilcisi veya TBD \u00dcyesi 1 (Bir) Ki\u015filik Odada Konaklama Fiyat\u0131 3.350,-TL + KDV 2 (\u0130ki) Ki\u015filik Odada Ki\u015fi Ba\u015f\u0131 Konaklama Fiyat\u0131 2.375,-TL + KDV * TBD \u00dcye aidat&nbsp;<\/p>\n<p><a class=\"btn btn-style\" href=\"https:\/\/www.kamubib-bimy.org\/2021\/katilimci-kayit\">Devam\u0131n\u0131 Oku<\/a><\/p>\n","protected":false},"author":5,"featured_media":0,"parent":0,"menu_order":0,"comment_status":"closed","ping_status":"closed","template":"homepage.php","meta":{"rs_blank_template":"","rs_page_bg_color":"","slide_template_v7":"","footnotes":""},"class_list":["post-165","page","type-page","status-publish","hentry"],"_links":{"self":[{"href":"https:\/\/www.kamubib-bimy.org\/2021\/wp-json\/wp\/v2\/pages\/165","targetHints":{"allow":["GET"]}}],"collection":[{"href":"https:\/\/www.kamubib-bimy.org\/2021\/wp-json\/wp\/v2\/pages"}],"about":[{"href":"https:\/\/www.kamubib-bimy.org\/2021\/wp-json\/wp\/v2\/types\/page"}],"author":[{"embeddable":true,"href":"https:\/\/www.kamubib-bimy.org\/2021\/wp-json\/wp\/v2\/users\/5"}],"replies":[{"embeddable":true,"href":"https:\/\/www.kamubib-bimy.org\/2021\/wp-json\/wp\/v2\/comments?post=165"}],"version-history":[{"count":17,"href":"https:\/\/www.kamubib-bimy.org\/2021\/wp-json\/wp\/v2\/pages\/165\/revisions"}],"predecessor-version":[{"id":2784,"href":"https:\/\/www.kamubib-bimy.org\/2021\/wp-json\/wp\/v2\/pages\/165\/revisions\/2784"}],"wp:attachment":[{"href":"https:\/\/www.kamubib-bimy.org\/2021\/wp-json\/wp\/v2\/media?parent=165"}],"curies":[{"name":"wp","href":"https:\/\/api.w.org\/{rel}","templated":true}]}}