{"id":102,"date":"2017-09-27T15:36:50","date_gmt":"2017-09-27T12:36:50","guid":{"rendered":"http:\/\/kamubib-bimy.org\/?page_id=102"},"modified":"2021-11-15T11:23:33","modified_gmt":"2021-11-15T08:23:33","slug":"videolar","status":"publish","type":"page","link":"https:\/\/www.kamubib-bimy.org\/2021\/videolar","title":{"rendered":"V\u0130DEOLAR"},"content":{"rendered":"<div class=\"wpb-content-wrapper\"><p>[vc_row full_width=&#8221;stretch_row&#8221;][vc_column][\/vc_column][\/vc_row][vc_row][vc_column][vc_column_text]<\/p>\n<h3><strong>V\u0130DEOLAR<\/strong><\/h3>\n<p>[\/vc_column_text][vc_video link=&#8221;https:\/\/youtube.com\/playlist?list=PLX18Gi2i1Mh1iF8nhbh4N-dB36DJD7-BA&#8221; align=&#8221;center&#8221;][vc_column_text]<span style=\"color: #ff0000;\">*** Youtube Kamu-B\u0130B&#8217;24 B\u0130MY&#8217;28 oynatma listesidir. T\u00fcm videolar\u0131 sa\u011f \u00fcst k\u0131s\u0131mdaki &#8220;<strong>1\/9<\/strong>&#8221; k\u0131sm\u0131na basarak g\u00f6rebilirsiniz.<\/span>[\/vc_column_text][\/vc_column][\/vc_row]<\/p>\n<\/div>","protected":false},"excerpt":{"rendered":"<p>[vc_row full_width=&#8221;stretch_row&#8221;][vc_column][\/vc_column][\/vc_row][vc_row][vc_column][vc_column_text] V\u0130DEOLAR [\/vc_column_text][vc_video link=&#8221;https:\/\/youtube.com\/playlist?list=PLX18Gi2i1Mh1iF8nhbh4N-dB36DJD7-BA&#8221; align=&#8221;center&#8221;][vc_column_text]*** Youtube Kamu-B\u0130B&#8217;24 B\u0130MY&#8217;28 oynatma listesidir. T\u00fcm videolar\u0131 sa\u011f \u00fcst k\u0131s\u0131mdaki &#8220;1\/9&#8221; k\u0131sm\u0131na basarak g\u00f6rebilirsiniz.[\/vc_column_text][\/vc_column][\/vc_row]<\/p>\n","protected":false},"author":5,"featured_media":0,"parent":0,"menu_order":0,"comment_status":"closed","ping_status":"closed","template":"homepage.php","meta":{"rs_blank_template":"","rs_page_bg_color":"","slide_template_v7":"","footnotes":""},"class_list":["post-102","page","type-page","status-publish","hentry"],"_links":{"self":[{"href":"https:\/\/www.kamubib-bimy.org\/2021\/wp-json\/wp\/v2\/pages\/102","targetHints":{"allow":["GET"]}}],"collection":[{"href":"https:\/\/www.kamubib-bimy.org\/2021\/wp-json\/wp\/v2\/pages"}],"about":[{"href":"https:\/\/www.kamubib-bimy.org\/2021\/wp-json\/wp\/v2\/types\/page"}],"author":[{"embeddable":true,"href":"https:\/\/www.kamubib-bimy.org\/2021\/wp-json\/wp\/v2\/users\/5"}],"replies":[{"embeddable":true,"href":"https:\/\/www.kamubib-bimy.org\/2021\/wp-json\/wp\/v2\/comments?post=102"}],"version-history":[{"count":3,"href":"https:\/\/www.kamubib-bimy.org\/2021\/wp-json\/wp\/v2\/pages\/102\/revisions"}],"predecessor-version":[{"id":3013,"href":"https:\/\/www.kamubib-bimy.org\/2021\/wp-json\/wp\/v2\/pages\/102\/revisions\/3013"}],"wp:attachment":[{"href":"https:\/\/www.kamubib-bimy.org\/2021\/wp-json\/wp\/v2\/media?parent=102"}],"curies":[{"name":"wp","href":"https:\/\/api.w.org\/{rel}","templated":true}]}}