{"id":2,"date":"2017-09-22T11:15:18","date_gmt":"2017-09-22T08:15:18","guid":{"rendered":"http:\/\/kamubib-bimy.org\/?page_id=2"},"modified":"2021-02-02T18:39:42","modified_gmt":"2021-02-02T15:39:42","slug":"anasayfa","status":"publish","type":"page","link":"https:\/\/www.kamubib-bimy.org\/2020\/","title":{"rendered":"ANASAYFA"},"content":{"rendered":"<div class=\"wpb-content-wrapper\"><p>[vc_row full_width=&#8221;stretch_row&#8221;][vc_column][\/vc_column][\/vc_row][vc_row][vc_column width=&#8221;5\/6&#8243;]<div class=\"themeum-title  \" style=\"text-align:center;\"><h3 class=\"style-title\" style=\"font-weight:700;font-size:28px;line-height: normal;color:#00137b;\">TBD Kamu-B\u0130B'23 ve B\u0130MY\u201927 B\u00fct\u00fcnle\u015fik Etkinli\u011fi<\/h3><\/div>[vc_column_text]<\/p>\n<p style=\"text-align: center;\">TBD Kamu-B\u0130B&#8217;23 ve B\u0130MY\u201927 B\u00fct\u00fcnle\u015fik Etkinli\u011fi<br \/>\nCumhurba\u015fkanl\u0131\u011f\u0131, Ba\u011fl\u0131 Kurulu\u015flar, Bakanl\u0131klar, Yerel Y\u00f6netimler, \u00dcniversite Akademi, \u00d6zel Sekt\u00f6r, STK Temsilcileri, Bilim \u0130nsanlar\u0131, Bili\u015fim Profesyonelleri ve Uzmanlar\u0131n\u0131n kat\u0131l\u0131m\u0131 ile<\/p>\n<p style=\"text-align: center;\"><strong>23 &#8211; 24 <\/strong><strong>Ekim<\/strong><strong> 2020<\/strong>\u00a0tarihlerinde<\/p>\n<p style=\"text-align: center;\">BTK Ana Konferans Salonu\u2018nda <strong><span style=\"color: #ff0000;\">Hibrit (Fiziksel ve Sanal Kat\u0131l\u0131m)<\/span><\/strong> olarak ger\u00e7ekle\u015ftiriliyor.<\/p>\n<p style=\"text-align: justify;\">1995 y\u0131l\u0131nda bili\u015fim politikalar\u0131n\u0131n olu\u015fmas\u0131na ve toplumun e-d\u00f6n\u00fc\u015f\u00fcm\u00fcne katk\u0131 sa\u011flamak\u00a0amac\u0131yla kurulmu\u015f olan Kamu-B\u0130B Kamu Bili\u015fim Merkezleri Y\u00f6neticileri Birli\u011fi\u2019nin temel\u00a0amac\u0131 \u00e7\u00f6z\u00fcm \u00fcretmek ve yol g\u00f6stermek suretiyle kamunun bili\u015fim alan\u0131ndaki etkinli\u011finin ve\u00a0fark\u0131ndal\u0131\u011f\u0131n\u0131n art\u0131r\u0131lmas\u0131d\u0131r. G\u00f6n\u00fcll\u00fc \u00fcyeleri ve uzmanlar\u0131n\u0131n katk\u0131lar\u0131yla, d\u00f6nemsel olarak belirlenen konularda raporlar haz\u0131rlamakta, kamuoyu ile payla\u015fmaktad\u0131r. Bir \u201cKamu Bili\u015fim\u00a0Markas\u0131\u201d olan TBD Kamu-B\u0130B, 1999 y\u0131l\u0131ndan bu g\u00fcne ger\u00e7ekle\u015ftirdi\u011fi etkinliklerle KAMU, \u00dcN\u0130VERS\u0130TE ve \u00d6ZEL SEKT\u00d6R B\u0130L\u0130\u015e\u0130M Y\u00d6NET\u0130C\u0130LER\u0130N\u0130N, kamuda politika belirleyici ve karar al\u0131c\u0131lar\u0131n ortak bulu\u015fma noktas\u0131 olmu\u015ftur.<\/p>\n<p style=\"text-align: justify;\">Kamu-B\u0130B Kamu Bili\u015fim Merkezleri Y\u00f6neticileri Birli\u011fi, her sene \u00f6zellikle kamu bili\u015fim faaliyetlerinde ortaya \u00e7\u0131kan sorunlara ortak \u00e7\u00f6z\u00fcm aray\u0131\u015flar\u0131, kamu bili\u015fim projelerinde kazan\u0131lan tecr\u00fcbelerin payla\u015f\u0131m\u0131, d\u00fcnyada ve \u00fclkemizde bili\u015fim teknolojilerindeki yenilikler ve bu yeniliklerden yararlanarak etkin, verimli ve kamu hizmetlerinde iyile\u015ftirici projeler olu\u015fturma fikirlerinin olu\u015fturuldu\u011fu ve kamu bili\u015fim yat\u0131r\u0131mlar\u0131na y\u00f6n verici fikir ve \u00f6nerilerin tart\u0131\u015f\u0131ld\u0131\u011f\u0131 toplant\u0131lard\u0131r. Kamu-B\u0130B toplant\u0131lar\u0131 sorunlar\u0131n tespiti, sorunlar\u0131 bizzat\u00a0ya\u015fayanlar\u0131n ortak ak\u0131lla ortaya koyduklar\u0131 \u00e7\u00f6z\u00fcm \u00f6nerileri ile farkl\u0131 bak\u0131\u015f a\u00e7\u0131lar\u0131n\u0131n\u00a0geli\u015ftirilmesiyle kamuda verimlili\u011fe do\u011frudan katk\u0131 sa\u011flamas\u0131 y\u00f6n\u00fcyle \u201cKamuda Verimlilik\u00a0Toplant\u0131lar\u0131\u201d olarak da bilinmektedir.<\/p>\n<p>Amac\u0131, \u00fclkemizin bili\u015fim toplumuna ge\u00e7i\u015f \u00e7al\u0131\u015fmalar\u0131nda ;<\/p>\n<ul>\n<li>Kamu Bilgi \u0130\u015flem Birimleri ve sekt\u00f6rel kat\u0131l\u0131m ile bili\u015fim teknolojilerinin etkili ve yayg\u0131n\u00a0kullan\u0131m\u0131,<\/li>\n<li>Kamu kurumlar\u0131n\u0131n hizmetlerini etkin ve verimli sunabilmesi i\u00e7in ulusal bili\u015fim\u00a0politikalar\u0131n\u0131n olu\u015fturulmas\u0131na katk\u0131 sa\u011flanmas\u0131,<\/li>\n<li>Bilgi \u0130\u015flem Birimleri aras\u0131nda bilgi payla\u015f\u0131m\u0131n\u0131n art\u0131r\u0131lmas\u0131,<\/li>\n<li>Mesleki dayan\u0131\u015fman\u0131n geli\u015ftirilmesi,<\/li>\n<li>Sorunlara ortak \u00e7\u00f6z\u00fcmler olu\u015fturulmas\u0131<\/li>\n<\/ul>\n<p>konular\u0131nda fark\u0131ndal\u0131k yaratmak ve sinerji olu\u015fturmakt\u0131r.<\/p>\n<p style=\"text-align: justify;\"><strong>23-24 Ekim 2020<\/strong> tarihinde yirmi \u00fc\u00e7\u00fcnc\u00fcs\u00fc d\u00fczenleyece\u011fimiz \u201cKamu-B\u0130B\u201d ile yirmi yedincisini d\u00fczenleyece\u011fimiz \u201cB\u0130MY\u201d b\u00fct\u00fcnle\u015fik etkinli\u011fi \u00dclkemizde Dijital D\u00f6n\u00fc\u015f\u00fcm Politikalar\u0131n\u0131n t\u00fcm sekt\u00f6rler i\u00e7in konu\u015fulaca\u011f\u0131 bir platform olacak ve kamu, \u00fcniversite ve \u00f6zel sekt\u00f6r bili\u015fim y\u00f6neticilerinin ve bu alandaki t\u00fcm payda\u015flar\u0131n ortak bulu\u015fma noktas\u0131 olacakt\u0131r.<\/p>\n<!--[if lt IE 9]><script>document.createElement('video');<\/script><![endif]-->\n\t<div class=\"wp-playlist wp-video-playlist wp-playlist-light\">\n\t\t<video controls=\"controls\" preload=\"none\" width=\"640\"\n\t\t height=\"360\"\t><\/video>\n\t<div class=\"wp-playlist-next\"><\/div>\n\t<div class=\"wp-playlist-prev\"><\/div>\n\t<noscript>\n\t<ol>\n\t\t<li><a href='https:\/\/www.kamubib-bimy.org\/2020\/wp-content\/uploads\/2020\/10\/tbd-kamubib-bimy.mp4'>Kamubib-Bimy tan\u0131t\u0131m<\/a><\/li>\t<\/ol>\n\t<\/noscript>\n\t<script type=\"application\/json\" class=\"wp-playlist-script\">{\"type\":\"video\",\"tracklist\":false,\"tracknumbers\":true,\"images\":true,\"artists\":true,\"tracks\":[{\"src\":\"https:\\\/\\\/www.kamubib-bimy.org\\\/2020\\\/wp-content\\\/uploads\\\/2020\\\/10\\\/tbd-kamubib-bimy.mp4\",\"type\":\"video\\\/mp4\",\"title\":\"Kamubib-Bimy tan\\u0131t\\u0131m\",\"caption\":\"\",\"description\":\"\",\"meta\":{\"length_formatted\":\"1:06\"},\"dimensions\":{\"original\":{\"width\":1920,\"height\":1080},\"resized\":{\"width\":640,\"height\":360}},\"image\":{\"src\":\"https:\\\/\\\/www.kamubib-bimy.org\\\/2020\\\/wp-includes\\\/images\\\/media\\\/video.svg\",\"width\":48,\"height\":64},\"thumb\":{\"src\":\"https:\\\/\\\/www.kamubib-bimy.org\\\/2020\\\/wp-includes\\\/images\\\/media\\\/video.svg\",\"width\":48,\"height\":64}}]}<\/script>\n<\/div>\n\t\n<p>[\/vc_column_text][vc_gallery type=&#8221;image_grid&#8221; images=&#8221;1913,1914,1915,1916,1917,1918&#8243; img_size=&#8221;medium&#8221;][\/vc_column][vc_column width=&#8221;1\/6&#8243;][vc_column_text]<\/p>\n<p style=\"text-align: center;\"><strong>GE\u00c7M\u0130\u015e ETK\u0130NL\u0130KLER<\/strong><\/p>\n<p>[\/vc_column_text][vc_single_image image=&#8221;1911&#8243; alignment=&#8221;center&#8221; onclick=&#8221;custom_link&#8221; img_link_target=&#8221;_blank&#8221; title=&#8221;KAMU-B\u0130B&#8217;22 &#8211; B\u0130MY&#8217;26&#8221; link=&#8221;http:\/\/www.kamubib-bimy.org\/2019\/&#8221;][vc_single_image source=&#8221;external_link&#8221; external_img_size=&#8221;150&#215;150&#8243; alignment=&#8221;center&#8221; external_style=&#8221;vc_box_rounded&#8221; onclick=&#8221;custom_link&#8221; img_link_target=&#8221;_blank&#8221; title=&#8221;KAMU-B\u0130B&#8217;20 &#8211; B\u0130MY&#8217;25&#8221; custom_src=&#8221;http:\/\/www.kamubib-bimy.org\/2020\/wp-content\/uploads\/2018\/07\/kamu-bib-bimy-anasayfa-sol.gif&#8221; link=&#8221;http:\/\/www.kamubib-bimy.org\/2018&#8243;][vc_column_text]<img decoding=\"async\" class=\"sponsor\" src=\"http:\/\/kamubib-bimy.org\/wp-content\/uploads\/2017\/09\/ce-logo.jpg\" width=\"100%\" \/>[\/vc_column_text][vc_column_text]<img decoding=\"async\" class=\"sponsor\" src=\"http:\/\/kamubib-bimy.org\/wp-content\/uploads\/2017\/09\/ECSM-5thAnniversary-logo.jpg\" width=\"100%\" \/>[\/vc_column_text][vc_column_text]<img decoding=\"async\" class=\"sponsor\" src=\"http:\/\/kamubib-bimy.org\/wp-content\/uploads\/2017\/09\/enisa-logo.jpg\" width=\"100%\" \/>[\/vc_column_text][\/vc_column][\/vc_row]<\/p>\n<\/div>","protected":false},"excerpt":{"rendered":"<p>[vc_row full_width=&#8221;stretch_row&#8221;][vc_column][\/vc_column][\/vc_row][vc_row][vc_column width=&#8221;5\/6&#8243;][vc_column_text] TBD Kamu-B\u0130B&#8217;23 ve B\u0130MY\u201927 B\u00fct\u00fcnle\u015fik Etkinli\u011fi Cumhurba\u015fkanl\u0131\u011f\u0131, Ba\u011fl\u0131 Kurulu\u015flar, Bakanl\u0131klar, Yerel Y\u00f6netimler, \u00dcniversite Akademi, \u00d6zel Sekt\u00f6r, STK Temsilcileri, Bilim \u0130nsanlar\u0131, Bili\u015fim Profesyonelleri ve Uzmanlar\u0131n\u0131n kat\u0131l\u0131m\u0131 ile 23 &#8211; 24 Ekim 2020\u00a0tarihlerinde BTK Ana Konferans Salonu\u2018nda Hibrit (Fiziksel ve Sanal Kat\u0131l\u0131m) olarak ger\u00e7ekle\u015ftiriliyor. 1995 y\u0131l\u0131nda bili\u015fim politikalar\u0131n\u0131n olu\u015fmas\u0131na ve toplumun e-d\u00f6n\u00fc\u015f\u00fcm\u00fcne katk\u0131 sa\u011flamak\u00a0amac\u0131yla&nbsp;<\/p>\n<p><a class=\"btn btn-style\" href=\"https:\/\/www.kamubib-bimy.org\/2020\/\">Devam\u0131n\u0131 Oku<\/a><\/p>\n","protected":false},"author":4,"featured_media":0,"parent":0,"menu_order":0,"comment_status":"closed","ping_status":"closed","template":"homepage.php","meta":{"rs_blank_template":"","rs_page_bg_color":"","slide_template_v7":"","footnotes":""},"class_list":["post-2","page","type-page","status-publish","hentry"],"_links":{"self":[{"href":"https:\/\/www.kamubib-bimy.org\/2020\/wp-json\/wp\/v2\/pages\/2","targetHints":{"allow":["GET"]}}],"collection":[{"href":"https:\/\/www.kamubib-bimy.org\/2020\/wp-json\/wp\/v2\/pages"}],"about":[{"href":"https:\/\/www.kamubib-bimy.org\/2020\/wp-json\/wp\/v2\/types\/page"}],"author":[{"embeddable":true,"href":"https:\/\/www.kamubib-bimy.org\/2020\/wp-json\/wp\/v2\/users\/4"}],"replies":[{"embeddable":true,"href":"https:\/\/www.kamubib-bimy.org\/2020\/wp-json\/wp\/v2\/comments?post=2"}],"version-history":[{"count":1,"href":"https:\/\/www.kamubib-bimy.org\/2020\/wp-json\/wp\/v2\/pages\/2\/revisions"}],"predecessor-version":[{"id":2404,"href":"https:\/\/www.kamubib-bimy.org\/2020\/wp-json\/wp\/v2\/pages\/2\/revisions\/2404"}],"wp:attachment":[{"href":"https:\/\/www.kamubib-bimy.org\/2020\/wp-json\/wp\/v2\/media?parent=2"}],"curies":[{"name":"wp","href":"https:\/\/api.w.org\/{rel}","templated":true}]}}