{"id":165,"date":"2017-10-10T14:50:40","date_gmt":"2017-10-10T11:50:40","guid":{"rendered":"http:\/\/kamubib-bimy.org\/?page_id=165"},"modified":"2020-10-22T21:12:14","modified_gmt":"2020-10-22T18:12:14","slug":"katilimci-kayit","status":"publish","type":"page","link":"https:\/\/www.kamubib-bimy.org\/2020\/katilimci-kayit","title":{"rendered":"KATILIM, KAYIT VE F\u0130YATLAR"},"content":{"rendered":"<div class=\"wpb-content-wrapper\"><p>[vc_row full_width=&#8221;stretch_row&#8221;][vc_column][\/vc_column][\/vc_row][vc_row][vc_column][vc_column_text]<\/p>\n<h3 style=\"text-align: center;\"><\/h3>\n<h2 style=\"text-align: center;\"><span style=\"color: #000000;\"> Kat\u0131l\u0131m ve Kay\u0131t \u00fccreti\u00a0 <\/span><\/h2>\n<h2 style=\"text-align: center;\"><span style=\"color: #ff0000;\">Ana sponsorumuz<\/span><\/h2>\n<p><img decoding=\"async\" class=\"aligncenter\" src=\"https:\/\/tbd.org.tr\/logolar\/vodafone-business-logo.jpg\" \/><\/p>\n<h2 style=\"text-align: center;\"><span style=\"color: #000000;\">taraf\u0131ndan \u00f6denmi\u015ftir.<\/span><\/h2>\n<h2 style=\"text-align: center;\"><\/h2>\n<h2 style=\"text-align: center;\"><span style=\"color: #0000ff;\">L\u00fctfen Kay\u0131t linkinden kay\u0131t olunuz&#8230;<\/span><\/h2>\n<p>[\/vc_column_text][\/vc_column][\/vc_row][vc_row][vc_column width=&#8221;1\/3&#8243;][\/vc_column][vc_column width=&#8221;1\/3&#8243;][vc_btn title=&#8221;KONGRE KATILIM KAYIT&#8221; color=&#8221;primary&#8221; align=&#8221;center&#8221; link=&#8221;url:https%3A%2F%2Fsanalfuar360.com||target:%20_blank|&#8221;][\/vc_column][vc_column width=&#8221;1\/3&#8243;][\/vc_column][\/vc_row]<\/p>\n<\/div>","protected":false},"excerpt":{"rendered":"<p>[vc_row full_width=&#8221;stretch_row&#8221;][vc_column][\/vc_column][\/vc_row][vc_row][vc_column][vc_column_text] Kat\u0131l\u0131m ve Kay\u0131t \u00fccreti\u00a0 Ana sponsorumuz taraf\u0131ndan \u00f6denmi\u015ftir. L\u00fctfen Kay\u0131t linkinden kay\u0131t olunuz&#8230; [\/vc_column_text][\/vc_column][\/vc_row][vc_row][vc_column width=&#8221;1\/3&#8243;][\/vc_column][vc_column width=&#8221;1\/3&#8243;][vc_btn title=&#8221;KONGRE KATILIM KAYIT&#8221; color=&#8221;primary&#8221; align=&#8221;center&#8221; link=&#8221;url:https%3A%2F%2Fsanalfuar360.com||target:%20_blank|&#8221;][\/vc_column][vc_column width=&#8221;1\/3&#8243;][\/vc_column][\/vc_row]<\/p>\n","protected":false},"author":4,"featured_media":0,"parent":0,"menu_order":0,"comment_status":"closed","ping_status":"closed","template":"homepage.php","meta":{"rs_blank_template":"","rs_page_bg_color":"","slide_template_v7":"","footnotes":""},"class_list":["post-165","page","type-page","status-publish","hentry"],"_links":{"self":[{"href":"https:\/\/www.kamubib-bimy.org\/2020\/wp-json\/wp\/v2\/pages\/165","targetHints":{"allow":["GET"]}}],"collection":[{"href":"https:\/\/www.kamubib-bimy.org\/2020\/wp-json\/wp\/v2\/pages"}],"about":[{"href":"https:\/\/www.kamubib-bimy.org\/2020\/wp-json\/wp\/v2\/types\/page"}],"author":[{"embeddable":true,"href":"https:\/\/www.kamubib-bimy.org\/2020\/wp-json\/wp\/v2\/users\/4"}],"replies":[{"embeddable":true,"href":"https:\/\/www.kamubib-bimy.org\/2020\/wp-json\/wp\/v2\/comments?post=165"}],"version-history":[{"count":1,"href":"https:\/\/www.kamubib-bimy.org\/2020\/wp-json\/wp\/v2\/pages\/165\/revisions"}],"predecessor-version":[{"id":2397,"href":"https:\/\/www.kamubib-bimy.org\/2020\/wp-json\/wp\/v2\/pages\/165\/revisions\/2397"}],"wp:attachment":[{"href":"https:\/\/www.kamubib-bimy.org\/2020\/wp-json\/wp\/v2\/media?parent=165"}],"curies":[{"name":"wp","href":"https:\/\/api.w.org\/{rel}","templated":true}]}}