{"id":620,"date":"2018-07-14T18:16:50","date_gmt":"2018-07-14T15:16:50","guid":{"rendered":"http:\/\/www.kamubib-bimy.org\/2019\/?page_id=620"},"modified":"2018-09-07T15:28:39","modified_gmt":"2018-09-07T12:28:39","slug":"kurullar","status":"publish","type":"page","link":"https:\/\/www.kamubib-bimy.org\/2019\/kurullar","title":{"rendered":"KURULLAR"},"content":{"rendered":"<div class=\"wpb-content-wrapper\"><p>[vc_row full_width=&#8221;stretch_row&#8221; css=&#8221;.vc_custom_1531580178698{background-image: url(http:\/\/www.kamubib-bimy.org\/2019\/wp-content\/uploads\/2018\/07\/slider-background-kamu-bib-19.jpg?id=574) !important;background-position: center !important;background-repeat: no-repeat !important;background-size: cover !important;}&#8221;][vc_column][rev_slider_vc alias=&#8221;anasayfa&#8221;][\/vc_column][\/vc_row][vc_row][vc_column][vc_column_text]<strong>ETK\u0130NL\u0130K Y\u00dcR\u00dcTME<\/strong> <strong>KURULU (EYK)<\/strong><\/p>\n<table style=\"width: 66%;\">\n<tbody>\n<tr>\n<td style=\"width: 33%;\">Ertan BARUT<\/td>\n<td style=\"width: 33%;\">Ba\u015fkan<\/td>\n<\/tr>\n<tr>\n<td style=\"width: 33%;\">Nurcan SUNAY<\/td>\n<td style=\"width: 33%;\">Ba\u015fkan Yrd.<\/td>\n<\/tr>\n<tr>\n<td style=\"width: 33%;\">G\u00f6zen ATE\u015e<\/td>\n<td style=\"width: 33%;\">\u00dcye<\/td>\n<\/tr>\n<tr>\n<td style=\"width: 33%;\">G\u00f6khan EMRE<\/td>\n<td style=\"width: 33%;\">\u00dcye<\/td>\n<\/tr>\n<tr>\n<td style=\"width: 33%;\">Vural R\u0131za \u0130BR\u0130\u015e\u0130M<\/td>\n<td style=\"width: 33%;\">\u00dcye<\/td>\n<\/tr>\n<tr>\n<td style=\"width: 33%;\">L\u00fctfi \u00d6ZB\u0130LEN<\/td>\n<td style=\"width: 33%;\">\u00dcye<\/td>\n<\/tr>\n<tr>\n<td style=\"width: 33%;\">Nihan TUNA<\/td>\n<td style=\"width: 33%;\">\u00dcye<\/td>\n<\/tr>\n<tr>\n<td style=\"width: 33%;\">Serdar \u00dcLGEN<\/td>\n<td style=\"width: 33%;\">\u00dcye<\/td>\n<\/tr>\n<\/tbody>\n<\/table>\n<p><strong>PROGRAM D\u00dcZENLEME KURULU (PDK)<\/strong><\/p>\n<table style=\"width: 66%;\">\n<tbody>\n<tr>\n<td style=\"width: 33%;\">Dr. Altan \u00d6ZK\u0130L<\/td>\n<td style=\"width: 33%;\">Ba\u015fkan<\/td>\n<\/tr>\n<tr>\n<td style=\"width: 33%;\">Alpay AK\u00c7AY<\/td>\n<td style=\"width: 33%;\">\u00dcye<\/td>\n<\/tr>\n<tr>\n<td style=\"width: 33%;\">Prof. Dr. Volkan ATALAY<\/td>\n<td style=\"width: 33%;\">\u00dcye<\/td>\n<\/tr>\n<tr>\n<td style=\"width: 33%;\">Dr. Nergiz \u00c7A\u011eILTAY<\/td>\n<td style=\"width: 33%;\">\u00dcye<\/td>\n<\/tr>\n<tr>\n<td style=\"width: 33%;\">Dr. Ayd\u0131n KOLAT<\/td>\n<td style=\"width: 33%;\">\u00dcye<\/td>\n<\/tr>\n<tr>\n<td style=\"width: 33%;\">Dr. Ay\u015fe Yasemin SEYD\u0130M<\/td>\n<td style=\"width: 33%;\">\u00dcye<\/td>\n<\/tr>\n<tr>\n<td style=\"width: 33%;\">\u0130. \u0130lker TABAK<\/td>\n<td style=\"width: 33%;\">\u00dcye<\/td>\n<\/tr>\n<tr>\n<td style=\"width: 33%;\">Dr. Nihat YURT<\/td>\n<td style=\"width: 33%;\">\u00dcye<\/td>\n<\/tr>\n<\/tbody>\n<\/table>\n<p><strong>TBD GENEL MERKEZ Y\u00d6NET\u0130M KURULU<\/strong><\/p>\n<table style=\"width: 100%;\">\n<tbody>\n<tr>\n<td style=\"width: 33%;\">Rahmi AKTEPE<\/td>\n<td style=\"width: 33%;\">TBD GENEL BA\u015eKANI<\/td>\n<td style=\"width: 33%;\"><\/td>\n<\/tr>\n<tr>\n<td style=\"width: 33%;\">Prof. Dr. Adem \u015eAH\u0130N<\/td>\n<td style=\"width: 33%;\">2. Ba\u015fkan<\/td>\n<td style=\"width: 33%;\">TSE T\u00fcrk Standartlar\u0131 Enstit\u00fcs\u00fc Ba\u015fkan\u0131<\/td>\n<\/tr>\n<tr>\n<td style=\"width: 33%;\">Ertan BARUT<\/td>\n<td style=\"width: 33%;\">YK \u00dcyesi<\/td>\n<td style=\"width: 33%;\">GLOBALNET Genel M\u00fcd\u00fcr<\/td>\n<\/tr>\n<tr>\n<td style=\"width: 33%;\">Nuray BA\u015eAR<\/td>\n<td style=\"width: 33%;\">YK \u00dcyesi<\/td>\n<td style=\"width: 33%;\">BA\u015eAR Bili\u015fim Eko Sanayi Dergisi Genel M\u00fcd\u00fcr<\/td>\n<\/tr>\n<tr>\n<td style=\"width: 33%;\">L\u00fctfi \u00d6ZB\u0130LEN<\/td>\n<td style=\"width: 33%;\">YK \u00dcyesi<\/td>\n<td style=\"width: 33%;\">FOKUS Ya\u015fam Akademisi, Kurucu Ortak<\/td>\n<\/tr>\n<tr>\n<td style=\"width: 33%;\">Ceyda S\u00dcER<\/td>\n<td style=\"width: 33%;\">YK \u00dcyesi<\/td>\n<td style=\"width: 33%;\">VODAFONE T\u00fcrkiye Kamu Sat\u0131\u015f K\u0131demli M\u00fcd\u00fcr\u00fc<\/td>\n<\/tr>\n<tr>\n<td style=\"width: 33%;\">Hakan TARHAN<\/td>\n<td style=\"width: 33%;\">YK \u00dcyesi<\/td>\n<td style=\"width: 33%;\">DATAMIND Kurucu Ortak<\/td>\n<\/tr>\n<tr>\n<td style=\"width: 33%;\">Ahmet TOSUNO\u011eLU<\/td>\n<td style=\"width: 33%;\">YK \u00dcyesi<\/td>\n<td style=\"width: 33%;\">HOB\u0130M-Genel M\u00fcd\u00fcr<\/td>\n<\/tr>\n<tr>\n<td style=\"width: 33%;\">Nihan TUNA<\/td>\n<td style=\"width: 33%;\">YK \u00dcyesi<\/td>\n<td style=\"width: 33%;\">EMT Elektronik \u0130\u015f Geli\u015ftirme M\u00fcd\u00fcr\u00fc<\/td>\n<\/tr>\n<tr>\n<td style=\"width: 33%;\">Mehmet Ali YAZICI<\/td>\n<td style=\"width: 33%;\">YK \u00dcyesi<\/td>\n<td style=\"width: 33%;\">ASELSAN Uydu G\u00f6rev Y\u00fckleri Program M\u00fcd\u00fcr\u00fc<\/td>\n<\/tr>\n<tr>\n<td style=\"width: 33%;\">Ekrem YENER<\/td>\n<td style=\"width: 33%;\">YK \u00dcyesi<\/td>\n<td style=\"width: 33%;\">SMT Bilgi ve Teknoloji A.\u015e Y\u00f6netim Kurulu Ba\u015fkan\u0131<\/td>\n<\/tr>\n<tr>\n<td style=\"width: 33%;\">An\u0131l YILMAZ<\/td>\n<td style=\"width: 33%;\">YK \u00dcyesi<\/td>\n<td style=\"width: 33%;\">VER\u0130ML\u0130L\u0130K Genel M\u00fcd\u00fcrl\u00fc\u011f\u00fc Genel M\u00fcd\u00fcr<\/td>\n<\/tr>\n<tr>\n<td style=\"width: 33%;\">\u0130lyas YILMAZYILDIZ<\/td>\n<td style=\"width: 33%;\">YK \u00dcyesi<\/td>\n<td style=\"width: 33%;\">HACETTEPE TEKNOKENT Genel M\u00fcd\u00fcr<\/td>\n<\/tr>\n<\/tbody>\n<\/table>\n<p><strong>TBD ANKARA \u015eUBES\u0130 Y\u00d6NET\u0130M KURULU<\/strong><\/p>\n<table style=\"width: 66%;\">\n<tbody>\n<tr>\n<td style=\"width: 33%;\">Nurcan \u00d6zyaz\u0131c\u0131 SUNAY<\/td>\n<td style=\"width: 33%;\">BA\u015eKAN<\/td>\n<\/tr>\n<tr>\n<td style=\"width: 33%;\">Prof. Dr. Volkan ATALAY<\/td>\n<td style=\"width: 33%;\">2. BA\u015eKAN<\/td>\n<\/tr>\n<tr>\n<td style=\"width: 33%;\">\u0130lknur TALAY<\/td>\n<td style=\"width: 33%;\">Yazman<\/td>\n<\/tr>\n<tr>\n<td style=\"width: 33%;\">G\u00f6zen ATE\u015e<\/td>\n<td style=\"width: 33%;\">Sayman<\/td>\n<\/tr>\n<tr>\n<td style=\"width: 33%;\">Dr. Nergiz Ercil \u00c7A\u011eILTAY<\/td>\n<td style=\"width: 33%;\">\u00dcye<\/td>\n<\/tr>\n<tr>\n<td style=\"width: 33%;\">Dr. Ay\u015fe Yasemin SEYD\u0130M<\/td>\n<td style=\"width: 33%;\">\u00dcye<\/td>\n<\/tr>\n<tr>\n<td style=\"width: 33%;\">Nihat T\u00dcFEK\u00c7\u0130<\/td>\n<td style=\"width: 33%;\">\u00dcye<\/td>\n<\/tr>\n<\/tbody>\n<\/table>\n<p>[\/vc_column_text][\/vc_column][\/vc_row]<\/p>\n<\/div>","protected":false},"excerpt":{"rendered":"<p>[vc_row full_width=&#8221;stretch_row&#8221; css=&#8221;.vc_custom_1531580178698{background-image: url(http:\/\/www.kamubib-bimy.org\/2019\/wp-content\/uploads\/2018\/07\/slider-background-kamu-bib-19.jpg?id=574) !important;background-position: center !important;background-repeat: no-repeat !important;background-size: cover !important;}&#8221;][vc_column][rev_slider_vc alias=&#8221;anasayfa&#8221;][\/vc_column][\/vc_row][vc_row][vc_column][vc_column_text]ETK\u0130NL\u0130K Y\u00dcR\u00dcTME KURULU (EYK) Ertan BARUT Ba\u015fkan Nurcan SUNAY Ba\u015fkan Yrd. G\u00f6zen ATE\u015e \u00dcye G\u00f6khan EMRE \u00dcye Vural R\u0131za \u0130BR\u0130\u015e\u0130M \u00dcye L\u00fctfi \u00d6ZB\u0130LEN \u00dcye Nihan TUNA \u00dcye Serdar \u00dcLGEN \u00dcye PROGRAM D\u00dcZENLEME KURULU (PDK) Dr. Altan \u00d6ZK\u0130L Ba\u015fkan Alpay AK\u00c7AY \u00dcye Prof. Dr. Volkan&nbsp;<\/p>\n<p><a class=\"btn btn-style\" href=\"https:\/\/www.kamubib-bimy.org\/2019\/kurullar\">Devam\u0131n\u0131 Oku<\/a><\/p>\n","protected":false},"author":3,"featured_media":0,"parent":0,"menu_order":0,"comment_status":"closed","ping_status":"closed","template":"homepage.php","meta":{"footnotes":""},"class_list":["post-620","page","type-page","status-publish","hentry"],"_links":{"self":[{"href":"https:\/\/www.kamubib-bimy.org\/2019\/wp-json\/wp\/v2\/pages\/620","targetHints":{"allow":["GET"]}}],"collection":[{"href":"https:\/\/www.kamubib-bimy.org\/2019\/wp-json\/wp\/v2\/pages"}],"about":[{"href":"https:\/\/www.kamubib-bimy.org\/2019\/wp-json\/wp\/v2\/types\/page"}],"author":[{"embeddable":true,"href":"https:\/\/www.kamubib-bimy.org\/2019\/wp-json\/wp\/v2\/users\/3"}],"replies":[{"embeddable":true,"href":"https:\/\/www.kamubib-bimy.org\/2019\/wp-json\/wp\/v2\/comments?post=620"}],"version-history":[{"count":0,"href":"https:\/\/www.kamubib-bimy.org\/2019\/wp-json\/wp\/v2\/pages\/620\/revisions"}],"wp:attachment":[{"href":"https:\/\/www.kamubib-bimy.org\/2019\/wp-json\/wp\/v2\/media?parent=620"}],"curies":[{"name":"wp","href":"https:\/\/api.w.org\/{rel}","templated":true}]}}