{"id":279,"date":"2017-10-21T16:03:03","date_gmt":"2017-10-21T13:03:03","guid":{"rendered":"http:\/\/kamubib-bimy.org\/?page_id=279"},"modified":"2019-10-16T10:01:48","modified_gmt":"2019-10-16T07:01:48","slug":"sponsorlar","status":"publish","type":"page","link":"https:\/\/www.kamubib-bimy.org\/2019\/sponsorlar","title":{"rendered":"SPONSORLAR"},"content":{"rendered":"<div class=\"wpb-content-wrapper\"><p>[vc_row full_width=&#8221;stretch_row&#8221;][vc_column][\/vc_column][\/vc_row][vc_row][vc_column][vc_column_text]<\/p>\n<h1 style=\"text-align: center;\"><strong>ANA <\/strong><\/h1>\n<h5 style=\"text-align: center;\"><strong>SPONSOR<\/strong><\/h5>\n<p>[\/vc_column_text][\/vc_column][\/vc_row][vc_row][vc_column][vc_single_image source=&#8221;external_link&#8221; external_img_size=&#8221;200&#215;200&#8243; alignment=&#8221;center&#8221; external_style=&#8221;vc_box_shadow_border&#8221; custom_src=&#8221;https:\/\/www.tbd.org.tr\/logolar\/turkish-airlines-logo.jpg&#8221;][\/vc_column][\/vc_row][vc_row][vc_column][vc_column_text]<\/p>\n<h2 style=\"text-align: center;\"><strong>PLAT\u0130N <\/strong><\/h2>\n<h5 style=\"text-align: center;\"><strong>SPONSORLAR<\/strong><\/h5>\n<p>[\/vc_column_text][\/vc_column][\/vc_row][vc_row][vc_column width=&#8221;1\/5&#8243;][vc_single_image source=&#8221;external_link&#8221; external_img_size=&#8221;200&#215;200&#8243; alignment=&#8221;center&#8221; external_style=&#8221;vc_box_shadow_border&#8221; custom_src=&#8221;https:\/\/www.tbd.org.tr\/logolar\/fujitsu-logo.jpg&#8221;][\/vc_column][vc_column width=&#8221;1\/5&#8243;][vc_single_image source=&#8221;external_link&#8221; external_img_size=&#8221;200&#215;200&#8243; alignment=&#8221;center&#8221; external_style=&#8221;vc_box_shadow_border&#8221; custom_src=&#8221;https:\/\/www.tbd.org.tr\/logolar\/ibm-logo.jpg&#8221;][\/vc_column][vc_column width=&#8221;1\/5&#8243;][vc_single_image source=&#8221;external_link&#8221; external_img_size=&#8221;200&#215;200&#8243; alignment=&#8221;center&#8221; external_style=&#8221;vc_box_shadow_border&#8221; custom_src=&#8221;https:\/\/www.tbd.org.tr\/logolar\/logo-logo.jpg&#8221;][\/vc_column][vc_column width=&#8221;1\/5&#8243;][vc_single_image source=&#8221;external_link&#8221; external_img_size=&#8221;200&#215;200&#8243; alignment=&#8221;center&#8221; external_style=&#8221;vc_box_shadow_border&#8221; custom_src=&#8221;https:\/\/www.tbd.org.tr\/logolar\/oracle-logo.jpg&#8221;][\/vc_column][vc_column width=&#8221;1\/5&#8243;][vc_single_image source=&#8221;external_link&#8221; external_img_size=&#8221;200&#215;200&#8243; alignment=&#8221;center&#8221; external_style=&#8221;vc_box_shadow_border&#8221; custom_src=&#8221;https:\/\/www.tbd.org.tr\/logolar\/turkcell-logo.jpg&#8221;][\/vc_column][\/vc_row][vc_row][vc_column][vc_column_text]<\/p>\n<h2 style=\"text-align: center;\"><strong>ALTIN <\/strong><\/h2>\n<h5 style=\"text-align: center;\"><strong>SPONSORLAR<\/strong><\/h5>\n<p>[\/vc_column_text][\/vc_column][\/vc_row][vc_row][vc_column width=&#8221;1\/5&#8243;][vc_single_image source=&#8221;external_link&#8221; external_img_size=&#8221;200&#215;200&#8243; alignment=&#8221;center&#8221; external_style=&#8221;vc_box_shadow_border&#8221; custom_src=&#8221;https:\/\/www.tbd.org.tr\/logolar\/beam-teknoloji-logo.jpg&#8221;][\/vc_column][vc_column width=&#8221;1\/5&#8243;][vc_single_image source=&#8221;external_link&#8221; external_img_size=&#8221;200&#215;200&#8243; alignment=&#8221;center&#8221; external_style=&#8221;vc_box_shadow_border&#8221; custom_src=&#8221;https:\/\/www.tbd.org.tr\/logolar\/infrasis-logo.jpg&#8221;][\/vc_column][vc_column width=&#8221;1\/5&#8243;][vc_single_image source=&#8221;external_link&#8221; external_img_size=&#8221;200&#215;200&#8243; alignment=&#8221;center&#8221; external_style=&#8221;vc_box_shadow_border&#8221; custom_src=&#8221;https:\/\/www.tbd.org.tr\/logolar\/itext-logo.jpg&#8221;][\/vc_column][vc_column width=&#8221;1\/5&#8243;][vc_single_image source=&#8221;external_link&#8221; external_img_size=&#8221;200&#215;200&#8243; alignment=&#8221;center&#8221; external_style=&#8221;vc_box_shadow_border&#8221; custom_src=&#8221;https:\/\/www.tbd.org.tr\/logolar\/profelis-logo.png&#8221;][\/vc_column][vc_column width=&#8221;1\/5&#8243;][vc_single_image source=&#8221;external_link&#8221; external_img_size=&#8221;200&#215;200&#8243; alignment=&#8221;center&#8221; external_style=&#8221;vc_box_shadow_border&#8221; custom_src=&#8221;https:\/\/www.tbd.org.tr\/logolar\/trendmicro-logo.jpg&#8221;][\/vc_column][\/vc_row][vc_row][vc_column width=&#8221;1\/5&#8243;][\/vc_column][vc_column width=&#8221;1\/5&#8243;][\/vc_column][vc_column width=&#8221;1\/5&#8243;][vc_single_image source=&#8221;external_link&#8221; external_img_size=&#8221;200&#215;200&#8243; alignment=&#8221;center&#8221; external_style=&#8221;vc_box_shadow_border&#8221; custom_src=&#8221;https:\/\/www.tbd.org.tr\/logolar\/ulak-haberlesme-logo.jpg&#8221;][\/vc_column][vc_column width=&#8221;1\/5&#8243;][\/vc_column][vc_column width=&#8221;1\/5&#8243;][\/vc_column][\/vc_row][vc_row][vc_column][vc_row_inner][vc_column_inner][vc_column_text]<\/p>\n<h2 style=\"text-align: center;\"><strong>G\u00dcM\u00dc\u015e <\/strong><\/h2>\n<h5 style=\"text-align: center;\"><strong>SPONSORLAR<\/strong><\/h5>\n<p>[\/vc_column_text][\/vc_column_inner][\/vc_row_inner][vc_row_inner][vc_column_inner width=&#8221;1\/5&#8243;][vc_single_image source=&#8221;external_link&#8221; external_img_size=&#8221;200&#215;200&#8243; alignment=&#8221;center&#8221; external_style=&#8221;vc_box_shadow_border&#8221; custom_src=&#8221;https:\/\/www.tbd.org.tr\/logolar\/adeo-logo.jpg&#8221;][\/vc_column_inner][vc_column_inner width=&#8221;1\/5&#8243;][vc_single_image source=&#8221;external_link&#8221; external_img_size=&#8221;200&#215;200&#8243; alignment=&#8221;center&#8221; external_style=&#8221;vc_box_shadow_border&#8221; custom_src=&#8221;https:\/\/www.tbd.org.tr\/logolar\/alaaddin-keykubat-siber-akademi-vakfi-logo.jpg&#8221;][\/vc_column_inner][vc_column_inner width=&#8221;1\/5&#8243;][vc_single_image source=&#8221;external_link&#8221; external_img_size=&#8221;200&#215;200&#8243; alignment=&#8221;center&#8221; external_style=&#8221;vc_box_shadow_border&#8221; custom_src=&#8221;https:\/\/www.tbd.org.tr\/logolar\/apinezer-logo.jpg&#8221;][\/vc_column_inner][vc_column_inner width=&#8221;1\/5&#8243;][vc_single_image source=&#8221;external_link&#8221; external_img_size=&#8221;200&#215;200&#8243; alignment=&#8221;center&#8221; external_style=&#8221;vc_box_shadow_border&#8221; custom_src=&#8221;https:\/\/www.tbd.org.tr\/logolar\/aselsan-logo.jpg&#8221;][\/vc_column_inner][vc_column_inner width=&#8221;1\/5&#8243;][vc_single_image source=&#8221;external_link&#8221; external_img_size=&#8221;200&#215;200&#8243; alignment=&#8221;center&#8221; external_style=&#8221;vc_box_shadow_border&#8221; custom_src=&#8221;https:\/\/www.tbd.org.tr\/logolar\/emfa-logo.jpg&#8221;][\/vc_column_inner][\/vc_row_inner][vc_row_inner][vc_column_inner width=&#8221;1\/5&#8243;][vc_single_image source=&#8221;external_link&#8221; external_img_size=&#8221;200&#215;200&#8243; alignment=&#8221;center&#8221; external_style=&#8221;vc_box_shadow_border&#8221; custom_src=&#8221;https:\/\/www.tbd.org.tr\/logolar\/kale-yazilim-logo.jpg&#8221;][\/vc_column_inner][vc_column_inner width=&#8221;1\/5&#8243;][vc_single_image source=&#8221;external_link&#8221; external_img_size=&#8221;200&#215;200&#8243; alignment=&#8221;center&#8221; external_style=&#8221;vc_box_shadow_border&#8221; custom_src=&#8221;https:\/\/www.tbd.org.tr\/logolar\/kyocera-logo.jpg&#8221;][\/vc_column_inner][vc_column_inner width=&#8221;1\/5&#8243;][vc_single_image source=&#8221;external_link&#8221; external_img_size=&#8221;200&#215;200&#8243; alignment=&#8221;center&#8221; external_style=&#8221;vc_box_shadow_border&#8221; custom_src=&#8221;https:\/\/www.tbd.org.tr\/logolar\/netas-logo.jpg&#8221;][\/vc_column_inner][vc_column_inner width=&#8221;1\/5&#8243;][vc_single_image source=&#8221;external_link&#8221; external_img_size=&#8221;200&#215;200&#8243; alignment=&#8221;center&#8221; external_style=&#8221;vc_box_shadow_border&#8221; custom_src=&#8221;https:\/\/www.tbd.org.tr\/logolar\/pancom-logo.jpg&#8221;][\/vc_column_inner][vc_column_inner width=&#8221;1\/5&#8243;][vc_single_image source=&#8221;external_link&#8221; external_img_size=&#8221;200&#215;200&#8243; alignment=&#8221;center&#8221; external_style=&#8221;vc_box_shadow_border&#8221; custom_src=&#8221;https:\/\/www.tbd.org.tr\/logolar\/ruijie-logo.jpg&#8221;][\/vc_column_inner][\/vc_row_inner][vc_row_inner][vc_column_inner width=&#8221;1\/5&#8243;][vc_single_image source=&#8221;external_link&#8221; external_img_size=&#8221;200&#215;200&#8243; alignment=&#8221;center&#8221; external_style=&#8221;vc_box_shadow_border&#8221; custom_src=&#8221;https:\/\/tbd.org.tr\/logolar\/symantec-logo.jpg&#8221;][\/vc_column_inner][vc_column_inner width=&#8221;1\/5&#8243;][vc_single_image source=&#8221;external_link&#8221; external_img_size=&#8221;200&#215;200&#8243; alignment=&#8221;center&#8221; external_style=&#8221;vc_box_shadow_border&#8221; custom_src=&#8221;https:\/\/www.tbd.org.tr\/logolar\/tnb-teknoloji-logo.jpg&#8221;][\/vc_column_inner][vc_column_inner width=&#8221;1\/5&#8243;][vc_single_image source=&#8221;external_link&#8221; external_img_size=&#8221;200&#215;200&#8243; alignment=&#8221;center&#8221; external_style=&#8221;vc_box_shadow_border&#8221; custom_src=&#8221;https:\/\/www.tbd.org.tr\/logolar\/turboard-logo.jpg&#8221;][\/vc_column_inner][vc_column_inner width=&#8221;1\/5&#8243;][vc_single_image source=&#8221;external_link&#8221; external_img_size=&#8221;200&#215;200&#8243; alignment=&#8221;center&#8221; external_style=&#8221;vc_box_shadow_border&#8221; custom_src=&#8221;https:\/\/www.tbd.org.tr\/logolar\/vmware-logo.jpg&#8221;][\/vc_column_inner][vc_column_inner width=&#8221;1\/5&#8243;][\/vc_column_inner][\/vc_row_inner][\/vc_column][\/vc_row][vc_row][vc_column][vc_column_text]<\/p>\n<h3 style=\"text-align: center;\"><strong>BRONZ <\/strong><\/h3>\n<h5 style=\"text-align: center;\"><strong>SPONSORLAR<\/strong><\/h5>\n<p>[\/vc_column_text][vc_row_inner][vc_column_inner width=&#8221;1\/5&#8243;][vc_single_image source=&#8221;external_link&#8221; external_img_size=&#8221;200&#215;200&#8243; alignment=&#8221;center&#8221; external_style=&#8221;vc_box_shadow_border&#8221; custom_src=&#8221;https:\/\/www.tbd.org.tr\/logolar\/atarlabs-logo.jpg&#8221;][\/vc_column_inner][vc_column_inner width=&#8221;1\/5&#8243;][vc_single_image source=&#8221;external_link&#8221; external_img_size=&#8221;200&#215;200&#8243; alignment=&#8221;center&#8221; external_style=&#8221;vc_box_shadow_border&#8221; custom_src=&#8221;https:\/\/www.tbd.org.tr\/logolar\/deponet-logo.jpg&#8221;][\/vc_column_inner][vc_column_inner width=&#8221;1\/5&#8243;][vc_single_image source=&#8221;external_link&#8221; external_img_size=&#8221;200&#215;200&#8243; alignment=&#8221;center&#8221; external_style=&#8221;vc_box_shadow_border&#8221; custom_src=&#8221;https:\/\/www.tbd.org.tr\/logolar\/icterra-logo.jpg&#8221;][\/vc_column_inner][vc_column_inner width=&#8221;1\/5&#8243;][vc_single_image source=&#8221;external_link&#8221; external_img_size=&#8221;200&#215;200&#8243; alignment=&#8221;center&#8221; external_style=&#8221;vc_box_shadow_border&#8221; custom_src=&#8221;https:\/\/www.tbd.org.tr\/logolar\/innovera-logo.jpg&#8221;][\/vc_column_inner][vc_column_inner width=&#8221;1\/5&#8243;][vc_single_image source=&#8221;external_link&#8221; external_img_size=&#8221;200&#215;200&#8243; alignment=&#8221;center&#8221; external_style=&#8221;vc_box_shadow_border&#8221; custom_src=&#8221;https:\/\/www.tbd.org.tr\/logolar\/labris-logo.jpg&#8221;][\/vc_column_inner][\/vc_row_inner][\/vc_column][\/vc_row][vc_row][vc_column][vc_column_text]<\/p>\n<h3 style=\"text-align: center;\"><strong>STANT<\/strong><\/h3>\n<h5 style=\"text-align: center;\"><strong>SPONSORLARI<\/strong><\/h5>\n<p>[\/vc_column_text][vc_row_inner][vc_column_inner width=&#8221;1\/5&#8243;][vc_single_image source=&#8221;external_link&#8221; external_img_size=&#8221;200&#215;200&#8243; alignment=&#8221;center&#8221; external_style=&#8221;vc_box_shadow_border&#8221; custom_src=&#8221;https:\/\/www.tbd.org.tr\/logolar\/angora-network-logo.jpg&#8221;][\/vc_column_inner][vc_column_inner width=&#8221;1\/5&#8243;][vc_single_image source=&#8221;external_link&#8221; external_img_size=&#8221;200&#215;200&#8243; alignment=&#8221;center&#8221; external_style=&#8221;vc_box_shadow_border&#8221; custom_src=&#8221;https:\/\/www.tbd.org.tr\/logolar\/arksinger-logo.jpg&#8221;][\/vc_column_inner][vc_column_inner width=&#8221;1\/5&#8243;][vc_single_image source=&#8221;external_link&#8221; external_img_size=&#8221;200&#215;200&#8243; alignment=&#8221;center&#8221; external_style=&#8221;vc_box_shadow_border&#8221; custom_src=&#8221;https:\/\/www.tbd.org.tr\/logolar\/bbs-logo.jpg&#8221;][\/vc_column_inner][vc_column_inner width=&#8221;1\/5&#8243;][vc_single_image source=&#8221;external_link&#8221; external_img_size=&#8221;200&#215;200&#8243; alignment=&#8221;center&#8221; external_style=&#8221;vc_box_shadow_border&#8221; custom_src=&#8221;https:\/\/www.tbd.org.tr\/logolar\/beyaznet-logo.jpg&#8221;][\/vc_column_inner][vc_column_inner width=&#8221;1\/5&#8243;][vc_single_image source=&#8221;external_link&#8221; external_img_size=&#8221;200&#215;200&#8243; alignment=&#8221;center&#8221; external_style=&#8221;vc_box_shadow_border&#8221; custom_src=&#8221;https:\/\/www.tbd.org.tr\/logolar\/bilisim-as-logo.jpg&#8221;][\/vc_column_inner][\/vc_row_inner][vc_row_inner][vc_column_inner width=&#8221;1\/5&#8243;][vc_single_image source=&#8221;external_link&#8221; external_img_size=&#8221;200&#215;200&#8243; alignment=&#8221;center&#8221; external_style=&#8221;vc_box_shadow_border&#8221; custom_src=&#8221;https:\/\/www.tbd.org.tr\/logolar\/e-guven-logo.jpg&#8221;][\/vc_column_inner][vc_column_inner width=&#8221;1\/5&#8243;][vc_single_image source=&#8221;external_link&#8221; external_img_size=&#8221;200&#215;200&#8243; alignment=&#8221;center&#8221; external_style=&#8221;vc_box_shadow_border&#8221; custom_src=&#8221;https:\/\/www.tbd.org.tr\/logolar\/iboard-logo.jpg&#8221;][\/vc_column_inner][vc_column_inner width=&#8221;1\/5&#8243;][vc_single_image source=&#8221;external_link&#8221; external_img_size=&#8221;200&#215;200&#8243; alignment=&#8221;center&#8221; external_style=&#8221;vc_box_shadow_border&#8221; custom_src=&#8221;https:\/\/www.tbd.org.tr\/logolar\/is-yazilim-logo.jpg&#8221;][\/vc_column_inner][vc_column_inner width=&#8221;1\/5&#8243;][vc_single_image source=&#8221;external_link&#8221; external_img_size=&#8221;200&#215;200&#8243; alignment=&#8221;center&#8221; external_style=&#8221;vc_box_shadow_border&#8221; custom_src=&#8221;https:\/\/www.tbd.org.tr\/logolar\/linkplus-logo.jpg&#8221;][\/vc_column_inner][vc_column_inner width=&#8221;1\/5&#8243;][vc_single_image source=&#8221;external_link&#8221; external_img_size=&#8221;200&#215;200&#8243; alignment=&#8221;center&#8221; external_style=&#8221;vc_box_shadow_border&#8221; custom_src=&#8221;https:\/\/www.tbd.org.tr\/logolar\/paycore-logo.jpg&#8221;][\/vc_column_inner][\/vc_row_inner][vc_row_inner][vc_column_inner width=&#8221;1\/5&#8243;][\/vc_column_inner][vc_column_inner width=&#8221;1\/5&#8243;][\/vc_column_inner][vc_column_inner width=&#8221;1\/5&#8243;][vc_single_image source=&#8221;external_link&#8221; external_img_size=&#8221;200&#215;200&#8243; alignment=&#8221;center&#8221; external_style=&#8221;vc_box_shadow_border&#8221; custom_src=&#8221;https:\/\/www.tbd.org.tr\/logolar\/veritas-logo.jpg&#8221;][\/vc_column_inner][vc_column_inner width=&#8221;1\/5&#8243;][\/vc_column_inner][vc_column_inner width=&#8221;1\/5&#8243;][\/vc_column_inner][\/vc_row_inner][\/vc_column][\/vc_row][vc_row][vc_column width=&#8221;1\/3&#8243;][vc_column_text]<\/p>\n<h4 style=\"text-align: center;\"><strong>\u0130LET\u0130\u015e\u0130M<\/strong><\/h4>\n<h5 style=\"text-align: center;\"><strong>SPONSORU<\/strong><\/h5>\n<p>[\/vc_column_text][vc_single_image source=&#8221;external_link&#8221; external_img_size=&#8221;200&#215;200&#8243; alignment=&#8221;center&#8221; external_style=&#8221;vc_box_shadow_border&#8221; custom_src=&#8221;https:\/\/www.tbd.org.tr\/logolar\/turksat-logo.jpg&#8221;][\/vc_column][vc_column width=&#8221;1\/3&#8243;][vc_column_text]<\/p>\n<h4 style=\"text-align: center;\"><strong>YAKA KARTI <\/strong><\/h4>\n<h5 style=\"text-align: center;\"><strong>SPONSORU<\/strong><\/h5>\n<p>[\/vc_column_text][vc_single_image source=&#8221;external_link&#8221; external_img_size=&#8221;200&#215;200&#8243; alignment=&#8221;center&#8221; external_style=&#8221;vc_box_shadow_border&#8221; custom_src=&#8221;https:\/\/www.tbd.org.tr\/logolar\/nex-teknoloji-kare-logo.jpg&#8221;][\/vc_column][vc_column width=&#8221;1\/3&#8243;][vc_column_text]<\/p>\n<h4 style=\"text-align: center;\"><strong>\u00c7ANTA <\/strong><\/h4>\n<h5 style=\"text-align: center;\"><strong>SPONSORU<\/strong><\/h5>\n<p>[\/vc_column_text][vc_single_image source=&#8221;external_link&#8221; external_img_size=&#8221;200&#215;200&#8243; alignment=&#8221;center&#8221; external_style=&#8221;vc_box_shadow_border&#8221; custom_src=&#8221;https:\/\/www.tbd.org.tr\/logolar\/ln-logo.jpg&#8221;][\/vc_column][\/vc_row][vc_row][vc_column width=&#8221;1\/3&#8243;][vc_column_text]<\/p>\n<h4 style=\"text-align: center;\"><strong>KAHVE MOLASI <\/strong><\/h4>\n<h5 style=\"text-align: center;\"><strong>SPONSORU<\/strong><\/h5>\n<p>[\/vc_column_text][vc_single_image source=&#8221;external_link&#8221; external_img_size=&#8221;200&#215;200&#8243; alignment=&#8221;center&#8221; external_style=&#8221;vc_box_shadow_border&#8221; custom_src=&#8221;https:\/\/www.tbd.org.tr\/logolar\/verify-logo.jpg&#8221;][\/vc_column][vc_column width=&#8221;1\/3&#8243;][vc_column_text]<\/p>\n<h3 style=\"text-align: center;\"><strong>\u00dcR\u00dcN &#8211; H\u0130ZMET <\/strong><\/h3>\n<h5 style=\"text-align: center;\"><strong>SPONSORU<\/strong><\/h5>\n<p>[\/vc_column_text][vc_single_image source=&#8221;external_link&#8221; external_img_size=&#8221;200&#215;200&#8243; alignment=&#8221;center&#8221; external_style=&#8221;vc_box_shadow_border&#8221; custom_src=&#8221;https:\/\/www.tbd.org.tr\/logolar\/probilisim-logo.jpg&#8221;][\/vc_column][vc_column width=&#8221;1\/3&#8243;][vc_column_text]<\/p>\n<h3 style=\"text-align: center;\"><strong>BULUT B\u0130L\u0130\u015e\u0130M<\/strong><\/h3>\n<h5 style=\"text-align: center;\"><strong>SPONSORU<\/strong><\/h5>\n<p>[\/vc_column_text][vc_single_image source=&#8221;external_link&#8221; external_img_size=&#8221;200&#215;200&#8243; alignment=&#8221;center&#8221; external_style=&#8221;vc_box_shadow_border&#8221; custom_src=&#8221;https:\/\/www.tbd.org.tr\/logolar\/veriyum-logo.jpg&#8221;][\/vc_column][\/vc_row][vc_row][vc_column][vc_column_text]<\/p>\n<h3 style=\"text-align: center;\"><strong>BASIN ve MEDYA<\/strong><\/h3>\n<h5 style=\"text-align: center;\"><strong>SPONSORLARI<\/strong><\/h5>\n<p>[\/vc_column_text][vc_row_inner][vc_column_inner width=&#8221;1\/4&#8243;][vc_single_image source=&#8221;external_link&#8221; external_img_size=&#8221;200&#215;200&#8243; alignment=&#8221;center&#8221; external_style=&#8221;vc_box_shadow_border&#8221; custom_src=&#8221;https:\/\/www.tbd.org.tr\/logolar\/bmd-logo.jpg&#8221;][\/vc_column_inner][vc_column_inner width=&#8221;1\/4&#8243;][vc_single_image source=&#8221;external_link&#8221; external_img_size=&#8221;200&#215;200&#8243; alignment=&#8221;center&#8221; external_style=&#8221;vc_box_shadow_border&#8221; custom_src=&#8221;https:\/\/www.tbd.org.tr\/logolar\/bthbaber-logo.jpg&#8221;][\/vc_column_inner][vc_column_inner width=&#8221;1\/4&#8243;][vc_single_image source=&#8221;external_link&#8221; external_img_size=&#8221;200&#215;200&#8243; alignment=&#8221;center&#8221; external_style=&#8221;vc_box_shadow_border&#8221; custom_src=&#8221;https:\/\/www.tbd.org.tr\/logolar\/ict-media-logo.jpg&#8221;][\/vc_column_inner][vc_column_inner width=&#8221;1\/4&#8243;][vc_single_image source=&#8221;external_link&#8221; external_img_size=&#8221;200&#215;200&#8243; alignment=&#8221;center&#8221; external_style=&#8221;vc_box_shadow_border&#8221; custom_src=&#8221;https:\/\/www.tbd.org.tr\/logolar\/maramiro-logo.jpg&#8221;][\/vc_column_inner][\/vc_row_inner][\/vc_column][\/vc_row][vc_row][vc_column][vc_column_text]<\/p>\n<h3 style=\"text-align: center;\"><strong>DESTEKLEYEN KURUMLAR<\/strong><\/h3>\n<p>[\/vc_column_text][vc_row_inner][vc_column_inner width=&#8221;1\/4&#8243;][vc_single_image source=&#8221;external_link&#8221; external_img_size=&#8221;200&#215;200&#8243; alignment=&#8221;center&#8221; external_style=&#8221;vc_box_shadow_border&#8221; custom_src=&#8221;https:\/\/www.tbd.org.tr\/logolar\/btk-logo.jpg&#8221;][\/vc_column_inner][vc_column_inner width=&#8221;1\/4&#8243;][vc_single_image source=&#8221;external_link&#8221; external_img_size=&#8221;200&#215;200&#8243; alignment=&#8221;center&#8221; external_style=&#8221;vc_box_shadow_border&#8221; custom_src=&#8221;https:\/\/www.tbd.org.tr\/logolar\/uab-logo.jpg&#8221;][\/vc_column_inner][vc_column_inner width=&#8221;1\/4&#8243;][vc_single_image source=&#8221;external_link&#8221; external_img_size=&#8221;200&#215;200&#8243; alignment=&#8221;center&#8221; external_style=&#8221;vc_box_shadow_border&#8221; custom_src=&#8221;https:\/\/www.tbd.org.tr\/logolar\/stb-logo.jpg&#8221;][\/vc_column_inner][vc_column_inner width=&#8221;1\/4&#8243;][vc_single_image source=&#8221;external_link&#8221; external_img_size=&#8221;200&#215;200&#8243; alignment=&#8221;center&#8221; external_style=&#8221;vc_box_shadow_border&#8221; custom_src=&#8221;https:\/\/www.tbd.org.tr\/logolar\/sasad-logo.jpg&#8221;][\/vc_column_inner][\/vc_row_inner][\/vc_column][\/vc_row]<\/p>\n<\/div>","protected":false},"excerpt":{"rendered":"<p>[vc_row full_width=&#8221;stretch_row&#8221;][vc_column][\/vc_column][\/vc_row][vc_row][vc_column][vc_column_text] ANA SPONSOR [\/vc_column_text][\/vc_column][\/vc_row][vc_row][vc_column][vc_single_image source=&#8221;external_link&#8221; external_img_size=&#8221;200&#215;200&#8243; alignment=&#8221;center&#8221; external_style=&#8221;vc_box_shadow_border&#8221; custom_src=&#8221;https:\/\/www.tbd.org.tr\/logolar\/turkish-airlines-logo.jpg&#8221;][\/vc_column][\/vc_row][vc_row][vc_column][vc_column_text] PLAT\u0130N SPONSORLAR [\/vc_column_text][\/vc_column][\/vc_row][vc_row][vc_column width=&#8221;1\/5&#8243;][vc_single_image source=&#8221;external_link&#8221; external_img_size=&#8221;200&#215;200&#8243; alignment=&#8221;center&#8221; external_style=&#8221;vc_box_shadow_border&#8221; custom_src=&#8221;https:\/\/www.tbd.org.tr\/logolar\/fujitsu-logo.jpg&#8221;][\/vc_column][vc_column width=&#8221;1\/5&#8243;][vc_single_image source=&#8221;external_link&#8221; external_img_size=&#8221;200&#215;200&#8243; alignment=&#8221;center&#8221; external_style=&#8221;vc_box_shadow_border&#8221; custom_src=&#8221;https:\/\/www.tbd.org.tr\/logolar\/ibm-logo.jpg&#8221;][\/vc_column][vc_column width=&#8221;1\/5&#8243;][vc_single_image source=&#8221;external_link&#8221; external_img_size=&#8221;200&#215;200&#8243; alignment=&#8221;center&#8221; external_style=&#8221;vc_box_shadow_border&#8221; custom_src=&#8221;https:\/\/www.tbd.org.tr\/logolar\/logo-logo.jpg&#8221;][\/vc_column][vc_column width=&#8221;1\/5&#8243;][vc_single_image source=&#8221;external_link&#8221; external_img_size=&#8221;200&#215;200&#8243; alignment=&#8221;center&#8221; external_style=&#8221;vc_box_shadow_border&#8221; custom_src=&#8221;https:\/\/www.tbd.org.tr\/logolar\/oracle-logo.jpg&#8221;][\/vc_column][vc_column width=&#8221;1\/5&#8243;][vc_single_image source=&#8221;external_link&#8221; external_img_size=&#8221;200&#215;200&#8243; alignment=&#8221;center&#8221; external_style=&#8221;vc_box_shadow_border&#8221; custom_src=&#8221;https:\/\/www.tbd.org.tr\/logolar\/turkcell-logo.jpg&#8221;][\/vc_column][\/vc_row][vc_row][vc_column][vc_column_text] ALTIN SPONSORLAR [\/vc_column_text][\/vc_column][\/vc_row][vc_row][vc_column width=&#8221;1\/5&#8243;][vc_single_image source=&#8221;external_link&#8221; external_img_size=&#8221;200&#215;200&#8243; alignment=&#8221;center&#8221; external_style=&#8221;vc_box_shadow_border&#8221; custom_src=&#8221;https:\/\/www.tbd.org.tr\/logolar\/beam-teknoloji-logo.jpg&#8221;][\/vc_column][vc_column width=&#8221;1\/5&#8243;][vc_single_image source=&#8221;external_link&#8221; external_img_size=&#8221;200&#215;200&#8243;&nbsp;<\/p>\n<p><a class=\"btn btn-style\" href=\"https:\/\/www.kamubib-bimy.org\/2019\/sponsorlar\">Devam\u0131n\u0131 Oku<\/a><\/p>\n","protected":false},"author":4,"featured_media":0,"parent":0,"menu_order":0,"comment_status":"closed","ping_status":"closed","template":"homepage.php","meta":{"rs_blank_template":"","rs_page_bg_color":"","slide_template_v7":"","footnotes":""},"class_list":["post-279","page","type-page","status-publish","hentry"],"_links":{"self":[{"href":"https:\/\/www.kamubib-bimy.org\/2019\/wp-json\/wp\/v2\/pages\/279","targetHints":{"allow":["GET"]}}],"collection":[{"href":"https:\/\/www.kamubib-bimy.org\/2019\/wp-json\/wp\/v2\/pages"}],"about":[{"href":"https:\/\/www.kamubib-bimy.org\/2019\/wp-json\/wp\/v2\/types\/page"}],"author":[{"embeddable":true,"href":"https:\/\/www.kamubib-bimy.org\/2019\/wp-json\/wp\/v2\/users\/4"}],"replies":[{"embeddable":true,"href":"https:\/\/www.kamubib-bimy.org\/2019\/wp-json\/wp\/v2\/comments?post=279"}],"version-history":[{"count":59,"href":"https:\/\/www.kamubib-bimy.org\/2019\/wp-json\/wp\/v2\/pages\/279\/revisions"}],"predecessor-version":[{"id":1860,"href":"https:\/\/www.kamubib-bimy.org\/2019\/wp-json\/wp\/v2\/pages\/279\/revisions\/1860"}],"wp:attachment":[{"href":"https:\/\/www.kamubib-bimy.org\/2019\/wp-json\/wp\/v2\/media?parent=279"}],"curies":[{"name":"wp","href":"https:\/\/api.w.org\/{rel}","templated":true}]}}