{"id":2,"date":"2017-09-22T11:15:18","date_gmt":"2017-09-22T08:15:18","guid":{"rendered":"http:\/\/kamubib-bimy.org\/?page_id=2"},"modified":"2019-12-05T12:04:35","modified_gmt":"2019-12-05T09:04:35","slug":"anasayfa","status":"publish","type":"page","link":"https:\/\/www.kamubib-bimy.org\/2019\/","title":{"rendered":"ANASAYFA"},"content":{"rendered":"<div class=\"wpb-content-wrapper\"><p>[vc_row full_width=&#8221;stretch_row&#8221;][vc_column]\n\t\t\t<!-- START anasayfay REVOLUTION SLIDER 6.7.41 --><p class=\"rs-p-wp-fix\"><\/p>\n\t\t\t<rs-module-wrap id=\"rev_slider_2_1_wrapper\" data-source=\"gallery\" style=\"visibility:hidden;background:transparent;padding:0;margin:0px auto;margin-top:0;margin-bottom:0;\">\n\t\t\t\t<rs-module id=\"rev_slider_2_1\" style=\"\" data-version=\"6.7.41\">\n\t\t\t\t\t<rs-slides style=\"overflow: hidden; position: absolute;\">\n\t\t\t\t\t\t<rs-slide style=\"position: absolute;\" data-key=\"rs-10\" data-title=\"Slide\" data-anim=\"p:transparent;\" data-in=\"o:0;\" data-out=\"o:0;\">\n\t\t\t\t\t\t\t<img decoding=\"async\" src=\"\/\/www.kamubib-bimy.org\/2019\/wp-content\/plugins\/revslider\/sr6\/assets\/assets\/dummy.png\" alt=\"Slide\" title=\"ANASAYFA\" class=\"rev-slidebg tp-rs-img rs-lazyload\" data-lazyload=\"\/\/www.kamubib-bimy.org\/2019\/wp-content\/plugins\/revslider\/sr6\/assets\/assets\/transparent.png\" data-no-retina>\n<!--\n\t\t\t\t\t\t\t--><rs-layer\n\t\t\t\t\t\t\t\tid=\"slider-2-slide-10-layer-12\" \n\t\t\t\t\t\t\t\tdata-type=\"image\"\n\t\t\t\t\t\t\t\tdata-rsp_ch=\"on\"\n\t\t\t\t\t\t\t\tdata-xy=\"x:-4px;y:-1px;\"\n\t\t\t\t\t\t\t\tdata-text=\"l:22;a:inherit;\"\n\t\t\t\t\t\t\t\tdata-dim=\"w:1920px;h:492px;\"\n\t\t\t\t\t\t\t\tdata-frame_0=\"tp:600;\"\n\t\t\t\t\t\t\t\tdata-frame_1=\"tp:600;sR:10;\"\n\t\t\t\t\t\t\t\tdata-frame_999=\"o:0;tp:600;st:w;sR:4690;\"\n\t\t\t\t\t\t\t\tstyle=\"z-index:5;\"\n\t\t\t\t\t\t\t><img decoding=\"async\" src=\"\/\/www.kamubib-bimy.org\/2019\/wp-content\/plugins\/revslider\/sr6\/assets\/assets\/dummy.png\" alt=\"\" class=\"tp-rs-img rs-lazyload\" width=\"1920\" height=\"492\" data-lazyload=\"\/\/www.kamubib-bimy.org\/2019\/wp-content\/uploads\/2019\/05\/kamubib-bimy-19-slider.jpg\" data-no-retina> \n\t\t\t\t\t\t\t<\/rs-layer><!--\n\n\t\t\t\t\t\t\t--><rs-layer\n\t\t\t\t\t\t\t\tid=\"slider-2-slide-10-layer-4\" \n\t\t\t\t\t\t\t\tdata-type=\"text\"\n\t\t\t\t\t\t\t\tdata-color=\"#ffffff\"\n\t\t\t\t\t\t\t\tdata-rsp_ch=\"on\"\n\t\t\t\t\t\t\t\tdata-xy=\"x:114px;y:445px;\"\n\t\t\t\t\t\t\t\tdata-text=\"l:22;a:inherit;\"\n\t\t\t\t\t\t\t\tdata-frame_0=\"tp:600;\"\n\t\t\t\t\t\t\t\tdata-frame_1=\"tp:600;sR:10;\"\n\t\t\t\t\t\t\t\tdata-frame_999=\"o:0;tp:600;st:w;sR:4690;\"\n\t\t\t\t\t\t\t\tstyle=\"z-index:6;font-family:'Open Sans';\"\n\t\t\t\t\t\t\t>tbd.org.tr  |  kamubib-bimy.org \n\t\t\t\t\t\t\t<\/rs-layer><!--\n\n\t\t\t\t\t\t\t--><rs-layer\n\t\t\t\t\t\t\t\tid=\"slider-2-slide-10-layer-5\" \n\t\t\t\t\t\t\t\tdata-type=\"text\"\n\t\t\t\t\t\t\t\tdata-color=\"#ffffff\"\n\t\t\t\t\t\t\t\tdata-rsp_ch=\"on\"\n\t\t\t\t\t\t\t\tdata-xy=\"x:400px;y:445px;\"\n\t\t\t\t\t\t\t\tdata-text=\"l:22;a:inherit;\"\n\t\t\t\t\t\t\t\tdata-frame_0=\"tp:600;\"\n\t\t\t\t\t\t\t\tdata-frame_1=\"tp:600;sR:10;\"\n\t\t\t\t\t\t\t\tdata-frame_999=\"o:0;tp:600;st:w;sR:4690;\"\n\t\t\t\t\t\t\t\tstyle=\"z-index:7;font-family:'Open Sans';\"\n\t\t\t\t\t\t\t>#D2KE \n\t\t\t\t\t\t\t<\/rs-layer><!--\n\n\t\t\t\t\t\t\t--><rs-layer\n\t\t\t\t\t\t\t\tid=\"slider-2-slide-10-layer-6\" \n\t\t\t\t\t\t\t\tdata-type=\"text\"\n\t\t\t\t\t\t\t\tdata-color=\"#ffffff\"\n\t\t\t\t\t\t\t\tdata-rsp_ch=\"on\"\n\t\t\t\t\t\t\t\tdata-xy=\"x:470px;y:445px;\"\n\t\t\t\t\t\t\t\tdata-text=\"l:22;a:inherit;\"\n\t\t\t\t\t\t\t\tdata-frame_0=\"tp:600;\"\n\t\t\t\t\t\t\t\tdata-frame_1=\"tp:600;sR:10;\"\n\t\t\t\t\t\t\t\tdata-frame_999=\"o:0;tp:600;st:w;sR:4690;\"\n\t\t\t\t\t\t\t\tstyle=\"z-index:8;font-family:'Open Sans';\"\n\t\t\t\t\t\t\t>#D\u0130J\u0130TALGELECEK \n\t\t\t\t\t\t\t<\/rs-layer><!--\n\n\t\t\t\t\t\t\t--><rs-layer\n\t\t\t\t\t\t\t\tid=\"slider-2-slide-10-layer-7\" \n\t\t\t\t\t\t\t\tdata-type=\"text\"\n\t\t\t\t\t\t\t\tdata-color=\"#ffffff\"\n\t\t\t\t\t\t\t\tdata-rsp_ch=\"on\"\n\t\t\t\t\t\t\t\tdata-xy=\"x:639px;y:445px;\"\n\t\t\t\t\t\t\t\tdata-text=\"l:22;a:inherit;\"\n\t\t\t\t\t\t\t\tdata-frame_0=\"tp:600;\"\n\t\t\t\t\t\t\t\tdata-frame_1=\"tp:600;sR:10;\"\n\t\t\t\t\t\t\t\tdata-frame_999=\"o:0;tp:600;st:w;sR:4690;\"\n\t\t\t\t\t\t\t\tstyle=\"z-index:9;font-family:'Open Sans';\"\n\t\t\t\t\t\t\t>#D\u0130J\u0130TALD\u00d6N\u00dc\u015e\u00dcM \n\t\t\t\t\t\t\t<\/rs-layer><!--\n\n\t\t\t\t\t\t\t--><rs-layer\n\t\t\t\t\t\t\t\tid=\"slider-2-slide-10-layer-10\" \n\t\t\t\t\t\t\t\tdata-type=\"text\"\n\t\t\t\t\t\t\t\tdata-color=\"#ffffff\"\n\t\t\t\t\t\t\t\tdata-rsp_ch=\"on\"\n\t\t\t\t\t\t\t\tdata-xy=\"x:825px;y:445px;\"\n\t\t\t\t\t\t\t\tdata-text=\"l:22;a:inherit;\"\n\t\t\t\t\t\t\t\tdata-frame_0=\"tp:600;\"\n\t\t\t\t\t\t\t\tdata-frame_1=\"tp:600;sR:10;\"\n\t\t\t\t\t\t\t\tdata-frame_999=\"o:0;tp:600;st:w;sR:4690;\"\n\t\t\t\t\t\t\t\tstyle=\"z-index:10;font-family:'Open Sans';\"\n\t\t\t\t\t\t\t>#KAMUB\u0130B \n\t\t\t\t\t\t\t<\/rs-layer><!--\n\n\t\t\t\t\t\t\t--><rs-layer\n\t\t\t\t\t\t\t\tid=\"slider-2-slide-10-layer-11\" \n\t\t\t\t\t\t\t\tdata-type=\"text\"\n\t\t\t\t\t\t\t\tdata-color=\"#ffffff\"\n\t\t\t\t\t\t\t\tdata-rsp_ch=\"on\"\n\t\t\t\t\t\t\t\tdata-xy=\"x:934px;y:446px;\"\n\t\t\t\t\t\t\t\tdata-text=\"l:22;a:inherit;\"\n\t\t\t\t\t\t\t\tdata-frame_0=\"tp:600;\"\n\t\t\t\t\t\t\t\tdata-frame_1=\"tp:600;sR:10;\"\n\t\t\t\t\t\t\t\tdata-frame_999=\"o:0;tp:600;st:w;sR:4690;\"\n\t\t\t\t\t\t\t\tstyle=\"z-index:11;font-family:'Open Sans';\"\n\t\t\t\t\t\t\t>#B\u0130MY \n\t\t\t\t\t\t\t<\/rs-layer><!--\n-->\t\t\t\t\t<\/rs-slide>\n\t\t\t\t\t<\/rs-slides>\n\t\t\t\t<\/rs-module>\n\t\t\t\t<script>\n\t\t\t\t\tsetREVStartSize({c: 'rev_slider_2_1',rl:[1240,1024,778,480],el:[],gw:[1920],gh:[492],type:'standard',justify:'',layout:'fullwidth',mh:\"0\"});if (window.RS_MODULES!==undefined && window.RS_MODULES.modules!==undefined && window.RS_MODULES.modules[\"revslider21\"]!==undefined) {window.RS_MODULES.modules[\"revslider21\"].once = false;window.revapi2 = undefined;if (window.RS_MODULES.checkMinimal!==undefined) window.RS_MODULES.checkMinimal()}\n\t\t\t\t<\/script>\n\t\t\t<\/rs-module-wrap>\n\t\t\t<!-- END REVOLUTION SLIDER -->\n[\/vc_column][\/vc_row][vc_row][vc_column width=&#8221;5\/6&#8243;][vc_btn title=&#8221;SONU\u00c7 RAPORU&#8221; color=&#8221;blue&#8221; size=&#8221;lg&#8221; align=&#8221;center&#8221; link=&#8221;url:%2F2019%2Fpdf%2Fsonuc-raporu-2019.pdf|title:Sonu%C3%A7%20Raporu|target:%20_blank|&#8221;]<div class=\"themeum-title  \" style=\"text-align:center;\"><h3 class=\"style-title\" style=\"font-weight:700;font-size:28px;line-height: normal;color:#00137b;\">TBD Kamu-B\u0130B'22 ve B\u0130MY\u201926 B\u00fct\u00fcnle\u015fik Etkinli\u011fi<\/h3><\/div>[vc_column_text]<\/p>\n<p style=\"text-align: center;\">Cumhurba\u015fkanl\u0131\u011f\u0131, Ba\u011fl\u0131 Kurulu\u015flar, Bakanl\u0131klar, Yerel Y\u00f6netimler, \u00dcniversite Akademi, \u00d6zel Sekt\u00f6r, STK Temsilcileri, Bilim \u0130nsanlar\u0131, Bili\u015fim Profesyonelleri ve Uzmanlar\u0131n\u0131n kat\u0131l\u0131m\u0131 ile<\/p>\n<p style=\"text-align: center;\"><strong>17 &#8211; 20 <\/strong><strong>Ekim<\/strong><strong> 2019<\/strong>\u00a0tarihlerinde<\/p>\n<p style=\"text-align: center;\">ELA Quality Resort Belek \u2018de ger\u00e7ekle\u015ftiriliyor.<\/p>\n<p>1995 y\u0131l\u0131nda bili\u015fim politikalar\u0131n\u0131n olu\u015fmas\u0131na ve toplumun e-d\u00f6n\u00fc\u015f\u00fcm\u00fcne katk\u0131 sa\u011flamak\u00a0amac\u0131yla kurulmu\u015f olan Kamu-B\u0130B Kamu Bili\u015fim Merkezleri Y\u00f6neticileri Birli\u011fi\u2019nin temel\u00a0amac\u0131 \u00e7\u00f6z\u00fcm \u00fcretmek ve yol g\u00f6stermek suretiyle kamunun bili\u015fim alan\u0131ndaki etkinli\u011finin ve\u00a0fark\u0131ndal\u0131\u011f\u0131n\u0131n art\u0131r\u0131lmas\u0131d\u0131r. G\u00f6n\u00fcll\u00fc \u00fcyeleri ve uzmanlar\u0131n\u0131n katk\u0131lar\u0131yla, d\u00f6nemsel olarak belirlenen konularda raporlar haz\u0131rlamakta, kamuoyu ile payla\u015fmaktad\u0131r. Bir \u201cKamu Bili\u015fim\u00a0Markas\u0131\u201d olan TBD Kamu-B\u0130B, 1999 y\u0131l\u0131ndan bu g\u00fcne ger\u00e7ekle\u015ftirdi\u011fi etkinliklerle KAMU, \u00dcN\u0130VERS\u0130TE ve \u00d6ZEL SEKT\u00d6R B\u0130L\u0130\u015e\u0130M Y\u00d6NET\u0130C\u0130LER\u0130N\u0130N, kamuda politika belirleyici ve karar al\u0131c\u0131lar\u0131n ortak bulu\u015fma noktas\u0131 olmu\u015ftur.<\/p>\n<p>Kamu-B\u0130B Kamu Bili\u015fim Merkezleri Y\u00f6neticileri Birli\u011fi, her sene \u00f6zellikle kamu bili\u015fim faaliyetlerinde ortaya \u00e7\u0131kan sorunlara ortak \u00e7\u00f6z\u00fcm aray\u0131\u015flar\u0131, kamu bili\u015fim projelerinde kazan\u0131lan tecr\u00fcbelerin payla\u015f\u0131m\u0131, d\u00fcnyada ve \u00fclkemizde bili\u015fim teknolojilerindeki yenilikler ve bu yeniliklerden yararlanarak etkin, verimli ve kamu hizmetlerinde iyile\u015ftirici projeler olu\u015fturma fikirlerinin olu\u015fturuldu\u011fu ve kamu bili\u015fim yat\u0131r\u0131mlar\u0131na y\u00f6n verici fikir ve \u00f6nerilerin<br \/>\ntart\u0131\u015f\u0131ld\u0131\u011f\u0131 toplant\u0131lard\u0131r. Kamu-B\u0130B toplant\u0131lar\u0131 sorunlar\u0131n tespiti, sorunlar\u0131 bizzat\u00a0ya\u015fayanlar\u0131n ortak ak\u0131lla ortaya koyduklar\u0131 \u00e7\u00f6z\u00fcm \u00f6nerileri ile farkl\u0131 bak\u0131\u015f a\u00e7\u0131lar\u0131n\u0131n\u00a0geli\u015ftirilmesiyle kamuda verimlili\u011fe do\u011frudan katk\u0131 sa\u011flamas\u0131 y\u00f6n\u00fcyle \u201cKamuda Verimlilik\u00a0Toplant\u0131lar\u0131\u201d olarak da bilinmektedir.<\/p>\n<p>Amac\u0131, \u00fclkemizin bili\u015fim toplumuna ge\u00e7i\u015f \u00e7al\u0131\u015fmalar\u0131nda ;<\/p>\n<ul>\n<li>Kamu Bilgi \u0130\u015flem Birimleri ve sekt\u00f6rel kat\u0131l\u0131m ile bili\u015fim teknolojilerinin etkili ve yayg\u0131n\u00a0kullan\u0131m\u0131,<\/li>\n<li>Kamu kurumlar\u0131n\u0131n hizmetlerini etkin ve verimli sunabilmesi i\u00e7in ulusal bili\u015fim\u00a0politikalar\u0131n\u0131n olu\u015fturulmas\u0131na katk\u0131 sa\u011flanmas\u0131,<\/li>\n<li>Bilgi \u0130\u015flem Birimleri aras\u0131nda bilgi payla\u015f\u0131m\u0131n\u0131n art\u0131r\u0131lmas\u0131,<\/li>\n<li>Mesleki dayan\u0131\u015fman\u0131n geli\u015ftirilmesi,<\/li>\n<li>Sorunlara ortak \u00e7\u00f6z\u00fcmler olu\u015fturulmas\u0131<\/li>\n<\/ul>\n<p>konular\u0131nda fark\u0131ndal\u0131k yaratmak ve sinerji olu\u015fturmakt\u0131r.<\/p>\n<p>17-20 Ekim 2019 tarihinde yirmiikincisini d\u00fczenleyece\u011fimiz \u201c Kamu-B\u0130B\u201d ile yirmialt\u0131nc\u0131s\u0131n\u0131\u00a0d\u00fczenleyece\u011fimiz \u201cB\u0130MY\u201d b\u00fct\u00fcnle\u015fik etkinli\u011fi \u00dclkemizde Dijital D\u00f6n\u00fc\u015f\u00fcm Politikalar\u0131n\u0131n t\u00fcm\u00a0sekt\u00f6rler i\u00e7in konu\u015fulaca\u011f\u0131 bir platform olacak ve kamu, \u00fcniversite ve \u00f6zel sekt\u00f6r bili\u015fim\u00a0y\u00f6neticilerinin ve bu alandaki t\u00fcm payda\u015flar\u0131n ortak bulu\u015fma noktas\u0131 olacakt\u0131r.[\/vc_column_text][vc_gallery type=&#8221;image_grid&#8221; source=&#8221;external_link&#8221; external_img_size=&#8221;440&#215;284&#8243; custom_srcs=&#8221;#E-8_aHR0cHMlM0ElMkYlMkZ3d3cua2FtdS1iaWIub3JnLnRyJTJGa2FtdWJpYi0yMSUyRndwLWNvbnRlbnQlMkZ1cGxvYWRzJTJGMjAxOSUyRjAzJTJGNi5qcGclMkNodHRwcyUzQSUyRiUyRnd3dy5rYW11LWJpYi5vcmcudHIlMkZrYW11YmliLTIxJTJGd3AtY29udGVudCUyRnVwbG9hZHMlMkYyMDE5JTJGMDMlMkYxMS5qcGclMkNodHRwcyUzQSUyRiUyRnd3dy5rYW11LWJpYi5vcmcudHIlMkZrYW11YmliLTIxJTJGd3AtY29udGVudCUyRnVwbG9hZHMlMkYyMDE5JTJGMDMlMkYxNC5qcGclMkNodHRwcyUzQSUyRiUyRnd3dy5rYW11LWJpYi5vcmcudHIlMkZrYW11YmliLTIxJTJGd3AtY29udGVudCUyRnVwbG9hZHMlMkYyMDE5JTJGMDIlMkZrYW11LWJpYi0yMC1hbmFzYXlmYS5qcGclMkNodHRwcyUzQSUyRiUyRnd3dy5rYW11LWJpYi5vcmcudHIlMkZrYW11YmliLTE4JTJGd3AtY29udGVudCUyRnVwbG9hZHMlMkYyMDE1JTJGMDglMkZrYW11YmliLWdvcnNlbC00LmpwZyUyQ2h0dHBzJTNBJTJGJTJGd3d3LmthbXUtYmliLm9yZy50ciUyRmthbXViaWItMTglMkZ3cC1jb250ZW50JTJGdXBsb2FkcyUyRjIwMTUlMkYwOCUyRmthbXViaWItZ29yc2VsLTEuanBn&#8221;][\/vc_column][vc_column width=&#8221;1\/6&#8243;][vc_column_text]<\/p>\n<p style=\"text-align: center;\"><strong>GE\u00c7M\u0130\u015e ETK\u0130NL\u0130KLER<\/strong><\/p>\n<p>[\/vc_column_text][vc_single_image source=&#8221;external_link&#8221; external_img_size=&#8221;150&#215;150&#8243; alignment=&#8221;center&#8221; external_style=&#8221;vc_box_rounded&#8221; onclick=&#8221;custom_link&#8221; img_link_target=&#8221;_blank&#8221; title=&#8221;KAMU-B\u0130B&#8217;20 &#8211; B\u0130MY&#8217;25&#8221; custom_src=&#8221;http:\/\/www.kamubib-bimy.org\/2019\/wp-content\/uploads\/2018\/07\/kamu-bib-bimy-anasayfa-sol.gif&#8221; link=&#8221;http:\/\/www.kamubib-bimy.org\/2018&#8243;][vc_single_image source=&#8221;external_link&#8221; external_img_size=&#8221;150&#215;150&#8243; alignment=&#8221;center&#8221; external_style=&#8221;vc_box_rounded&#8221; onclick=&#8221;custom_link&#8221; img_link_target=&#8221;_blank&#8221; title=&#8221;KAMU-B\u0130B&#8217;19&#8221; custom_src=&#8221;http:\/\/www.kamubib-bimy.org\/2019\/wp-content\/uploads\/2018\/07\/5-Kare-250&#215;250.jpg&#8221; link=&#8221;http:\/\/www.kamu-bib.org.tr\/kamubib-19\/&#8221;][vc_single_image source=&#8221;external_link&#8221; external_img_size=&#8221;150&#215;150&#8243; alignment=&#8221;center&#8221; external_style=&#8221;vc_box_rounded&#8221; onclick=&#8221;custom_link&#8221; img_link_target=&#8221;_blank&#8221; title=&#8221;KAMU-B\u0130B&#8217;18&#8221; custom_src=&#8221;http:\/\/www.kamu-bib.org.tr\/kamubib-18\/wp-content\/uploads\/2015\/09\/5-Kare-250&#215;250.jpg&#8221; link=&#8221;http:\/\/www.kamu-bib.org.tr\/kamubib-18\/&#8221;][vc_single_image source=&#8221;external_link&#8221; external_img_size=&#8221;150&#215;150&#8243; alignment=&#8221;center&#8221; external_style=&#8221;vc_box_rounded&#8221; onclick=&#8221;custom_link&#8221; img_link_target=&#8221;_blank&#8221; title=&#8221;B\u0130MY&#8217;24&#8221; custom_src=&#8221;http:\/\/www.kamubib-bimy.org\/2019\/wp-content\/uploads\/2018\/07\/bimy24.jpg&#8221; link=&#8221;http:\/\/bimy.org.tr\/bimy24&#8243;][vc_single_image source=&#8221;external_link&#8221; external_img_size=&#8221;150&#215;150&#8243; alignment=&#8221;center&#8221; external_style=&#8221;vc_box_rounded&#8221; onclick=&#8221;custom_link&#8221; img_link_target=&#8221;_blank&#8221; title=&#8221;B\u0130MY&#8217;23&#8221; custom_src=&#8221;http:\/\/www.kamubib-bimy.org\/2019\/wp-content\/uploads\/2018\/07\/bimy23.jpg&#8221; link=&#8221;http:\/\/bimy.org.tr\/bimy23&#8243;][vc_column_text]<img decoding=\"async\" class=\"sponsor\" src=\"http:\/\/kamubib-bimy.org\/wp-content\/uploads\/2017\/09\/ce-logo.jpg\" width=\"100%\" \/>[\/vc_column_text][vc_column_text]<img decoding=\"async\" class=\"sponsor\" src=\"http:\/\/kamubib-bimy.org\/wp-content\/uploads\/2017\/09\/ECSM-5thAnniversary-logo.jpg\" width=\"100%\" \/>[\/vc_column_text][vc_column_text]<img decoding=\"async\" class=\"sponsor\" src=\"http:\/\/kamubib-bimy.org\/wp-content\/uploads\/2017\/09\/enisa-logo.jpg\" width=\"100%\" \/>[\/vc_column_text][\/vc_column][\/vc_row]<\/p>\n<\/div>","protected":false},"excerpt":{"rendered":"<p>[vc_row full_width=&#8221;stretch_row&#8221;][vc_column][\/vc_column][\/vc_row][vc_row][vc_column width=&#8221;5\/6&#8243;][vc_btn title=&#8221;SONU\u00c7 RAPORU&#8221; color=&#8221;blue&#8221; size=&#8221;lg&#8221; align=&#8221;center&#8221; link=&#8221;url:%2F2019%2Fpdf%2Fsonuc-raporu-2019.pdf|title:Sonu%C3%A7%20Raporu|target:%20_blank|&#8221;][vc_column_text] Cumhurba\u015fkanl\u0131\u011f\u0131, Ba\u011fl\u0131 Kurulu\u015flar, Bakanl\u0131klar, Yerel Y\u00f6netimler, \u00dcniversite Akademi, \u00d6zel Sekt\u00f6r, STK Temsilcileri, Bilim \u0130nsanlar\u0131, Bili\u015fim Profesyonelleri ve Uzmanlar\u0131n\u0131n kat\u0131l\u0131m\u0131 ile 17 &#8211; 20 Ekim 2019\u00a0tarihlerinde ELA Quality Resort Belek \u2018de ger\u00e7ekle\u015ftiriliyor. 1995 y\u0131l\u0131nda bili\u015fim politikalar\u0131n\u0131n olu\u015fmas\u0131na ve toplumun e-d\u00f6n\u00fc\u015f\u00fcm\u00fcne katk\u0131 sa\u011flamak\u00a0amac\u0131yla kurulmu\u015f olan Kamu-B\u0130B Kamu Bili\u015fim&nbsp;<\/p>\n<p><a class=\"btn btn-style\" href=\"https:\/\/www.kamubib-bimy.org\/2019\/\">Devam\u0131n\u0131 Oku<\/a><\/p>\n","protected":false},"author":2,"featured_media":0,"parent":0,"menu_order":0,"comment_status":"closed","ping_status":"closed","template":"homepage.php","meta":{"footnotes":""},"class_list":["post-2","page","type-page","status-publish","hentry"],"_links":{"self":[{"href":"https:\/\/www.kamubib-bimy.org\/2019\/wp-json\/wp\/v2\/pages\/2","targetHints":{"allow":["GET"]}}],"collection":[{"href":"https:\/\/www.kamubib-bimy.org\/2019\/wp-json\/wp\/v2\/pages"}],"about":[{"href":"https:\/\/www.kamubib-bimy.org\/2019\/wp-json\/wp\/v2\/types\/page"}],"author":[{"embeddable":true,"href":"https:\/\/www.kamubib-bimy.org\/2019\/wp-json\/wp\/v2\/users\/2"}],"replies":[{"embeddable":true,"href":"https:\/\/www.kamubib-bimy.org\/2019\/wp-json\/wp\/v2\/comments?post=2"}],"version-history":[{"count":5,"href":"https:\/\/www.kamubib-bimy.org\/2019\/wp-json\/wp\/v2\/pages\/2\/revisions"}],"predecessor-version":[{"id":1898,"href":"https:\/\/www.kamubib-bimy.org\/2019\/wp-json\/wp\/v2\/pages\/2\/revisions\/1898"}],"wp:attachment":[{"href":"https:\/\/www.kamubib-bimy.org\/2019\/wp-json\/wp\/v2\/media?parent=2"}],"curies":[{"name":"wp","href":"https:\/\/api.w.org\/{rel}","templated":true}]}}