{"id":165,"date":"2017-10-10T14:50:40","date_gmt":"2017-10-10T11:50:40","guid":{"rendered":"http:\/\/kamubib-bimy.org\/?page_id=165"},"modified":"2019-05-31T15:19:21","modified_gmt":"2019-05-31T12:19:21","slug":"katilimci-kayit","status":"publish","type":"page","link":"https:\/\/www.kamubib-bimy.org\/2019\/katilimci-kayit","title":{"rendered":"KATILIM, KAYIT VE F\u0130YATLAR"},"content":{"rendered":"<div class=\"wpb-content-wrapper\"><p>[vc_row full_width=&#8221;stretch_row&#8221;][vc_column]\n\t\t\t<!-- START anasayfay REVOLUTION SLIDER 6.7.41 --><p class=\"rs-p-wp-fix\"><\/p>\n\t\t\t<rs-module-wrap id=\"rev_slider_2_1_wrapper\" data-source=\"gallery\" style=\"visibility:hidden;background:transparent;padding:0;margin:0px auto;margin-top:0;margin-bottom:0;\">\n\t\t\t\t<rs-module id=\"rev_slider_2_1\" style=\"\" data-version=\"6.7.41\">\n\t\t\t\t\t<rs-slides style=\"overflow: hidden; position: absolute;\">\n\t\t\t\t\t\t<rs-slide style=\"position: absolute;\" data-key=\"rs-10\" data-title=\"Slide\" data-anim=\"p:transparent;\" data-in=\"o:0;\" data-out=\"o:0;\">\n\t\t\t\t\t\t\t<img decoding=\"async\" src=\"\/\/www.kamubib-bimy.org\/2019\/wp-content\/plugins\/revslider\/sr6\/assets\/assets\/dummy.png\" alt=\"Slide\" title=\"KATILIM, KAYIT VE F\u0130YATLAR\" class=\"rev-slidebg tp-rs-img rs-lazyload\" data-lazyload=\"\/\/www.kamubib-bimy.org\/2019\/wp-content\/plugins\/revslider\/sr6\/assets\/assets\/transparent.png\" data-no-retina>\n<!--\n\t\t\t\t\t\t\t--><rs-layer\n\t\t\t\t\t\t\t\tid=\"slider-2-slide-10-layer-12\" \n\t\t\t\t\t\t\t\tdata-type=\"image\"\n\t\t\t\t\t\t\t\tdata-rsp_ch=\"on\"\n\t\t\t\t\t\t\t\tdata-xy=\"x:-4px;y:-1px;\"\n\t\t\t\t\t\t\t\tdata-text=\"l:22;a:inherit;\"\n\t\t\t\t\t\t\t\tdata-dim=\"w:1920px;h:492px;\"\n\t\t\t\t\t\t\t\tdata-frame_0=\"tp:600;\"\n\t\t\t\t\t\t\t\tdata-frame_1=\"tp:600;sR:10;\"\n\t\t\t\t\t\t\t\tdata-frame_999=\"o:0;tp:600;st:w;sR:4690;\"\n\t\t\t\t\t\t\t\tstyle=\"z-index:5;\"\n\t\t\t\t\t\t\t><img decoding=\"async\" src=\"\/\/www.kamubib-bimy.org\/2019\/wp-content\/plugins\/revslider\/sr6\/assets\/assets\/dummy.png\" alt=\"\" class=\"tp-rs-img rs-lazyload\" width=\"1920\" height=\"492\" data-lazyload=\"\/\/www.kamubib-bimy.org\/2019\/wp-content\/uploads\/2019\/05\/kamubib-bimy-19-slider.jpg\" data-no-retina> \n\t\t\t\t\t\t\t<\/rs-layer><!--\n\n\t\t\t\t\t\t\t--><rs-layer\n\t\t\t\t\t\t\t\tid=\"slider-2-slide-10-layer-4\" \n\t\t\t\t\t\t\t\tdata-type=\"text\"\n\t\t\t\t\t\t\t\tdata-color=\"#ffffff\"\n\t\t\t\t\t\t\t\tdata-rsp_ch=\"on\"\n\t\t\t\t\t\t\t\tdata-xy=\"x:114px;y:445px;\"\n\t\t\t\t\t\t\t\tdata-text=\"l:22;a:inherit;\"\n\t\t\t\t\t\t\t\tdata-frame_0=\"tp:600;\"\n\t\t\t\t\t\t\t\tdata-frame_1=\"tp:600;sR:10;\"\n\t\t\t\t\t\t\t\tdata-frame_999=\"o:0;tp:600;st:w;sR:4690;\"\n\t\t\t\t\t\t\t\tstyle=\"z-index:6;font-family:'Open Sans';\"\n\t\t\t\t\t\t\t>tbd.org.tr  |  kamubib-bimy.org \n\t\t\t\t\t\t\t<\/rs-layer><!--\n\n\t\t\t\t\t\t\t--><rs-layer\n\t\t\t\t\t\t\t\tid=\"slider-2-slide-10-layer-5\" \n\t\t\t\t\t\t\t\tdata-type=\"text\"\n\t\t\t\t\t\t\t\tdata-color=\"#ffffff\"\n\t\t\t\t\t\t\t\tdata-rsp_ch=\"on\"\n\t\t\t\t\t\t\t\tdata-xy=\"x:400px;y:445px;\"\n\t\t\t\t\t\t\t\tdata-text=\"l:22;a:inherit;\"\n\t\t\t\t\t\t\t\tdata-frame_0=\"tp:600;\"\n\t\t\t\t\t\t\t\tdata-frame_1=\"tp:600;sR:10;\"\n\t\t\t\t\t\t\t\tdata-frame_999=\"o:0;tp:600;st:w;sR:4690;\"\n\t\t\t\t\t\t\t\tstyle=\"z-index:7;font-family:'Open Sans';\"\n\t\t\t\t\t\t\t>#D2KE \n\t\t\t\t\t\t\t<\/rs-layer><!--\n\n\t\t\t\t\t\t\t--><rs-layer\n\t\t\t\t\t\t\t\tid=\"slider-2-slide-10-layer-6\" \n\t\t\t\t\t\t\t\tdata-type=\"text\"\n\t\t\t\t\t\t\t\tdata-color=\"#ffffff\"\n\t\t\t\t\t\t\t\tdata-rsp_ch=\"on\"\n\t\t\t\t\t\t\t\tdata-xy=\"x:470px;y:445px;\"\n\t\t\t\t\t\t\t\tdata-text=\"l:22;a:inherit;\"\n\t\t\t\t\t\t\t\tdata-frame_0=\"tp:600;\"\n\t\t\t\t\t\t\t\tdata-frame_1=\"tp:600;sR:10;\"\n\t\t\t\t\t\t\t\tdata-frame_999=\"o:0;tp:600;st:w;sR:4690;\"\n\t\t\t\t\t\t\t\tstyle=\"z-index:8;font-family:'Open Sans';\"\n\t\t\t\t\t\t\t>#D\u0130J\u0130TALGELECEK \n\t\t\t\t\t\t\t<\/rs-layer><!--\n\n\t\t\t\t\t\t\t--><rs-layer\n\t\t\t\t\t\t\t\tid=\"slider-2-slide-10-layer-7\" \n\t\t\t\t\t\t\t\tdata-type=\"text\"\n\t\t\t\t\t\t\t\tdata-color=\"#ffffff\"\n\t\t\t\t\t\t\t\tdata-rsp_ch=\"on\"\n\t\t\t\t\t\t\t\tdata-xy=\"x:639px;y:445px;\"\n\t\t\t\t\t\t\t\tdata-text=\"l:22;a:inherit;\"\n\t\t\t\t\t\t\t\tdata-frame_0=\"tp:600;\"\n\t\t\t\t\t\t\t\tdata-frame_1=\"tp:600;sR:10;\"\n\t\t\t\t\t\t\t\tdata-frame_999=\"o:0;tp:600;st:w;sR:4690;\"\n\t\t\t\t\t\t\t\tstyle=\"z-index:9;font-family:'Open Sans';\"\n\t\t\t\t\t\t\t>#D\u0130J\u0130TALD\u00d6N\u00dc\u015e\u00dcM \n\t\t\t\t\t\t\t<\/rs-layer><!--\n\n\t\t\t\t\t\t\t--><rs-layer\n\t\t\t\t\t\t\t\tid=\"slider-2-slide-10-layer-10\" \n\t\t\t\t\t\t\t\tdata-type=\"text\"\n\t\t\t\t\t\t\t\tdata-color=\"#ffffff\"\n\t\t\t\t\t\t\t\tdata-rsp_ch=\"on\"\n\t\t\t\t\t\t\t\tdata-xy=\"x:825px;y:445px;\"\n\t\t\t\t\t\t\t\tdata-text=\"l:22;a:inherit;\"\n\t\t\t\t\t\t\t\tdata-frame_0=\"tp:600;\"\n\t\t\t\t\t\t\t\tdata-frame_1=\"tp:600;sR:10;\"\n\t\t\t\t\t\t\t\tdata-frame_999=\"o:0;tp:600;st:w;sR:4690;\"\n\t\t\t\t\t\t\t\tstyle=\"z-index:10;font-family:'Open Sans';\"\n\t\t\t\t\t\t\t>#KAMUB\u0130B \n\t\t\t\t\t\t\t<\/rs-layer><!--\n\n\t\t\t\t\t\t\t--><rs-layer\n\t\t\t\t\t\t\t\tid=\"slider-2-slide-10-layer-11\" \n\t\t\t\t\t\t\t\tdata-type=\"text\"\n\t\t\t\t\t\t\t\tdata-color=\"#ffffff\"\n\t\t\t\t\t\t\t\tdata-rsp_ch=\"on\"\n\t\t\t\t\t\t\t\tdata-xy=\"x:934px;y:446px;\"\n\t\t\t\t\t\t\t\tdata-text=\"l:22;a:inherit;\"\n\t\t\t\t\t\t\t\tdata-frame_0=\"tp:600;\"\n\t\t\t\t\t\t\t\tdata-frame_1=\"tp:600;sR:10;\"\n\t\t\t\t\t\t\t\tdata-frame_999=\"o:0;tp:600;st:w;sR:4690;\"\n\t\t\t\t\t\t\t\tstyle=\"z-index:11;font-family:'Open Sans';\"\n\t\t\t\t\t\t\t>#B\u0130MY \n\t\t\t\t\t\t\t<\/rs-layer><!--\n-->\t\t\t\t\t<\/rs-slide>\n\t\t\t\t\t<\/rs-slides>\n\t\t\t\t<\/rs-module>\n\t\t\t\t<script>\n\t\t\t\t\tsetREVStartSize({c: 'rev_slider_2_1',rl:[1240,1024,778,480],el:[],gw:[1920],gh:[492],type:'standard',justify:'',layout:'fullwidth',mh:\"0\"});if (window.RS_MODULES!==undefined && window.RS_MODULES.modules!==undefined && window.RS_MODULES.modules[\"revslider21\"]!==undefined) {window.RS_MODULES.modules[\"revslider21\"].once = false;window.revapi2 = undefined;if (window.RS_MODULES.checkMinimal!==undefined) window.RS_MODULES.checkMinimal()}\n\t\t\t\t<\/script>\n\t\t\t<\/rs-module-wrap>\n\t\t\t<!-- END REVOLUTION SLIDER -->\n[\/vc_column][\/vc_row][vc_row][vc_column width=&#8221;1\/3&#8243;][\/vc_column][vc_column width=&#8221;1\/3&#8243;][vc_btn title=&#8221;KONGRE KATILIM KAYIT FORMU (PDF)&#8221; color=&#8221;primary&#8221; link=&#8221;url:%2F2019%2Fpdf%2Fkatilim-kayit-formu.pdf||target:%20_blank|&#8221;][\/vc_column][vc_column width=&#8221;1\/3&#8243;][\/vc_column][\/vc_row][vc_row][vc_column][vc_raw_html]JTIwJTIwJTIwJTIwJTNDdGFibGUlMjBpZCUzRCUyMnQ0JTIyJTNFJTBBJTIwJTIwJTIwJTIwJTIwJTIwJTIwJTIwJTNDdHIlM0UlMEElMjAlMjAlMjAlMjAlMjAlMjAlMjAlMjAlMjAlMjAlM0N0aCUzRUtBTVUlMjBLVVJVTSUyMFRFTVMlQzQlQjBMQyVDNCVCMFMlQzQlQjAlMjB2ZXlhJTIwVEJEJTIwJUMzJTlDeWVzaSUzQyUyRnRoJTNFJTBBJTIwJTIwJTIwJTIwJTIwJTIwJTIwJTIwJTIwJTIwJTNDdGglMjBjbGFzcyUzRCUyMnQ1JTIyJTNFMi45NzUlMjBUTCUzQyUyRnRoJTNFJTBBJTIwJTIwJTIwJTIwJTIwJTIwJTIwJTIwJTNDJTJGdHIlM0UlMEElMjAlMjAlMjAlMjAlMjAlMjAlMjAlMjAlM0N0ciUzRSUwQSUyMCUyMCUyMCUyMCUyMCUyMCUyMCUyMCUyMCUyMCUyMCUyMCUzQ3RkJTNFLSUyMDElMjBLaSVDNSU5RmlsaWslMjBPZGElMjBLb25ha2xhbWElMjBGaXlhdCVDNCVCMSUzQyUyRnRkJTNFJTBBJTIwJTIwJTIwJTIwJTIwJTIwJTIwJTIwJTIwJTIwJTIwJTIwJTNDdGQlM0UlM0MlMkZ0ZCUzRSUwQSUyMCUyMCUyMCUyMCUyMCUyMCUyMCUyMCUzQyUyRnRyJTNFJTBBJTIwJTIwJTIwJTIwJTNDJTJGdGFibGUlM0UlMEElMjAlMjAlMjAlMjAlM0NiciUzRSUwQSUyMCUyMCUyMCUyMCUzQ3RhYmxlJTIwaWQlM0QlMjJ0NCUyMiUzRSUwQSUyMCUyMCUyMCUyMCUyMCUyMCUyMCUyMCUzQ3RyJTNFJTBBJTIwJTIwJTIwJTIwJTIwJTIwJTIwJTIwJTIwJTIwJTIwJTIwJTNDdGglM0VLQU1VJTIwS1VSVU0lMjBURU1TJUM0JUIwTEMlQzQlQjBTJUM0JUIwJTIwdmUlMkZ2ZXlhJTIwVEJEJTIwJUMzJTlDeWVzaSUzQyUyRnRoJTNFJTBBJTIwJTIwJTIwJTIwJTIwJTIwJTIwJTIwJTIwJTIwJTIwJTIwJTNDdGglMjBjbGFzcyUzRCUyMnQ1JTIyJTNFMi4wNzUlMjBUTCUzQyUyRnRoJTNFJTBBJTIwJTIwJTIwJTIwJTIwJTIwJTIwJTIwJTNDJTJGdHIlM0UlMEElMjAlMjAlMjAlMjAlMjAlMjAlMjAlMjAlM0N0ciUzRSUwQSUyMCUyMCUyMCUyMCUyMCUyMCUyMCUyMCUyMCUyMCUyMCUyMCUzQ3RkJTNFLSUyMDIlMjBLaSVDNSU5RmlsaWslMjBPZGFkYSUyMEtpJUM1JTlGaSUyMEJhJUM1JTlGJUM0JUIxJTIwS29uYWtsYW1hJTIwRml5YXQlQzQlQjElM0MlMkZ0ZCUzRSUwQSUyMCUyMCUyMCUyMCUyMCUyMCUyMCUyMCUyMCUyMCUyMCUyMCUzQ3RkJTNFJTNDJTJGdGQlM0UlMEElMjAlMjAlMjAlMjAlMjAlMjAlMjAlMjAlM0MlMkZ0ciUzRSUwQSUyMCUyMCUyMCUyMCUzQyUyRnRhYmxlJTNFJTBBJTIwJTIwJTIwJTIwJTNDcCUzRSVFMiU4MCVBMiUyMCVDMyU5Q2NyZXRsaSUyMG9sYXJhayUyMGthdCVDNCVCMWxhY2FrJTIwS2FtdSUyMEt1cnVtJTIwS3VydWx1JUM1JTlGbGFyJUM0JUIxJTJDJTIwJUMzJTlDbml2ZXJzaXRlbGVyJTIwdmUlMjBCZWxlZGl5ZWxlciUyMHRlbXNpbGNpbGVyaW5lJTIwJUMzJUI2emVsJTIwa2F5JUM0JUIxdCUyMGklQzUlOUZsZW1sZXJpJTIwaSVDMyVBN2luJTIwbCVDMyVCQ3RmZW4lMjAlM0NzcGFuJTIwc3R5bGUlM0QlMjJmb250LXdlaWdodCUzQSUyMGJvbGQlMjIlM0VPcmdhbml6YXN5b24lMjBGaXJtYSUyMFRlbXNpbGNpc2luZSUzQyUyRnNwYW4lM0UlMjB1bGElQzUlOUYlQzQlQjFuJUM0JUIxei4lM0MlMkZwJTNFJTBBJTIwJTIwJTIwJTIwJTNDcCUzRSVFMiU4MCVBMiUyMCVDMyU5Q2NyZXRsaSUyMG9sYXJhayUyMGthdCVDNCVCMWxhY2FrJTIwVEJEJTIwJUMzJTlDeWVsZXJpbmUlMjAlQzMlQjZ6ZWwlMjBrYXklQzQlQjF0JTIwaSVDNSU5RmxlbWxlcmklMjBpJUMzJUE3aW4lMjBsJUMzJUJDdGZlbiUyMGElQzUlOUZhJUM0JTlGJUM0JUIxZGElMjBiZWxpcnRpbGVuJTIwT3JnYW5pemFzeW9uJTIwRmlybWFzJUM0JUIxbmElMjB1bGElQzUlOUYlQzQlQjFuJUM0JUIxei4lMjAlMjglQzMlOUN5ZSUyMGFpZGF0JTIwYm9yY3UlMjBvbG1hbWFzJUM0JUIxJTIwZ2VyZWttZWt0ZWRpci4lMjklM0MlMkZwJTNFJTBBJTIwJTIwJTIwJTIwJTBBJTIwJTIwJTIwJTIwJTNDdGFibGUlMjBpZCUzRCUyMnQ0JTIyJTNFJTBBJTIwJTIwJTIwJTIwJTIwJTIwJTIwJTIwJTNDdHIlM0UlMEElMjAlMjAlMjAlMjAlMjAlMjAlMjAlMjAlMjAlMjAlMjAlMjAlM0N0aCUzRSVDMyU5NlpFTCUyMFNFS1QlQzMlOTZSJTIwRiVDNCVCMFJNQSUyMFRFTVMlQzQlQjBMQyVDNCVCMFMlQzQlQjAlMjAlMjAlMjg1JTIwS2F0JUM0JUIxbCVDNCVCMW1jJUM0JUIxJTIwdmUlMjAlQzMlOUN6ZXJpJTI5JTNDJTJGdGglM0UlMEElMjAlMjAlMjAlMjAlMjAlMjAlMjAlMjAlMjAlMjAlMjAlMjAlM0N0aCUyMGNsYXNzJTNEJTIydDUlMjIlM0UzLjQ1MCUyMFRMJTNDJTJGdGglM0UlMEElMjAlMjAlMjAlMjAlMjAlMjAlMjAlMjAlM0MlMkZ0ciUzRSUwQSUyMCUyMCUyMCUyMCUyMCUyMCUyMCUyMCUzQ3RyJTNFJTBBJTIwJTIwJTIwJTIwJTIwJTIwJTIwJTIwJTIwJTIwJTIwJTIwJTNDdGQlM0UtJTIwMSUyMEtpJUM1JTlGaWxpayUyME9kYWRhJTIwS29uYWtsYW1hJTIwRml5YXQlQzQlQjElM0MlMkZ0ZCUzRSUwQSUyMCUyMCUyMCUyMCUyMCUyMCUyMCUyMCUyMCUyMCUyMCUyMCUzQ3RkJTNFJTNDJTJGdGQlM0UlMEElMjAlMjAlMjAlMjAlMjAlMjAlMjAlMjAlM0MlMkZ0ciUzRSUwQSUyMCUyMCUyMCUyMCUzQyUyRnRhYmxlJTNFJTBBJTIwJTIwJTIwJTIwJTNDYnIlM0UlMEElMjAlMjAlMjAlMjAlM0N0YWJsZSUyMGlkJTNEJTIydDQlMjIlM0UlMEElMjAlMjAlMjAlMjAlMjAlMjAlMjAlMjAlM0N0ciUzRSUwQSUyMCUyMCUyMCUyMCUyMCUyMCUyMCUyMCUyMCUyMCUyMCUyMCUzQ3RoJTNFJUMzJTk2WkVMJTIwU0VLVCVDMyU5NlIlMjBGJUM0JUIwUk1BJTIwVEVNUyVDNCVCMExDJUM0JUIwUyVDNCVCMCUyMCUyMCUyODUlMjBLYXQlQzQlQjFsJUM0JUIxbWMlQzQlQjElMjB2ZSUyMCVDMyU5Q3plcmklMjklM0MlMkZ0aCUzRSUwQSUyMCUyMCUyMCUyMCUyMCUyMCUyMCUyMCUyMCUyMCUyMCUyMCUzQ3RoJTIwY2xhc3MlM0QlMjJ0NSUyMiUzRTIuMjUwJTIwVEwlM0MlMkZ0aCUzRSUwQSUyMCUyMCUyMCUyMCUyMCUyMCUyMCUyMCUyMCUyMCUyMCUyMCUwQSUyMCUyMCUyMCUyMCUyMCUyMCUyMCUyMCUzQyUyRnRyJTNFJTBBJTIwJTIwJTIwJTIwJTIwJTIwJTIwJTIwJTNDdHIlM0UlMEElMjAlMjAlMjAlMjAlMjAlMjAlMjAlMjAlMjAlMjAlMjAlMjAlM0N0ZCUzRS0lMjAyJTIwS2klQzUlOUZpbGlrJTIwT2RhZGElMjBLaSVDNSU5RmklMjBCYSVDNSU5RiVDNCVCMSUyMEtvbmFrbGFtYSUyMEZpeWF0JUM0JUIxJTNDJTJGdGQlM0UlMEElMjAlMjAlMjAlMjAlMjAlMjAlMjAlMjAlMjAlMjAlMjAlMjAlM0N0ZCUzRSUzQyUyRnRkJTNFJTBBJTIwJTIwJTIwJTIwJTIwJTIwJTIwJTIwJTNDJTJGdHIlM0UlMEElMjAlMjAlMjAlMjAlM0MlMkZ0YWJsZSUzRSUwQSUyMCUyMCUyMCUyMCUwQSUyMCUyMCUyMCUyMCUzQ3AlM0UlRTIlODAlQTIlMjBTcG9uc29yJTIwa29udGVuamFubGFyJUM0JUIxJTIwZCVDNCVCMSVDNSU5RiVDNCVCMW5kYSUyMHNwb25zb3JsYXIlQzQlQjFtJUM0JUIxeiUyMHRhcmFmJUM0JUIxbmRhbiUyMDUlMjBraSVDNSU5RmklMjB2ZSUyMCVDMyVCQ3plcmluZGUlMjBrYXQlQzQlQjFsJUM0JUIxbWMlQzQlQjElMjBrYXklQzQlQjF0JTIwaSVDNSU5RmxlbWxlcmklMjBpJUMzJUE3aW4lMjBsJUMzJUJDdGZlbiUyMCUzQ3NwYW4lMjBzdHlsZSUzRCUyMmZvbnQtd2VpZ2h0JTNBJTIwYm9sZCUyMiUzRU9yZ2FuaXphc3lvbiUyMEZpcm1hJTIwVGVtc2lsY2lzaW5lJTNDJTJGc3BhbiUzRSUyMHVsYSVDNSU5RiVDNCVCMW4lQzQlQjF6LiUzQyUyRnAlM0UlMjAlMjAlMjAlMjAlMEElMjAlMjAlMjAlMjAlMEElMjAlMjAlMjAlMjAlM0N0YWJsZSUyMGlkJTNEJTIydDQlMjIlM0UlMEElMjAlMjAlMjAlMjAlMjAlMjAlMjAlMjAlM0N0ciUzRSUwQSUyMCUyMCUyMCUyMCUyMCUyMCUyMCUyMCUyMCUyMCUyMCUyMCUzQ3RoJTNFUkVGQUtBVCVDMyU4NyVDNCVCMCUyMEtBVElMSU0lMjAlMjhLaSVDNSU5RmklMjBiYSVDNSU5RiVDNCVCMSUyOSUzQyUyRnRoJTNFJTBBJTIwJTIwJTIwJTIwJTIwJTIwJTIwJTIwJTIwJTIwJTIwJTIwJTNDdGglMjBjbGFzcyUzRCUyMnQ1JTIyJTNFMS4yNTAlMjBUTCUzQyUyRnRoJTNFJTBBJTIwJTIwJTIwJTIwJTIwJTIwJTIwJTIwJTNDJTJGdHIlM0UlMEElMjAlMjAlMjAlMjAlMjAlMjAlMjAlMjAlM0N0ciUzRSUwQSUyMCUyMCUyMCUyMCUyMCUyMCUyMCUyMCUyMCUyMCUyMCUyMCUzQ3RkJTNFLSUyMEtvbmFrbGFtYSUyMEZhcmslMjBGaXlhdCVDNCVCMWQlQzQlQjFyLiUzQyUyRnRkJTNFJTBBJTIwJTIwJTIwJTIwJTIwJTIwJTIwJTIwJTIwJTIwJTIwJTIwJTNDdGQlM0UlM0MlMkZ0ZCUzRSUwQSUyMCUyMCUyMCUyMCUyMCUyMCUyMCUyMCUzQyUyRnRyJTNFJTBBJTIwJTIwJTIwJTIwJTNDJTJGdGFibGUlM0UlMEElMjAlMjAlMjAlMjAlM0NwJTNFJUUyJTgwJUEyJTIwRGF2ZXRsaSUyMHZlJTJGdmV5YSUyMCVDMyU5Q2NyZXRsaSUyMHQlQzMlQkNtJTIwa2F0JUM0JUIxbCVDNCVCMW1jJUM0JUIxbGFyJUM0JUIxbiUyMGUlQzUlOUYlMjB2ZSUyMCVDMyVBN29jdWtsYXIlMjBrYXklQzQlQjF0JTIwaSVDNSU5RmxlbWxlcmklMjBpJUMzJUE3aW4lMjBsJUMzJUJDdGZlbiUyMCUzQ3NwYW4lMjBzdHlsZSUzRCUyMmZvbnQtd2VpZ2h0JTNBJTIwYm9sZCUyMiUzRU9yZ2FuaXphc3lvbiUyMEZpcm1hJTIwVGVtc2lsY2lzaW5lJTNDJTJGc3BhbiUzRSUyMHVsYSVDNSU5RiVDNCVCMW4lQzQlQjF6LiUzQyUyRnAlM0UlMEElMjAlMjAlMjAlMjAlM0NwJTIwc3R5bGUlM0QlMjJjb2xvciUzQSUyMCUyM2MwMDAwMCUyMiUzRSVFMiU4MCVBMiUyMFJlZmFrYXQlQzMlQTdpJTIwaSVDMyVBN2luJTIwS29uZ3JlJTIwS2F0JUM0JUIxbCVDNCVCMW0lQzQlQjElMjBkYWhpbCUyMGRlJUM0JTlGaWxkaXIuJTNDJTJGcCUzRSUwQSUyMCUyMCUyMCUyMCUzQ3AlMjBzdHlsZSUzRCUyMmNvbG9yJTNBJTIwJTIzYzAwMDAwJTIyJTNFJUUyJTgwJUEyJTIwJUMzJTg3b2N1a2x1JTIwa2F0JUM0JUIxbCVDNCVCMW0lMjBpJUMzJUE3aW4lMjBPcmdhbml6YXN5b24lMjBGaXJtYSUyMHRlbXNpbGNpc2luZSUyMHVsYSVDNSU5RiVDNCVCMW4lQzQlQjF6LiUzQyUyRnAlM0UlMEElMjAlMjAlMjAlMjAlMEElMjAlMjAlMjAlMjAlM0NjZW50ZXIlM0UlM0NzcGFuJTIwc3R5bGUlM0QlMjJmb250LXN0eWxlJTNBJTIwaXRhbGljJTNCZm9udC13ZWlnaHQlM0ElMjBib2xkJTIyJTNFWXVrYXIlQzQlQjFkYSUyMGJlbGlydGlsZW4lMjBmaXlhdGxhcmElMjBmYXR1cmFsYW5kJUM0JUIxcm1hJTIwYSVDNSU5RmFtYXMlQzQlQjFuZGElMjAlMjUxOCUyMEtEViUyMGlsYXZlJTIwZWRpbGVjZWt0aXIuJTNDJTJGc3BhbiUzRSUzQyUyRmNlbnRlciUzRQ==[\/vc_raw_html][\/vc_column][\/vc_row][vc_row][vc_column width=&#8221;1\/3&#8243;][\/vc_column][vc_column width=&#8221;1\/3&#8243;][vc_btn title=&#8221;KONGRE KATILIM KAYIT FORMU (PDF)&#8221; color=&#8221;primary&#8221; link=&#8221;url:%2F2019%2Fpdf%2Fkatilim-kayit-formu.pdf||target:%20_blank|&#8221;][\/vc_column][vc_column width=&#8221;1\/3&#8243;][\/vc_column][\/vc_row]<\/p>\n<\/div>","protected":false},"excerpt":{"rendered":"<p>[vc_row full_width=&#8221;stretch_row&#8221;][vc_column][\/vc_column][\/vc_row][vc_row][vc_column width=&#8221;1\/3&#8243;][\/vc_column][vc_column width=&#8221;1\/3&#8243;][vc_btn title=&#8221;KONGRE KATILIM KAYIT FORMU (PDF)&#8221; color=&#8221;primary&#8221; link=&#8221;url:%2F2019%2Fpdf%2Fkatilim-kayit-formu.pdf||target:%20_blank|&#8221;][\/vc_column][vc_column width=&#8221;1\/3&#8243;][\/vc_column][\/vc_row][vc_row][vc_column][vc_raw_html]JTIwJTIwJTIwJTIwJTNDdGFibGUlMjBpZCUzRCUyMnQ0JTIyJTNFJTBBJTIwJTIwJTIwJTIwJTIwJTIwJTIwJTIwJTNDdHIlM0UlMEElMjAlMjAlMjAlMjAlMjAlMjAlMjAlMjAlMjAlMjAlM0N0aCUzRUtBTVUlMjBLVVJVTSUyMFRFTVMlQzQlQjBMQyVDNCVCMFMlQzQlQjAlMjB2ZXlhJTIwVEJEJTIwJUMzJTlDeWVzaSUzQyUyRnRoJTNFJTBBJTIwJTIwJTIwJTIwJTIwJTIwJTIwJTIwJTIwJTIwJTNDdGglMjBjbGFzcyUzRCUyMnQ1JTIyJTNFMi45NzUlMjBUTCUzQyUyRnRoJTNFJTBBJTIwJTIwJTIwJTIwJTIwJTIwJTIwJTIwJTNDJTJGdHIlM0UlMEElMjAlMjAlMjAlMjAlMjAlMjAlMjAlMjAlM0N0ciUzRSUwQSUyMCUyMCUyMCUyMCUyMCUyMCUyMCUyMCUyMCUyMCUyMCUyMCUzQ3RkJTNFLSUyMDElMjBLaSVDNSU5RmlsaWslMjBPZGElMjBLb25ha2xhbWElMjBGaXlhdCVDNCVCMSUzQyUyRnRkJTNFJTBBJTIwJTIwJTIwJTIwJTIwJTIwJTIwJTIwJTIwJTIwJTIwJTIwJTNDdGQlM0UlM0MlMkZ0ZCUzRSUwQSUyMCUyMCUyMCUyMCUyMCUyMCUyMCUyMCUzQyUyRnRyJTNFJTBBJTIwJTIwJTIwJTIwJTNDJTJGdGFibGUlM0UlMEElMjAlMjAlMjAlMjAlM0NiciUzRSUwQSUyMCUyMCUyMCUyMCUzQ3RhYmxlJTIwaWQlM0QlMjJ0NCUyMiUzRSUwQSUyMCUyMCUyMCUyMCUyMCUyMCUyMCUyMCUzQ3RyJTNFJTBBJTIwJTIwJTIwJTIwJTIwJTIwJTIwJTIwJTIwJTIwJTIwJTIwJTNDdGglM0VLQU1VJTIwS1VSVU0lMjBURU1TJUM0JUIwTEMlQzQlQjBTJUM0JUIwJTIwdmUlMkZ2ZXlhJTIwVEJEJTIwJUMzJTlDeWVzaSUzQyUyRnRoJTNFJTBBJTIwJTIwJTIwJTIwJTIwJTIwJTIwJTIwJTIwJTIwJTIwJTIwJTNDdGglMjBjbGFzcyUzRCUyMnQ1JTIyJTNFMi4wNzUlMjBUTCUzQyUyRnRoJTNFJTBBJTIwJTIwJTIwJTIwJTIwJTIwJTIwJTIwJTNDJTJGdHIlM0UlMEElMjAlMjAlMjAlMjAlMjAlMjAlMjAlMjAlM0N0ciUzRSUwQSUyMCUyMCUyMCUyMCUyMCUyMCUyMCUyMCUyMCUyMCUyMCUyMCUzQ3RkJTNFLSUyMDIlMjBLaSVDNSU5RmlsaWslMjBPZGFkYSUyMEtpJUM1JTlGaSUyMEJhJUM1JTlGJUM0JUIxJTIwS29uYWtsYW1hJTIwRml5YXQlQzQlQjElM0MlMkZ0ZCUzRSUwQSUyMCUyMCUyMCUyMCUyMCUyMCUyMCUyMCUyMCUyMCUyMCUyMCUzQ3RkJTNFJTNDJTJGdGQlM0UlMEElMjAlMjAlMjAlMjAlMjAlMjAlMjAlMjAlM0MlMkZ0ciUzRSUwQSUyMCUyMCUyMCUyMCUzQyUyRnRhYmxlJTNFJTBBJTIwJTIwJTIwJTIwJTNDcCUzRSVFMiU4MCVBMiUyMCVDMyU5Q2NyZXRsaSUyMG9sYXJhayUyMGthdCVDNCVCMWxhY2FrJTIwS2FtdSUyMEt1cnVtJTIwS3VydWx1JUM1JTlGbGFyJUM0JUIxJTJDJTIwJUMzJTlDbml2ZXJzaXRlbGVyJTIwdmUlMjBCZWxlZGl5ZWxlciUyMHRlbXNpbGNpbGVyaW5lJTIwJUMzJUI2emVsJTIwa2F5JUM0JUIxdCUyMGklQzUlOUZsZW1sZXJpJTIwaSVDMyVBN2luJTIwbCVDMyVCQ3RmZW4lMjAlM0NzcGFuJTIwc3R5bGUlM0QlMjJmb250LXdlaWdodCUzQSUyMGJvbGQlMjIlM0VPcmdhbml6YXN5b24lMjBGaXJtYSUyMFRlbXNpbGNpc2luZSUzQyUyRnNwYW4lM0UlMjB1bGElQzUlOUYlQzQlQjFuJUM0JUIxei4lM0MlMkZwJTNFJTBBJTIwJTIwJTIwJTIwJTNDcCUzRSVFMiU4MCVBMiUyMCVDMyU5Q2NyZXRsaSUyMG9sYXJhayUyMGthdCVDNCVCMWxhY2FrJTIwVEJEJTIwJUMzJTlDeWVsZXJpbmUlMjAlQzMlQjZ6ZWwlMjBrYXklQzQlQjF0JTIwaSVDNSU5RmxlbWxlcmklMjBpJUMzJUE3aW4lMjBsJUMzJUJDdGZlbiUyMGElQzUlOUZhJUM0JTlGJUM0JUIxZGElMjBiZWxpcnRpbGVuJTIwT3JnYW5pemFzeW9uJTIwRmlybWFzJUM0JUIxbmElMjB1bGElQzUlOUYlQzQlQjFuJUM0JUIxei4lMjAlMjglQzMlOUN5ZSUyMGFpZGF0JTIwYm9yY3UlMjBvbG1hbWFzJUM0JUIxJTIwZ2VyZWttZWt0ZWRpci4lMjklM0MlMkZwJTNFJTBBJTIwJTIwJTIwJTIwJTBBJTIwJTIwJTIwJTIwJTNDdGFibGUlMjBpZCUzRCUyMnQ0JTIyJTNFJTBBJTIwJTIwJTIwJTIwJTIwJTIwJTIwJTIwJTNDdHIlM0UlMEElMjAlMjAlMjAlMjAlMjAlMjAlMjAlMjAlMjAlMjAlMjAlMjAlM0N0aCUzRSVDMyU5NlpFTCUyMFNFS1QlQzMlOTZSJTIwRiVDNCVCMFJNQSUyMFRFTVMlQzQlQjBMQyVDNCVCMFMlQzQlQjAlMjAlMjAlMjg1JTIwS2F0JUM0JUIxbCVDNCVCMW1jJUM0JUIxJTIwdmUlMjAlQzMlOUN6ZXJpJTI5JTNDJTJGdGglM0UlMEElMjAlMjAlMjAlMjAlMjAlMjAlMjAlMjAlMjAlMjAlMjAlMjAlM0N0aCUyMGNsYXNzJTNEJTIydDUlMjIlM0UzLjQ1MCUyMFRMJTNDJTJGdGglM0UlMEElMjAlMjAlMjAlMjAlMjAlMjAlMjAlMjAlM0MlMkZ0ciUzRSUwQSUyMCUyMCUyMCUyMCUyMCUyMCUyMCUyMCUzQ3RyJTNFJTBBJTIwJTIwJTIwJTIwJTIwJTIwJTIwJTIwJTIwJTIwJTIwJTIwJTNDdGQlM0UtJTIwMSUyMEtpJUM1JTlGaWxpayUyME9kYWRhJTIwS29uYWtsYW1hJTIwRml5YXQlQzQlQjElM0MlMkZ0ZCUzRSUwQSUyMCUyMCUyMCUyMCUyMCUyMCUyMCUyMCUyMCUyMCUyMCUyMCUzQ3RkJTNFJTNDJTJGdGQlM0UlMEElMjAlMjAlMjAlMjAlMjAlMjAlMjAlMjAlM0MlMkZ0ciUzRSUwQSUyMCUyMCUyMCUyMCUzQyUyRnRhYmxlJTNFJTBBJTIwJTIwJTIwJTIwJTNDYnIlM0UlMEElMjAlMjAlMjAlMjAlM0N0YWJsZSUyMGlkJTNEJTIydDQlMjIlM0UlMEElMjAlMjAlMjAlMjAlMjAlMjAlMjAlMjAlM0N0ciUzRSUwQSUyMCUyMCUyMCUyMCUyMCUyMCUyMCUyMCUyMCUyMCUyMCUyMCUzQ3RoJTNFJUMzJTk2WkVMJTIwU0VLVCVDMyU5NlIlMjBGJUM0JUIwUk1BJTIwVEVNUyVDNCVCMExDJUM0JUIwUyVDNCVCMCUyMCUyMCUyODUlMjBLYXQlQzQlQjFsJUM0JUIxbWMlQzQlQjElMjB2ZSUyMCVDMyU5Q3plcmklMjklM0MlMkZ0aCUzRSUwQSUyMCUyMCUyMCUyMCUyMCUyMCUyMCUyMCUyMCUyMCUyMCUyMCUzQ3RoJTIwY2xhc3MlM0QlMjJ0NSUyMiUzRTIuMjUwJTIwVEwlM0MlMkZ0aCUzRSUwQSUyMCUyMCUyMCUyMCUyMCUyMCUyMCUyMCUyMCUyMCUyMCUyMCUwQSUyMCUyMCUyMCUyMCUyMCUyMCUyMCUyMCUzQyUyRnRyJTNFJTBBJTIwJTIwJTIwJTIwJTIwJTIwJTIwJTIwJTNDdHIlM0UlMEElMjAlMjAlMjAlMjAlMjAlMjAlMjAlMjAlMjAlMjAlMjAlMjAlM0N0ZCUzRS0lMjAyJTIwS2klQzUlOUZpbGlrJTIwT2RhZGElMjBLaSVDNSU5RmklMjBCYSVDNSU5RiVDNCVCMSUyMEtvbmFrbGFtYSUyMEZpeWF0JUM0JUIxJTNDJTJGdGQlM0UlMEElMjAlMjAlMjAlMjAlMjAlMjAlMjAlMjAlMjAlMjAlMjAlMjAlM0N0ZCUzRSUzQyUyRnRkJTNFJTBBJTIwJTIwJTIwJTIwJTIwJTIwJTIwJTIwJTNDJTJGdHIlM0UlMEElMjAlMjAlMjAlMjAlM0MlMkZ0YWJsZSUzRSUwQSUyMCUyMCUyMCUyMCUwQSUyMCUyMCUyMCUyMCUzQ3AlM0UlRTIlODAlQTIlMjBTcG9uc29yJTIwa29udGVuamFubGFyJUM0JUIxJTIwZCVDNCVCMSVDNSU5RiVDNCVCMW5kYSUyMHNwb25zb3JsYXIlQzQlQjFtJUM0JUIxeiUyMHRhcmFmJUM0JUIxbmRhbiUyMDUlMjBraSVDNSU5RmklMjB2ZSUyMCVDMyVCQ3plcmluZGUlMjBrYXQlQzQlQjFsJUM0JUIxbWMlQzQlQjElMjBrYXklQzQlQjF0JTIwaSVDNSU5RmxlbWxlcmklMjBpJUMzJUE3aW4lMjBsJUMzJUJDdGZlbiUyMCUzQ3NwYW4lMjBzdHlsZSUzRCUyMmZvbnQtd2VpZ2h0JTNBJTIwYm9sZCUyMiUzRU9yZ2FuaXphc3lvbiUyMEZpcm1hJTIwVGVtc2lsY2lzaW5lJTNDJTJGc3BhbiUzRSUyMHVsYSVDNSU5RiVDNCVCMW4lQzQlQjF6LiUzQyUyRnAlM0UlMjAlMjAlMjAlMjAlMEElMjAlMjAlMjAlMjAlMEElMjAlMjAlMjAlMjAlM0N0YWJsZSUyMGlkJTNEJTIydDQlMjIlM0UlMEElMjAlMjAlMjAlMjAlMjAlMjAlMjAlMjAlM0N0ciUzRSUwQSUyMCUyMCUyMCUyMCUyMCUyMCUyMCUyMCUyMCUyMCUyMCUyMCUzQ3RoJTNFUkVGQUtBVCVDMyU4NyVDNCVCMCUyMEtBVElMSU0lMjAlMjhLaSVDNSU5RmklMjBiYSVDNSU5RiVDNCVCMSUyOSUzQyUyRnRoJTNFJTBBJTIwJTIwJTIwJTIwJTIwJTIwJTIwJTIwJTIwJTIwJTIwJTIwJTNDdGglMjBjbGFzcyUzRCUyMnQ1JTIyJTNFMS4yNTAlMjBUTCUzQyUyRnRoJTNFJTBBJTIwJTIwJTIwJTIwJTIwJTIwJTIwJTIwJTNDJTJGdHIlM0UlMEElMjAlMjAlMjAlMjAlMjAlMjAlMjAlMjAlM0N0ciUzRSUwQSUyMCUyMCUyMCUyMCUyMCUyMCUyMCUyMCUyMCUyMCUyMCUyMCUzQ3RkJTNFLSUyMEtvbmFrbGFtYSUyMEZhcmslMjBGaXlhdCVDNCVCMWQlQzQlQjFyLiUzQyUyRnRkJTNFJTBBJTIwJTIwJTIwJTIwJTIwJTIwJTIwJTIwJTIwJTIwJTIwJTIwJTNDdGQlM0UlM0MlMkZ0ZCUzRSUwQSUyMCUyMCUyMCUyMCUyMCUyMCUyMCUyMCUzQyUyRnRyJTNFJTBBJTIwJTIwJTIwJTIwJTNDJTJGdGFibGUlM0UlMEElMjAlMjAlMjAlMjAlM0NwJTNFJUUyJTgwJUEyJTIwRGF2ZXRsaSUyMHZlJTJGdmV5YSUyMCVDMyU5Q2NyZXRsaSUyMHQlQzMlQkNtJTIwa2F0JUM0JUIxbCVDNCVCMW1jJUM0JUIxbGFyJUM0JUIxbiUyMGUlQzUlOUYlMjB2ZSUyMCVDMyVBN29jdWtsYXIlMjBrYXklQzQlQjF0JTIwaSVDNSU5RmxlbWxlcmklMjBpJUMzJUE3aW4lMjBsJUMzJUJDdGZlbiUyMCUzQ3NwYW4lMjBzdHlsZSUzRCUyMmZvbnQtd2VpZ2h0JTNBJTIwYm9sZCUyMiUzRU9yZ2FuaXphc3lvbiUyMEZpcm1hJTIwVGVtc2lsY2lzaW5lJTNDJTJGc3BhbiUzRSUyMHVsYSVDNSU5RiVDNCVCMW4lQzQlQjF6LiUzQyUyRnAlM0UlMEElMjAlMjAlMjAlMjAlM0NwJTIwc3R5bGUlM0QlMjJjb2xvciUzQSUyMCUyM2MwMDAwMCUyMiUzRSVFMiU4MCVBMiUyMFJlZmFrYXQlQzMlQTdpJTIwaSVDMyVBN2luJTIwS29uZ3JlJTIwS2F0JUM0JUIxbCVDNCVCMW0lQzQlQjElMjBkYWhpbCUyMGRlJUM0JTlGaWxkaXIuJTNDJTJGcCUzRSUwQSUyMCUyMCUyMCUyMCUzQ3AlMjBzdHlsZSUzRCUyMmNvbG9yJTNBJTIwJTIzYzAwMDAwJTIyJTNFJUUyJTgwJUEyJTIwJUMzJTg3b2N1a2x1JTIwa2F0JUM0JUIxbCVDNCVCMW0lMjBpJUMzJUE3aW4lMjBPcmdhbml6YXN5b24lMjBGaXJtYSUyMHRlbXNpbGNpc2luZSUyMHVsYSVDNSU5RiVDNCVCMW4lQzQlQjF6LiUzQyUyRnAlM0UlMEElMjAlMjAlMjAlMjAlMEElMjAlMjAlMjAlMjAlM0NjZW50ZXIlM0UlM0NzcGFuJTIwc3R5bGUlM0QlMjJmb250LXN0eWxlJTNBJTIwaXRhbGljJTNCZm9udC13ZWlnaHQlM0ElMjBib2xkJTIyJTNFWXVrYXIlQzQlQjFkYSUyMGJlbGlydGlsZW4lMjBmaXlhdGxhcmElMjBmYXR1cmFsYW5kJUM0JUIxcm1hJTIwYSVDNSU5RmFtYXMlQzQlQjFuZGElMjAlMjUxOCUyMEtEViUyMGlsYXZlJTIwZWRpbGVjZWt0aXIuJTNDJTJGc3BhbiUzRSUzQyUyRmNlbnRlciUzRQ==[\/vc_raw_html][\/vc_column][\/vc_row][vc_row][vc_column width=&#8221;1\/3&#8243;][\/vc_column][vc_column width=&#8221;1\/3&#8243;][vc_btn title=&#8221;KONGRE KATILIM KAYIT FORMU (PDF)&#8221; color=&#8221;primary&#8221; link=&#8221;url:%2F2019%2Fpdf%2Fkatilim-kayit-formu.pdf||target:%20_blank|&#8221;][\/vc_column][vc_column width=&#8221;1\/3&#8243;][\/vc_column][\/vc_row]<\/p>\n","protected":false},"author":4,"featured_media":0,"parent":0,"menu_order":0,"comment_status":"closed","ping_status":"closed","template":"homepage.php","meta":{"footnotes":""},"class_list":["post-165","page","type-page","status-publish","hentry"],"_links":{"self":[{"href":"https:\/\/www.kamubib-bimy.org\/2019\/wp-json\/wp\/v2\/pages\/165","targetHints":{"allow":["GET"]}}],"collection":[{"href":"https:\/\/www.kamubib-bimy.org\/2019\/wp-json\/wp\/v2\/pages"}],"about":[{"href":"https:\/\/www.kamubib-bimy.org\/2019\/wp-json\/wp\/v2\/types\/page"}],"author":[{"embeddable":true,"href":"https:\/\/www.kamubib-bimy.org\/2019\/wp-json\/wp\/v2\/users\/4"}],"replies":[{"embeddable":true,"href":"https:\/\/www.kamubib-bimy.org\/2019\/wp-json\/wp\/v2\/comments?post=165"}],"version-history":[{"count":0,"href":"https:\/\/www.kamubib-bimy.org\/2019\/wp-json\/wp\/v2\/pages\/165\/revisions"}],"wp:attachment":[{"href":"https:\/\/www.kamubib-bimy.org\/2019\/wp-json\/wp\/v2\/media?parent=165"}],"curies":[{"name":"wp","href":"https:\/\/api.w.org\/{rel}","templated":true}]}}