{"id":758,"date":"2018-07-18T14:27:08","date_gmt":"2018-07-18T11:27:08","guid":{"rendered":"http:\/\/www.kamubib-bimy.org\/2018\/?page_id=758"},"modified":"2018-10-02T16:51:08","modified_gmt":"2018-10-02T13:51:08","slug":"seminer-sunum-tanitim-video-gosterim-konulari","status":"publish","type":"page","link":"https:\/\/www.kamubib-bimy.org\/2018\/seminer-sunum-tanitim-video-gosterim-konulari","title":{"rendered":"\u00d6ZEL SALONLAR : TOPLANTI ve SUNUMLAR"},"content":{"rendered":"<div class=\"wpb-content-wrapper\"><p>[vc_row full_width=&#8221;stretch_row&#8221; css=&#8221;.vc_custom_1531913350585{background-image: url(http:\/\/www.kamubib-bimy.org\/2018\/wp-content\/uploads\/2018\/07\/slider-background-kamu-bib-19.jpg?id=574) !important;background-position: center !important;background-repeat: no-repeat !important;background-size: cover !important;}&#8221;][vc_column][rev_slider_vc alias=&#8221;anasayfa&#8221;][\/vc_column][\/vc_row][vc_row][vc_column]<div class=\"themeum-title  \" style=\"text-align:center;\"><h3 class=\"style-title\" style=\"font-weight:700;font-size:28px;line-height: normal;color:#1e73be;\">\u00d6ZEL SALONLAR : TOPLANTI ve SUNUMLAR<\/h3><\/div>[vc_column_text]<strong>TBD TOPLANTILARI<\/strong><\/p>\n<p><strong>BASIN TOPLANTISI :\u00a0<\/strong>YERL\u0130 M\u0130LL\u0130 YAZILIMIN YOL HAR\u0130TASI<\/p>\n<p><strong>YERL\u0130 M\u0130LL\u0130 YAZILIM \u00c7ALI\u015eMA HEYET\u0130 :<\/strong> \u0130ST\u0130\u015eARE VE DE\u011eERLEND\u0130RME TOPLANTISI<\/p>\n<ul>\n<li>Rahmi Aktepe \u2013 TBDGenel Ba\u015fkan\u0131<\/li>\n<li>Ertan BARUT &#8211; Heyet Ba\u015fkan\u0131<\/li>\n<\/ul>\n<p>Kat\u0131l\u0131mc\u0131lar :<\/p>\n<ul>\n<li>Ayd\u0131n KOLAT &#8211; VER\u0130S\u0130S<\/li>\n<li>\u0130.\u0130lker TABAK \u2013 TBK B\u0130L\u0130\u015e\u0130M<\/li>\n<li>T\u00fcrker G\u00dcL\u00dcM &#8211; PROFEL\u0130S<\/li>\n<li>Mustafa AFYONLUO\u011eLU \u2013 DANI\u015eMAN<\/li>\n<li>Ali YAZICI &#8211; ASELSAN<\/li>\n<li>Emin BANK &#8211; NETCAD<\/li>\n<li>G\u00fcltekin G\u00dcNAL \u2013 SFS YAZILIM<\/li>\n<li>Cemil SA\u011eIRO\u011eLU &#8211; TUB\u0130TAK B\u0130LGEM YTE, Direkt\u00f6r (*)<\/li>\n<li>\u015eerif BEYKOZ \u2013 D\u0130J\u0130TAL PLANET<\/li>\n<li>G\u00f6khan Erzurumluo\u011flu &#8211; FONET Yaz\u0131l\u0131m<\/li>\n<li>Koray Y\u0131lmaz &#8211; EPS\u0130LON Yaz\u0131l\u0131m<\/li>\n<li>Mehmet AKYELL\u0130 &#8211; TBD Antalya \u015eb. B\u015fk.\/TOBB Yaz\u0131l\u0131m Meclisi<\/li>\n<li>Akin Sertcan &#8211; LOGO Yaz\u0131l\u0131m<\/li>\n<\/ul>\n<p><strong>\u00d6ZENL\u0130 T\u00dcRK\u00c7E \u00c7ALI\u015eMA GRUBU :<\/strong> http:\/\/bilimde.ozenliturkce.org.tr<\/p>\n<p><strong>SPONSORLAR SUNUMLARI<\/strong><\/p>\n<p><strong>T\u00dcB\u0130TAK B\u0130LGEM :\u00a0<\/strong>M\u0130LL\u0130 E-POSTA S\u0130STEM\u0130 TANITIMI ve SAF\u0130R UYGULAMALARI<\/p>\n<p><strong>ZORLU S\u0130GORTA : <\/strong>TEKNOLOJ\u0130, YAZILIM, TELEKOM\u00dcN\u0130KASYON\u00a0MESLEK\u0130 SORUMLULUK S\u0130GORTASI<\/p>\n<p><strong>L\u0130MATEK : <\/strong>G\u00fcvenli Ba\u011flant\u0131, G\u00fcvenli Cihaz<\/p>\n<p>&nbsp;<\/p>\n<p>[\/vc_column_text][vc_single_image image=&#8221;1379&#8243; img_size=&#8221;large&#8221;][vc_separator][\/vc_column][\/vc_row]<\/p>\n<\/div>","protected":false},"excerpt":{"rendered":"<p>[vc_row full_width=&#8221;stretch_row&#8221; css=&#8221;.vc_custom_1531913350585{background-image: url(http:\/\/www.kamubib-bimy.org\/2018\/wp-content\/uploads\/2018\/07\/slider-background-kamu-bib-19.jpg?id=574) !important;background-position: center !important;background-repeat: no-repeat !important;background-size: cover !important;}&#8221;][vc_column][rev_slider_vc alias=&#8221;anasayfa&#8221;][\/vc_column][\/vc_row][vc_row][vc_column][vc_column_text]TBD TOPLANTILARI BASIN TOPLANTISI :\u00a0YERL\u0130 M\u0130LL\u0130 YAZILIMIN YOL HAR\u0130TASI YERL\u0130 M\u0130LL\u0130 YAZILIM \u00c7ALI\u015eMA HEYET\u0130 : \u0130ST\u0130\u015eARE VE DE\u011eERLEND\u0130RME TOPLANTISI Rahmi Aktepe \u2013 TBDGenel Ba\u015fkan\u0131 Ertan BARUT &#8211; Heyet Ba\u015fkan\u0131 Kat\u0131l\u0131mc\u0131lar : Ayd\u0131n KOLAT &#8211; VER\u0130S\u0130S \u0130.\u0130lker TABAK \u2013 TBK B\u0130L\u0130\u015e\u0130M T\u00fcrker G\u00dcL\u00dcM &#8211; PROFEL\u0130S&nbsp;<\/p>\n<p><a class=\"btn btn-style\" href=\"https:\/\/www.kamubib-bimy.org\/2018\/seminer-sunum-tanitim-video-gosterim-konulari\">Devam\u0131n\u0131 Oku<\/a><\/p>\n","protected":false},"author":3,"featured_media":0,"parent":0,"menu_order":0,"comment_status":"closed","ping_status":"closed","template":"homepage.php","meta":{"rs_blank_template":"","rs_page_bg_color":"","slide_template_v7":"","footnotes":""},"class_list":["post-758","page","type-page","status-publish","hentry"],"_links":{"self":[{"href":"https:\/\/www.kamubib-bimy.org\/2018\/wp-json\/wp\/v2\/pages\/758","targetHints":{"allow":["GET"]}}],"collection":[{"href":"https:\/\/www.kamubib-bimy.org\/2018\/wp-json\/wp\/v2\/pages"}],"about":[{"href":"https:\/\/www.kamubib-bimy.org\/2018\/wp-json\/wp\/v2\/types\/page"}],"author":[{"embeddable":true,"href":"https:\/\/www.kamubib-bimy.org\/2018\/wp-json\/wp\/v2\/users\/3"}],"replies":[{"embeddable":true,"href":"https:\/\/www.kamubib-bimy.org\/2018\/wp-json\/wp\/v2\/comments?post=758"}],"version-history":[{"count":24,"href":"https:\/\/www.kamubib-bimy.org\/2018\/wp-json\/wp\/v2\/pages\/758\/revisions"}],"predecessor-version":[{"id":1383,"href":"https:\/\/www.kamubib-bimy.org\/2018\/wp-json\/wp\/v2\/pages\/758\/revisions\/1383"}],"wp:attachment":[{"href":"https:\/\/www.kamubib-bimy.org\/2018\/wp-json\/wp\/v2\/media?parent=758"}],"curies":[{"name":"wp","href":"https:\/\/api.w.org\/{rel}","templated":true}]}}