{"id":639,"date":"2018-07-10T16:13:53","date_gmt":"2018-07-10T13:13:53","guid":{"rendered":"http:\/\/www.kamubib-bimy.org\/2018\/?page_id=639"},"modified":"2018-07-18T19:01:52","modified_gmt":"2018-07-18T16:01:52","slug":"butunlesik-etkinlik-2018","status":"publish","type":"page","link":"https:\/\/www.kamubib-bimy.org\/2018\/butunlesik-etkinlik-2018","title":{"rendered":"B\u00dcT\u00dcNLE\u015e\u0130K ETK\u0130NL\u0130K 2018"},"content":{"rendered":"<div class=\"wpb-content-wrapper\"><p>[vc_row full_width=&#8221;stretch_row&#8221; css=&#8221;.vc_custom_1531228572100{background-image: url(http:\/\/www.kamubib-bimy.org\/2018\/wp-content\/uploads\/2018\/07\/slider-background-kamu-bib-19.jpg?id=574) !important;background-position: center !important;background-repeat: no-repeat !important;background-size: cover !important;}&#8221;][vc_column][rev_slider_vc alias=&#8221;anasayfa&#8221;][\/vc_column][\/vc_row][vc_row][vc_column][vc_column_text]TBD, 1971\u2019den bu yana 47 y\u0131ld\u0131r kamuoyunun verdi\u011fi destek ve g\u00fc\u00e7le \u00fclkemizin ve sekt\u00f6r\u00fcm\u00fcz\u00fcn geli\u015fmesi i\u00e7in T\u00fcrkiye\u2019nin KAMU ve \u00d6ZEL SEKT\u00d6R B\u0130L\u0130\u015e\u0130M\u0130 konusundaki en kapsaml\u0131 etkinlikleri olma \u00f6zelli\u011fini ta\u015f\u0131yan KAMU-B\u0130B ve B\u0130MY toplant\u0131 ve seminerleriyle y\u0131llard\u0131r kamu, \u00f6zel sekt\u00f6r, \u00fcniversiteler ve ilgili t\u00fcm kesimleri bulu\u015fturarak, ortak bir sinerji olu\u015fturulmas\u0131na, \u00fcretime ve istihdama katk\u0131 sa\u011flamaktad\u0131r.<\/p>\n<p>&nbsp;<\/p>\n<p><strong>ETKI\u0307NLI\u0307K ADI \u00a0\u00a0\u00a0\u00a0\u00a0\u00a0\u00a0\u00a0\u00a0\u00a0\u00a0\u00a0\u00a0\u00a0\u00a0\u00a0\u00a0\u00a0\u00a0\u00a0 : <\/strong>Kamu-B\u0130B\u201920 ve B\u0130MY\u201925 B\u00fct\u00fcnle\u015fik Etkinli\u011fi<\/p>\n<p><strong>\u00a0<\/strong><\/p>\n<p><strong>ETKI\u0307NLI\u0307K TEMASI \u00a0\u00a0\u00a0\u00a0\u00a0\u00a0\u00a0\u00a0\u00a0\u00a0\u00a0\u00a0\u00a0 : <\/strong>D\u0130J\u0130TAL D\u00d6N\u00dc\u015e\u00dcMDE K\u00dcRESEL E\u011e\u0130L\u0130MLER<\/p>\n<p><strong>\u00a0<\/strong><\/p>\n<p><strong>ETKI\u0307NLI\u0307K SLOGANI \u00a0\u00a0\u00a0\u00a0\u00a0\u00a0\u00a0\u00a0\u00a0\u00a0 : <\/strong>D\u0130J\u0130TALLE\u015eME S\u00dcREC\u0130NDE OLAN T\u00dcRK\u0130YE \u0130\u00c7\u0130N, KAMU VE T\u00dcM SEKT\u00d6RLERDE D\u0130J\u0130TAL D\u00d6N\u00dc\u015e\u00dcM\u00dc B\u0130RL\u0130KTE GER\u00c7EKLE\u015eT\u0130REL\u0130M.<\/p>\n<p>&nbsp;<\/p>\n<p><strong>ETKI\u0307NLI\u0307K TARI\u0307HI\u0307 ve YERI\u0307 : <\/strong>4-7 Ekim 2018 ELA QUALITY RESORT BELEK ANTALYA<\/p>\n<p>&nbsp;<\/p>\n<p><strong>DU\u0308ZENLEYEN KURULU\u015e : <\/strong>Tu\u0308rkiye Bilis\u0327im Derneg\u0306i (TBD)<\/p>\n<p>&nbsp;<\/p>\n<p><strong>HEDEF KI\u0307TLE<\/strong><\/p>\n<p><strong>\u00a0<\/strong><\/p>\n<ul>\n<li>Cumhurba\u015fkanl\u0131\u011f\u0131, Ba\u011fl\u0131 Kurulu\u015flar, Bakanl\u0131klar, (Ba\u011fl\u0131 M\u00fcd\u00fcrl\u00fckler, Bilgi \u0130\u015flem Ba\u015fkanlar\u0131, Y\u00f6neticileri)<\/li>\n<li>Belediyeler, Yerel \u0130dareler (Ba\u015fkan ve Ba\u015fkan Yard\u0131mc\u0131lar\u0131, Bilgi \u0130\u015flem Y\u00f6neticileri)<\/li>\n<li>\u00dcniversiteler ve Bilim \u0130nsanlar\u0131 (Bilim \u0130nsanlar\u0131, Akademisyenler, \u00d6\u011fretim G\u00f6revlileri)<\/li>\n<li>Bas\u0131n Medya Davetliler (Yaz\u0131l\u0131, G\u00f6rsel, Bas\u0131n Medya Kurulu\u015flar\u0131 Y\u00f6neticileri, Muhabirleri)<\/li>\n<li>\u00d6zel Sekto\u0308r Firma ve Temsilcileri (Firma karar vericileri, Bilgi Teknolojileri Y\u00f6neticileri, Bili\u015fim, Telekom Teknoloji ve Yaz\u0131l\u0131m Geli\u015ftirici Firma Y\u00f6neticileri, Ar-Ge Firmalar\u0131 ve Giris\u0327imciler, Teknoloji Yat\u0131r\u0131mc\u0131 Sermaye \u015eirket Y\u00f6neticileri)<\/li>\n<li>Siyasi Parti Temsilcileri ve Milletvekilleri<\/li>\n<li>Sivil Toplum Kurulu\u015flar\u0131 Temsilcileri Bili\u015fim ve Di\u011fer STK Y\u00f6neticileri, Temsilcileri<\/li>\n<\/ul>\n<p><strong>\u00a0<\/strong><\/p>\n<p><strong>HEDEFLENEN KATILIMCI SAYISI : <\/strong>400 &#8211; 450 Ki\u015fi<\/p>\n<p><strong>\u00a0<\/strong><\/p>\n<p><strong>DESTEKLEYEN KURUM VE KURULU\u015eLAR<\/strong><\/p>\n<p><strong>\u00a0<\/strong><\/p>\n<p>Her sene Bakanl\u0131klar ve Kamu Kurumlar\u0131nca desteklenen etkinliklerimiz yeni Cumhurba\u015fkanl\u0131\u011f\u0131 H\u00fck\u00fcmet Sistemi kapsam\u0131nda Cumhurba\u015fkanl\u0131\u011f\u0131 ve Ba\u011fl\u0131 Bakanl\u0131klar, \u0130lgili Kurullar, Ofisler Ba\u011fl\u0131 Kurumlar ve Ba\u011fl\u0131 Genel M\u00fcd\u00fcrl\u00fckler ile yaz\u0131\u015fmalar \u00e7er\u00e7evesinde Destekleyen Kurum ve Kurulu\u015flar <a href=\"http:\/\/www.kamubib-bimy.org\/2018\">www.kamubib-bimy.org<\/a> web sitemizde yay\u0131nlanacakt\u0131r.<\/p>\n<p><strong>\u00a0<\/strong><\/p>\n<p><strong>KATILIM VE SPONSORLUK<\/strong><\/p>\n<p><strong>\u00a0<\/strong><\/p>\n<p>Zengin ve nitelikli i\u00e7eri\u011fe sahip olacak TBD Kamu-B\u0130B&#8217;20 ve B\u0130MY\u201925 B\u00fct\u00fcnle\u015fik Etkinli\u011fimize kat\u0131lmak ya da sponsor olmak i\u00e7in gerekli bilgi ve a\u00e7\u0131klamaya <a href=\"http:\/\/www.kamubib-bimy.org\/2018\">www.kamubib-bimy.org<\/a> adresinden ula\u015fabilece\u011finiz gibi, ileti\u015fim adreslerinden bize do\u011frudan ula\u015fman\u0131z durumunda, bilgilendirmekten memnuniyet duyaca\u011f\u0131z.[\/vc_column_text][\/vc_column][\/vc_row]<\/p>\n<\/div>","protected":false},"excerpt":{"rendered":"<p>[vc_row full_width=&#8221;stretch_row&#8221; css=&#8221;.vc_custom_1531228572100{background-image: url(http:\/\/www.kamubib-bimy.org\/2018\/wp-content\/uploads\/2018\/07\/slider-background-kamu-bib-19.jpg?id=574) !important;background-position: center !important;background-repeat: no-repeat !important;background-size: cover !important;}&#8221;][vc_column][rev_slider_vc alias=&#8221;anasayfa&#8221;][\/vc_column][\/vc_row][vc_row][vc_column][vc_column_text]TBD, 1971\u2019den bu yana 47 y\u0131ld\u0131r kamuoyunun verdi\u011fi destek ve g\u00fc\u00e7le \u00fclkemizin ve sekt\u00f6r\u00fcm\u00fcz\u00fcn geli\u015fmesi i\u00e7in T\u00fcrkiye\u2019nin KAMU ve \u00d6ZEL SEKT\u00d6R B\u0130L\u0130\u015e\u0130M\u0130 konusundaki en kapsaml\u0131 etkinlikleri olma \u00f6zelli\u011fini ta\u015f\u0131yan KAMU-B\u0130B ve B\u0130MY toplant\u0131 ve seminerleriyle y\u0131llard\u0131r kamu, \u00f6zel sekt\u00f6r, \u00fcniversiteler ve ilgili t\u00fcm kesimleri&nbsp;<\/p>\n<p><a class=\"btn btn-style\" href=\"https:\/\/www.kamubib-bimy.org\/2018\/butunlesik-etkinlik-2018\">Devam\u0131n\u0131 Oku<\/a><\/p>\n","protected":false},"author":3,"featured_media":0,"parent":0,"menu_order":0,"comment_status":"closed","ping_status":"closed","template":"homepage.php","meta":{"footnotes":""},"class_list":["post-639","page","type-page","status-publish","hentry"],"_links":{"self":[{"href":"https:\/\/www.kamubib-bimy.org\/2018\/wp-json\/wp\/v2\/pages\/639","targetHints":{"allow":["GET"]}}],"collection":[{"href":"https:\/\/www.kamubib-bimy.org\/2018\/wp-json\/wp\/v2\/pages"}],"about":[{"href":"https:\/\/www.kamubib-bimy.org\/2018\/wp-json\/wp\/v2\/types\/page"}],"author":[{"embeddable":true,"href":"https:\/\/www.kamubib-bimy.org\/2018\/wp-json\/wp\/v2\/users\/3"}],"replies":[{"embeddable":true,"href":"https:\/\/www.kamubib-bimy.org\/2018\/wp-json\/wp\/v2\/comments?post=639"}],"version-history":[{"count":5,"href":"https:\/\/www.kamubib-bimy.org\/2018\/wp-json\/wp\/v2\/pages\/639\/revisions"}],"predecessor-version":[{"id":784,"href":"https:\/\/www.kamubib-bimy.org\/2018\/wp-json\/wp\/v2\/pages\/639\/revisions\/784"}],"wp:attachment":[{"href":"https:\/\/www.kamubib-bimy.org\/2018\/wp-json\/wp\/v2\/media?parent=639"}],"curies":[{"name":"wp","href":"https:\/\/api.w.org\/{rel}","templated":true}]}}