{"id":85,"date":"2017-09-27T13:31:23","date_gmt":"2017-09-27T10:31:23","guid":{"rendered":"http:\/\/www.kamubib-bimy.org\/2018\/?page_id=85"},"modified":"2018-07-18T18:55:53","modified_gmt":"2018-07-18T15:55:53","slug":"iletisim","status":"publish","type":"page","link":"http:\/\/www.kamubib-bimy.org\/2018\/iletisim","title":{"rendered":"\u0130LET\u0130\u015e\u0130M"},"content":{"rendered":"<div class=\"wpb-content-wrapper\"><p>[vc_row full_width=&#8221;stretch_row&#8221; css=&#8221;.vc_custom_1531204351785{background-image: url(http:\/\/www.kamubib-bimy.org\/2018\/wp-content\/uploads\/2018\/07\/slider-background-kamu-bib-19.jpg?id=574) !important;background-position: center !important;background-repeat: no-repeat !important;background-size: cover !important;}&#8221;][vc_column][rev_slider_vc alias=&#8221;anasayfa&#8221;][\/vc_column][\/vc_row][vc_row full_width=&#8221;stretch_row&#8221; css=&#8221;.vc_custom_1506693243611{margin-bottom: 100px !important;}&#8221;][vc_column][vc_single_image image=&#8221;15&#8243; img_size=&#8221;full&#8221;][vc_column_text]<span style=\"color: #800000;\"><strong><em>KAMU KURUMLARI KATILIM KAYIT<\/em><\/strong><\/span><\/p>\n<p><strong>Serap<\/strong> <strong>ALTAN\u00a0\u00a0\u00a0\u00a0\u00a0\u00a0\u00a0\u00a0\u00a0\u00a0\u00a0\u00a0\u00a0\u00a0\u00a0\u00a0 TBD Temsilcisi <\/strong><\/p>\n<p><strong>E-posta \u00a0\u00a0\u00a0\u00a0\u00a0\u00a0\u00a0\u00a0\u00a0\u00a0\u00a0\u00a0\u00a0\u00a0\u00a0\u00a0\u00a0\u00a0\u00a0\u00a0\u00a0\u00a0\u00a0\u00a0\u00a0\u00a0 <\/strong><a href=\"mailto:\/\/serap.altan@tbd.org.tr\">serap.altan@tbd.org.tr<\/a><\/p>\n<p><strong>Tel<\/strong><strong> \u00a0\u00a0\u00a0\u00a0\u00a0\u00a0\u00a0\u00a0\u00a0\u00a0\u00a0\u00a0\u00a0\u00a0\u00a0\u00a0\u00a0\u00a0\u00a0\u00a0\u00a0\u00a0\u00a0\u00a0\u00a0\u00a0\u00a0\u00a0\u00a0\u00a0\u00a0\u00a0\u00a0\u00a0\u00a0 <\/strong>0 (312) 473 82 15 \/ 115<\/p>\n<p><strong>\u00a0<\/strong><\/p>\n<p><span style=\"color: #800000;\"><strong><em>BASIN MEDYA, \u00c7A\u011eRILI KONU\u015eMACILAR<\/em><\/strong><\/span><\/p>\n<p><strong>Arzu<\/strong> <strong>KILI\u00c7<\/strong> <strong>\u00a0\u00a0\u00a0\u00a0\u00a0\u00a0\u00a0\u00a0\u00a0\u00a0\u00a0\u00a0\u00a0\u00a0\u00a0\u00a0\u00a0\u00a0\u00a0\u00a0 TBD Temsilcisi <\/strong><\/p>\n<p><strong>E-posta \u00a0\u00a0\u00a0\u00a0\u00a0\u00a0\u00a0\u00a0\u00a0\u00a0\u00a0\u00a0\u00a0\u00a0\u00a0\u00a0\u00a0\u00a0\u00a0\u00a0\u00a0\u00a0\u00a0\u00a0\u00a0\u00a0 <\/strong><a href=\"mailto:\/\/arzu.kilic@tbd.org.tr\">arzu.kilic@tbd.org.tr<\/a><\/p>\n<p><strong>Tel<\/strong><strong> \u00a0\u00a0\u00a0\u00a0\u00a0\u00a0\u00a0\u00a0\u00a0\u00a0\u00a0\u00a0\u00a0\u00a0\u00a0\u00a0\u00a0\u00a0\u00a0\u00a0\u00a0\u00a0\u00a0\u00a0\u00a0\u00a0\u00a0\u00a0\u00a0\u00a0\u00a0\u00a0\u00a0\u00a0\u00a0 <\/strong>0 (312) 473 82 15 \/ 117<\/p>\n<p><strong>\u00a0<\/strong><\/p>\n<p><span style=\"color: #800000;\"><strong><em>SPONSORLUK \u0130LET\u0130\u015e\u0130M<\/em><\/strong><\/span><\/p>\n<p><strong>Serap<\/strong> <strong>ALTAN\u00a0\u00a0\u00a0\u00a0\u00a0\u00a0\u00a0\u00a0\u00a0\u00a0\u00a0\u00a0\u00a0\u00a0\u00a0\u00a0 TBD Temsilcisi <\/strong><\/p>\n<p><strong>E-posta \u00a0\u00a0\u00a0\u00a0\u00a0\u00a0\u00a0\u00a0\u00a0\u00a0\u00a0\u00a0\u00a0\u00a0\u00a0\u00a0\u00a0\u00a0\u00a0\u00a0\u00a0\u00a0\u00a0\u00a0\u00a0\u00a0 <\/strong><a href=\"mailto:\/\/serap.altan@tbd.org.tr\">serap.altan@tbd.org.tr<\/a><\/p>\n<p><strong>Tel<\/strong><strong> \u00a0\u00a0\u00a0\u00a0\u00a0\u00a0\u00a0\u00a0\u00a0\u00a0\u00a0\u00a0\u00a0\u00a0\u00a0\u00a0\u00a0\u00a0\u00a0\u00a0\u00a0\u00a0\u00a0\u00a0\u00a0\u00a0\u00a0\u00a0\u00a0\u00a0\u00a0\u00a0\u00a0\u00a0\u00a0 <\/strong>0 (312) 473 82 15 \/ 115<\/p>\n<p><strong>\u00a0<\/strong><\/p>\n<p><span style=\"color: #800000;\"><strong><em>\u00dcCRETL\u0130 KATILIMCI KAYIT \u0130LET\u0130\u015e\u0130M <\/em><\/strong><\/span><\/p>\n<p><span style=\"color: #800000;\"><strong><em>SPONSORLAR SERG\u0130\/FUAYE\/SALON ORGAN\u0130ZASYON \u0130LET\u0130\u015e\u0130M<\/em><\/strong><\/span><\/p>\n<p><strong>\u00d6mer KAZANO\u011eLU <\/strong><strong>Organizasyon Firma Temsilcisi <\/strong><\/p>\n<p><strong>E-posta \u00a0\u00a0\u00a0\u00a0\u00a0\u00a0\u00a0\u00a0\u00a0\u00a0\u00a0\u00a0\u00a0\u00a0\u00a0\u00a0\u00a0\u00a0\u00a0\u00a0\u00a0\u00a0\u00a0\u00a0\u00a0\u00a0 <\/strong><a href=\"mailto:tbdkayit@valor.com.tr\">tbdkayit@valor.com.tr<\/a><\/p>\n<p><strong>Tel<\/strong><strong> \u00a0\u00a0\u00a0\u00a0\u00a0\u00a0\u00a0\u00a0\u00a0\u00a0\u00a0\u00a0\u00a0\u00a0\u00a0\u00a0\u00a0\u00a0\u00a0\u00a0\u00a0\u00a0\u00a0\u00a0\u00a0\u00a0\u00a0\u00a0\u00a0\u00a0\u00a0\u00a0\u00a0\u00a0\u00a0 <\/strong>0 (312) 491 88 88<\/p>\n<p><strong>\u00a0<\/strong><\/p>\n<p><strong>ETK\u0130NL\u0130K WEB S\u0130TES\u0130 \u00a0\u00a0 : <\/strong><a href=\"http:\/\/www.kamubib-bimy.org\/2018\">www.kamubib-bimy.org<\/a><\/p>\n<ul>\n<li>Kay\u0131t formu, \u00f6deme, transfer ve ayr\u0131nt\u0131l\u0131 program ve di\u011fer bilgiler i\u00e7in l\u00fctfen web sitemizi ziyaret ediniz.<\/li>\n<\/ul>\n<p>&nbsp;<\/p>\n<p><strong>SOSYAL MEDYA\u00a0\u00a0\u00a0\u00a0\u00a0\u00a0\u00a0\u00a0\u00a0\u00a0\u00a0\u00a0\u00a0\u00a0 : <\/strong>#KAMUB\u0130B #B\u0130MY #D2KE #TBD<\/p>\n<ul>\n<li>Etkinlik \u00f6ncesi ve sonras\u0131 t\u00fcm payla\u015f\u0131mlar\u0131m\u0131z i\u00e7in yukar\u0131daki etiketler ile arama yap\u0131n\u0131z ve sizde payla\u015f\u0131mlar\u0131n\u0131zda bu etiketlerimizi kullan\u0131n\u0131z.<\/li>\n<\/ul>\n<p><strong>\u00a0<\/strong><\/p>\n<p><strong>TBD WEB S\u0130TES\u0130 \u00a0\u00a0\u00a0\u00a0\u00a0\u00a0\u00a0\u00a0\u00a0\u00a0\u00a0\u00a0 : <\/strong><a href=\"http:\/\/www.tbd.org.tr\">www.tbd.org.tr<\/a><\/p>\n<p><strong>\u00a0<\/strong><\/p>\n<p><strong>TBD<\/strong> <strong>GENEL<\/strong> <strong>MERKEZ<\/strong> <strong>\u0130LET\u0130\u015e\u0130M <\/strong><\/p>\n<p><strong>Tel<\/strong><strong> \u00a0\u00a0\u00a0\u00a0\u00a0\u00a0\u00a0\u00a0\u00a0\u00a0\u00a0\u00a0\u00a0\u00a0\u00a0\u00a0 :<\/strong> 0 (312) 473 82 15<\/p>\n<p><strong>Faks<\/strong><strong>\u00a0\u00a0\u00a0 \u00a0\u00a0\u00a0\u00a0\u00a0\u00a0\u00a0\u00a0\u00a0 : <\/strong>0 (312) 473 82 16<\/p>\n<p><strong>E-Posta \u00a0\u00a0\u00a0\u00a0\u00a0\u00a0\u00a0 :<\/strong> <a href=\"mailto:tbd-merkez@tbd.org.tr\">tbd-merkez@tbd.org.tr<\/a><\/p>\n<p><strong>Adres<\/strong><strong>\u00a0\u00a0 \u00a0\u00a0\u00a0\u00a0\u00a0\u00a0\u00a0\u00a0 :\u00a0<\/strong>Ceyhun Atuf Kansu Caddesi 1246. Sokak No: 4\/17 Balgat \/ ANKARA[\/vc_column_text][\/vc_column][\/vc_row]<\/p>\n<\/div>","protected":false},"excerpt":{"rendered":"<p>[vc_row full_width=&#8221;stretch_row&#8221; css=&#8221;.vc_custom_1531204351785{background-image: url(http:\/\/www.kamubib-bimy.org\/2018\/wp-content\/uploads\/2018\/07\/slider-background-kamu-bib-19.jpg?id=574) !important;background-position: center !important;background-repeat: no-repeat !important;background-size: cover !important;}&#8221;][vc_column][rev_slider_vc alias=&#8221;anasayfa&#8221;][\/vc_column][\/vc_row][vc_row full_width=&#8221;stretch_row&#8221; css=&#8221;.vc_custom_1506693243611{margin-bottom: 100px !important;}&#8221;][vc_column][vc_single_image image=&#8221;15&#8243; img_size=&#8221;full&#8221;][vc_column_text]KAMU KURUMLARI KATILIM KAYIT Serap ALTAN\u00a0\u00a0\u00a0\u00a0\u00a0\u00a0\u00a0\u00a0\u00a0\u00a0\u00a0\u00a0\u00a0\u00a0\u00a0\u00a0 TBD Temsilcisi E-posta \u00a0\u00a0\u00a0\u00a0\u00a0\u00a0\u00a0\u00a0\u00a0\u00a0\u00a0\u00a0\u00a0\u00a0\u00a0\u00a0\u00a0\u00a0\u00a0\u00a0\u00a0\u00a0\u00a0\u00a0\u00a0\u00a0 serap.altan@tbd.org.tr Tel \u00a0\u00a0\u00a0\u00a0\u00a0\u00a0\u00a0\u00a0\u00a0\u00a0\u00a0\u00a0\u00a0\u00a0\u00a0\u00a0\u00a0\u00a0\u00a0\u00a0\u00a0\u00a0\u00a0\u00a0\u00a0\u00a0\u00a0\u00a0\u00a0\u00a0\u00a0\u00a0\u00a0\u00a0\u00a0 0 (312) 473 82 15 \/ 115 \u00a0 BASIN MEDYA, \u00c7A\u011eRILI KONU\u015eMACILAR Arzu KILI\u00c7 \u00a0\u00a0\u00a0\u00a0\u00a0\u00a0\u00a0\u00a0\u00a0\u00a0\u00a0\u00a0\u00a0\u00a0\u00a0\u00a0\u00a0\u00a0\u00a0\u00a0 TBD Temsilcisi E-posta \u00a0\u00a0\u00a0\u00a0\u00a0\u00a0\u00a0\u00a0\u00a0\u00a0\u00a0\u00a0\u00a0\u00a0\u00a0\u00a0\u00a0\u00a0\u00a0\u00a0\u00a0\u00a0\u00a0\u00a0\u00a0\u00a0 arzu.kilic@tbd.org.tr Tel \u00a0\u00a0\u00a0\u00a0\u00a0\u00a0\u00a0\u00a0\u00a0\u00a0\u00a0\u00a0\u00a0\u00a0\u00a0\u00a0\u00a0\u00a0\u00a0\u00a0\u00a0\u00a0\u00a0\u00a0\u00a0\u00a0\u00a0\u00a0\u00a0\u00a0\u00a0\u00a0\u00a0\u00a0\u00a0 0 (312) 473&nbsp;<\/p>\n<p><a class=\"btn btn-style\" href=\"http:\/\/www.kamubib-bimy.org\/2018\/iletisim\">Devam\u0131n\u0131 Oku<\/a><\/p>\n","protected":false},"author":4,"featured_media":0,"parent":0,"menu_order":0,"comment_status":"closed","ping_status":"closed","template":"homepage.php","meta":{"rs_blank_template":"","rs_page_bg_color":"","slide_template_v7":"","footnotes":""},"class_list":["post-85","page","type-page","status-publish","hentry"],"_links":{"self":[{"href":"http:\/\/www.kamubib-bimy.org\/2018\/wp-json\/wp\/v2\/pages\/85","targetHints":{"allow":["GET"]}}],"collection":[{"href":"http:\/\/www.kamubib-bimy.org\/2018\/wp-json\/wp\/v2\/pages"}],"about":[{"href":"http:\/\/www.kamubib-bimy.org\/2018\/wp-json\/wp\/v2\/types\/page"}],"author":[{"embeddable":true,"href":"http:\/\/www.kamubib-bimy.org\/2018\/wp-json\/wp\/v2\/users\/4"}],"replies":[{"embeddable":true,"href":"http:\/\/www.kamubib-bimy.org\/2018\/wp-json\/wp\/v2\/comments?post=85"}],"version-history":[{"count":10,"href":"http:\/\/www.kamubib-bimy.org\/2018\/wp-json\/wp\/v2\/pages\/85\/revisions"}],"predecessor-version":[{"id":780,"href":"http:\/\/www.kamubib-bimy.org\/2018\/wp-json\/wp\/v2\/pages\/85\/revisions\/780"}],"wp:attachment":[{"href":"http:\/\/www.kamubib-bimy.org\/2018\/wp-json\/wp\/v2\/media?parent=85"}],"curies":[{"name":"wp","href":"https:\/\/api.w.org\/{rel}","templated":true}]}}