{"id":279,"date":"2017-10-21T16:03:03","date_gmt":"2017-10-21T13:03:03","guid":{"rendered":"http:\/\/www.kamubib-bimy.org\/2018\/?page_id=279"},"modified":"2018-10-02T16:38:29","modified_gmt":"2018-10-02T13:38:29","slug":"sponsorlar","status":"publish","type":"page","link":"http:\/\/www.kamubib-bimy.org\/2018\/sponsorlar","title":{"rendered":"SPONSORLAR"},"content":{"rendered":"<div class=\"wpb-content-wrapper\"><p>[vc_row full_width=&#8221;stretch_row&#8221; css=&#8221;.vc_custom_1531204323029{background-image: url(http:\/\/www.kamubib-bimy.org\/2018\/wp-content\/uploads\/2018\/07\/slider-background-kamu-bib-19.jpg?id=574) !important;background-position: center !important;background-repeat: no-repeat !important;background-size: cover !important;}&#8221;][vc_column][rev_slider_vc alias=&#8221;anasayfa&#8221;][\/vc_column][\/vc_row][vc_row][vc_column][vc_column_text]<\/p>\n<h1 style=\"text-align: center;\"><strong>PLAT\u0130N <\/strong><\/h1>\n<h5 style=\"text-align: center;\"><strong>SPONSORLAR<\/strong><\/h5>\n<p>[\/vc_column_text][\/vc_column][\/vc_row][vc_row][vc_column width=&#8221;1\/2&#8243;][vc_single_image image=&#8221;934&#8243; img_size=&#8221;150&#215;100&#8243; alignment=&#8221;right&#8221; style=&#8221;vc_box_shadow_3d&#8221;][\/vc_column][vc_column width=&#8221;1\/2&#8243;][vc_single_image image=&#8221;1313&#8243; img_size=&#8221;full&#8221; style=&#8221;vc_box_shadow_3d&#8221;][\/vc_column][\/vc_row][vc_row][vc_column][vc_column_text]<\/p>\n<h2 style=\"text-align: center;\"><strong>ALTIN <\/strong><\/h2>\n<h5 style=\"text-align: center;\"><strong>SPONSORLAR<\/strong><\/h5>\n<p>[\/vc_column_text][vc_single_image image=&#8221;1214&#8243; img_size=&#8221;300&#215;300&#8243; alignment=&#8221;center&#8221; style=&#8221;vc_box_shadow_3d&#8221;][vc_row_inner][vc_column_inner][vc_column_text]<\/p>\n<h2 style=\"text-align: center;\"><strong>G\u00dcM\u00dc\u015e <\/strong><\/h2>\n<h5 style=\"text-align: center;\"><strong>SPONSORLAR<\/strong><\/h5>\n<p>[\/vc_column_text][\/vc_column_inner][\/vc_row_inner][vc_row_inner][vc_column_inner width=&#8221;1\/2&#8243;][vc_single_image image=&#8221;935&#8243; img_size=&#8221;200&#215;65&#8243; alignment=&#8221;center&#8221; style=&#8221;vc_box_shadow_3d&#8221;][\/vc_column_inner][vc_column_inner width=&#8221;1\/2&#8243;][vc_single_image image=&#8221;1362&#8243; img_size=&#8221;200&#215;65&#8243; alignment=&#8221;center&#8221; style=&#8221;vc_box_shadow_3d&#8221;][\/vc_column_inner][\/vc_row_inner][\/vc_column][\/vc_row][vc_row][vc_column][vc_column_text]<\/p>\n<h3 style=\"text-align: center;\"><strong>BRONZ <\/strong><\/h3>\n<h5 style=\"text-align: center;\"><strong>SPONSORLAR<\/strong><\/h5>\n<p>[\/vc_column_text][vc_row_inner][vc_column_inner width=&#8221;1\/4&#8243;][vc_single_image image=&#8221;1018&#8243; alignment=&#8221;center&#8221; style=&#8221;vc_box_shadow_3d&#8221;][\/vc_column_inner][vc_column_inner width=&#8221;1\/4&#8243;][vc_single_image image=&#8221;1003&#8243; img_size=&#8221;150&#215;150&#8243; alignment=&#8221;right&#8221; style=&#8221;vc_box_shadow_3d&#8221;][\/vc_column_inner][vc_column_inner width=&#8221;1\/4&#8243;][vc_single_image image=&#8221;1025&#8243; img_size=&#8221;150&#215;150&#8243; alignment=&#8221;center&#8221; style=&#8221;vc_box_shadow_3d&#8221;][\/vc_column_inner][vc_column_inner width=&#8221;1\/4&#8243;][vc_single_image image=&#8221;936&#8243; img_size=&#8221;150&#215;150&#8243; alignment=&#8221;center&#8221; style=&#8221;vc_box_shadow_3d&#8221;][\/vc_column_inner][\/vc_row_inner][vc_row_inner][vc_column_inner width=&#8221;1\/4&#8243;][vc_column_text]<\/p>\n<h4 style=\"text-align: center;\"><strong>ETK\u0130NL\u0130K<\/strong><\/h4>\n<h5 style=\"text-align: center;\"><strong>SPONSORU<\/strong><\/h5>\n<p>[\/vc_column_text][vc_single_image image=&#8221;1198&#8243; img_size=&#8221;150&#215;150&#8243; alignment=&#8221;center&#8221; style=&#8221;vc_box_shadow_3d&#8221;][\/vc_column_inner][vc_column_inner width=&#8221;1\/4&#8243;][vc_column_text]<\/p>\n<h4 style=\"text-align: center;\"><strong>YAKA KARTI <\/strong><\/h4>\n<h5 style=\"text-align: center;\"><strong>SPONSORU<\/strong><\/h5>\n<p>[\/vc_column_text][vc_single_image image=&#8221;938&#8243; img_size=&#8221;150&#215;150&#8243; alignment=&#8221;center&#8221; style=&#8221;vc_box_shadow_3d&#8221;][\/vc_column_inner][vc_column_inner width=&#8221;1\/4&#8243;][vc_column_text]<\/p>\n<h4 style=\"text-align: center;\"><strong>\u00c7ANTA <\/strong><\/h4>\n<h5 style=\"text-align: center;\"><strong>SPONSORU<\/strong><\/h5>\n<p>[\/vc_column_text][vc_single_image image=&#8221;1350&#8243; img_size=&#8221;150&#215;150&#8243; alignment=&#8221;center&#8221; style=&#8221;vc_box_shadow_3d&#8221;][\/vc_column_inner][vc_column_inner width=&#8221;1\/4&#8243;][vc_column_text]<\/p>\n<h4 style=\"text-align: center;\"><strong>KAHVE MOLASI <\/strong><\/h4>\n<h5 style=\"text-align: center;\"><strong>SPONSORU<\/strong><\/h5>\n<p>[\/vc_column_text][vc_single_image image=&#8221;1011&#8243; img_size=&#8221;150&#215;150&#8243; alignment=&#8221;center&#8221; style=&#8221;vc_box_shadow_3d&#8221;][\/vc_column_inner][\/vc_row_inner][\/vc_column][\/vc_row][vc_row][vc_column][vc_column_text]<\/p>\n<h3 style=\"text-align: center;\"><strong>\u00dcR\u00dcN ve H\u0130ZMET <\/strong><\/h3>\n<h5 style=\"text-align: center;\"><strong>SPONSORLARI<\/strong><\/h5>\n<p>[\/vc_column_text][vc_row_inner][vc_column_inner width=&#8221;1\/4&#8243;][vc_single_image image=&#8221;1331&#8243; alignment=&#8221;center&#8221; style=&#8221;vc_box_shadow_3d&#8221;][\/vc_column_inner][vc_column_inner width=&#8221;1\/4&#8243;][vc_single_image image=&#8221;391&#8243; alignment=&#8221;center&#8221; style=&#8221;vc_box_shadow_3d&#8221;][\/vc_column_inner][vc_column_inner width=&#8221;1\/4&#8243;][vc_single_image image=&#8221;390&#8243; alignment=&#8221;center&#8221; style=&#8221;vc_box_shadow_3d&#8221;][\/vc_column_inner][vc_column_inner width=&#8221;1\/4&#8243;][vc_single_image image=&#8221;937&#8243; img_size=&#8221;150&#215;150&#8243; alignment=&#8221;center&#8221; style=&#8221;vc_box_shadow_3d&#8221;][\/vc_column_inner][\/vc_row_inner][vc_row_inner][vc_column_inner width=&#8221;1\/3&#8243;][vc_single_image image=&#8221;1352&#8243; alignment=&#8221;center&#8221; style=&#8221;vc_box_shadow_3d&#8221;][\/vc_column_inner][vc_column_inner width=&#8221;1\/3&#8243;][vc_single_image image=&#8221;388&#8243; alignment=&#8221;center&#8221; style=&#8221;vc_box_shadow_3d&#8221;][\/vc_column_inner][vc_column_inner width=&#8221;1\/3&#8243;][vc_single_image image=&#8221;1251&#8243; alignment=&#8221;center&#8221; style=&#8221;vc_box_shadow_3d&#8221;][\/vc_column_inner][\/vc_row_inner][vc_column_text]<\/p>\n<h3 style=\"text-align: center;\"><strong>GEN\u00c7 G\u0130R\u0130\u015e\u0130MC\u0130LER <\/strong><\/h3>\n<p>[\/vc_column_text][vc_single_image image=&#8221;1076&#8243; img_size=&#8221;130&#215;130&#8243; alignment=&#8221;center&#8221; style=&#8221;vc_box_shadow_3d&#8221;][\/vc_column][\/vc_row][vc_row][vc_column][vc_column_text]<\/p>\n<h3 style=\"text-align: center;\"><strong>TEKNOLOJ\u0130 ANA MEDYA <\/strong><\/h3>\n<h5 style=\"text-align: center;\"><strong>SPONSORU<\/strong><\/h5>\n<p>[\/vc_column_text][vc_single_image image=&#8221;943&#8243; img_size=&#8221;150&#215;100&#8243; alignment=&#8221;center&#8221; style=&#8221;vc_box_shadow_3d&#8221;][vc_column_text]<\/p>\n<h3 style=\"text-align: center;\"><strong>BASIN ve MEDYA <\/strong><\/h3>\n<h5 style=\"text-align: center;\"><strong>SPONSORLARI<\/strong><\/h5>\n<p>[\/vc_column_text][vc_row_inner][vc_column_inner width=&#8221;1\/4&#8243;][vc_single_image image=&#8221;963&#8243; img_size=&#8221;100&#215;100&#8243; alignment=&#8221;center&#8221; style=&#8221;vc_box_shadow_3d&#8221;][\/vc_column_inner][vc_column_inner width=&#8221;1\/4&#8243;][vc_single_image image=&#8221;332&#8243; img_size=&#8221;100&#215;100&#8243; alignment=&#8221;center&#8221; style=&#8221;vc_box_shadow_3d&#8221;][\/vc_column_inner][vc_column_inner width=&#8221;1\/4&#8243;][vc_single_image image=&#8221;941&#8243; img_size=&#8221;100&#215;100&#8243; alignment=&#8221;center&#8221; style=&#8221;vc_box_shadow_3d&#8221;][\/vc_column_inner][vc_column_inner width=&#8221;1\/4&#8243;][vc_single_image image=&#8221;940&#8243; img_size=&#8221;100&#215;100&#8243; alignment=&#8221;center&#8221; style=&#8221;vc_box_shadow_3d&#8221;][\/vc_column_inner][\/vc_row_inner][vc_row_inner][vc_column_inner width=&#8221;1\/3&#8243;][vc_single_image image=&#8221;1023&#8243; img_size=&#8221;100&#215;100&#8243; alignment=&#8221;center&#8221; style=&#8221;vc_box_shadow_3d&#8221;][\/vc_column_inner][vc_column_inner width=&#8221;1\/3&#8243;][vc_single_image image=&#8221;1370&#8243; img_size=&#8221;100&#215;100&#8243; alignment=&#8221;center&#8221; style=&#8221;vc_box_shadow_3d&#8221;][\/vc_column_inner][vc_column_inner width=&#8221;1\/3&#8243;][vc_single_image image=&#8221;939&#8243; img_size=&#8221;100&#215;100&#8243; alignment=&#8221;center&#8221; style=&#8221;vc_box_shadow_3d&#8221;][\/vc_column_inner][\/vc_row_inner][\/vc_column][\/vc_row]<\/p>\n<\/div>","protected":false},"excerpt":{"rendered":"<p>[vc_row full_width=&#8221;stretch_row&#8221; css=&#8221;.vc_custom_1531204323029{background-image: url(http:\/\/www.kamubib-bimy.org\/2018\/wp-content\/uploads\/2018\/07\/slider-background-kamu-bib-19.jpg?id=574) !important;background-position: center !important;background-repeat: no-repeat !important;background-size: cover !important;}&#8221;][vc_column][rev_slider_vc alias=&#8221;anasayfa&#8221;][\/vc_column][\/vc_row][vc_row][vc_column][vc_column_text] PLAT\u0130N SPONSORLAR [\/vc_column_text][\/vc_column][\/vc_row][vc_row][vc_column width=&#8221;1\/2&#8243;][vc_single_image image=&#8221;934&#8243; img_size=&#8221;150&#215;100&#8243; alignment=&#8221;right&#8221; style=&#8221;vc_box_shadow_3d&#8221;][\/vc_column][vc_column width=&#8221;1\/2&#8243;][vc_single_image image=&#8221;1313&#8243; img_size=&#8221;full&#8221; style=&#8221;vc_box_shadow_3d&#8221;][\/vc_column][\/vc_row][vc_row][vc_column][vc_column_text] ALTIN SPONSORLAR [\/vc_column_text][vc_single_image image=&#8221;1214&#8243; img_size=&#8221;300&#215;300&#8243; alignment=&#8221;center&#8221; style=&#8221;vc_box_shadow_3d&#8221;][vc_row_inner][vc_column_inner][vc_column_text] G\u00dcM\u00dc\u015e SPONSORLAR [\/vc_column_text][\/vc_column_inner][\/vc_row_inner][vc_row_inner][vc_column_inner width=&#8221;1\/2&#8243;][vc_single_image image=&#8221;935&#8243; img_size=&#8221;200&#215;65&#8243; alignment=&#8221;center&#8221; style=&#8221;vc_box_shadow_3d&#8221;][\/vc_column_inner][vc_column_inner width=&#8221;1\/2&#8243;][vc_single_image image=&#8221;1362&#8243; img_size=&#8221;200&#215;65&#8243; alignment=&#8221;center&#8221; style=&#8221;vc_box_shadow_3d&#8221;][\/vc_column_inner][\/vc_row_inner][\/vc_column][\/vc_row][vc_row][vc_column][vc_column_text] BRONZ SPONSORLAR [\/vc_column_text][vc_row_inner][vc_column_inner width=&#8221;1\/4&#8243;][vc_single_image image=&#8221;1018&#8243; alignment=&#8221;center&#8221; style=&#8221;vc_box_shadow_3d&#8221;][\/vc_column_inner][vc_column_inner width=&#8221;1\/4&#8243;][vc_single_image image=&#8221;1003&#8243; img_size=&#8221;150&#215;150&#8243; alignment=&#8221;right&#8221;&nbsp;<\/p>\n<p><a class=\"btn btn-style\" href=\"http:\/\/www.kamubib-bimy.org\/2018\/sponsorlar\">Devam\u0131n\u0131 Oku<\/a><\/p>\n","protected":false},"author":4,"featured_media":0,"parent":0,"menu_order":0,"comment_status":"closed","ping_status":"closed","template":"homepage.php","meta":{"rs_blank_template":"","rs_page_bg_color":"","slide_template_v7":"","footnotes":""},"class_list":["post-279","page","type-page","status-publish","hentry"],"_links":{"self":[{"href":"http:\/\/www.kamubib-bimy.org\/2018\/wp-json\/wp\/v2\/pages\/279","targetHints":{"allow":["GET"]}}],"collection":[{"href":"http:\/\/www.kamubib-bimy.org\/2018\/wp-json\/wp\/v2\/pages"}],"about":[{"href":"http:\/\/www.kamubib-bimy.org\/2018\/wp-json\/wp\/v2\/types\/page"}],"author":[{"embeddable":true,"href":"http:\/\/www.kamubib-bimy.org\/2018\/wp-json\/wp\/v2\/users\/4"}],"replies":[{"embeddable":true,"href":"http:\/\/www.kamubib-bimy.org\/2018\/wp-json\/wp\/v2\/comments?post=279"}],"version-history":[{"count":179,"href":"http:\/\/www.kamubib-bimy.org\/2018\/wp-json\/wp\/v2\/pages\/279\/revisions"}],"predecessor-version":[{"id":1378,"href":"http:\/\/www.kamubib-bimy.org\/2018\/wp-json\/wp\/v2\/pages\/279\/revisions\/1378"}],"wp:attachment":[{"href":"http:\/\/www.kamubib-bimy.org\/2018\/wp-json\/wp\/v2\/media?parent=279"}],"curies":[{"name":"wp","href":"https:\/\/api.w.org\/{rel}","templated":true}]}}