{"id":178,"date":"2017-10-12T21:21:35","date_gmt":"2017-10-12T18:21:35","guid":{"rendered":"http:\/\/www.kamubib-bimy.org\/2018\/?page_id=178"},"modified":"2018-10-03T14:48:52","modified_gmt":"2018-10-03T11:48:52","slug":"transfer-saatleri","status":"publish","type":"page","link":"http:\/\/www.kamubib-bimy.org\/2018\/transfer-saatleri","title":{"rendered":"TRANSFER SAATLER\u0130"},"content":{"rendered":"<div class=\"wpb-content-wrapper\"><p>[vc_row full_width=&#8221;stretch_row&#8221; css=&#8221;.vc_custom_1531232823903{background-image: url(http:\/\/www.kamubib-bimy.org\/2018\/wp-content\/uploads\/2018\/07\/slider-background-kamu-bib-19.jpg?id=574) !important;background-position: center !important;background-repeat: no-repeat !important;background-size: cover !important;}&#8221;][vc_column][rev_slider_vc alias=&#8221;anasayfa&#8221;][\/vc_column][\/vc_row][vc_row][vc_column][vc_column_text]<\/p>\n<p style=\"text-align: left;\">Ara\u00e7 transfer saatleri a\u015fa\u011f\u0131da belirtildi\u011fi gibidir. Transfer hizmetinden faydalanmak isteyen kat\u0131l\u0131mc\u0131lar\u0131m\u0131z\u0131n tbdkayit@valor.com.tr adresine \u0130sim-Soyisim, Transfer Saati ve Ki\u015fi Say\u0131s\u0131n\u0131 bildirmeleri gerekmektedir.<\/p>\n<p><strong>Transfer Saatleri<\/strong><\/p>\n<p><strong>Sabah:<\/strong> 10:30<br \/>\n<strong>\u00d6\u011flen:<\/strong> 12:30<br \/>\n<strong>Ak\u015fam:<\/strong> 18:30[\/vc_column_text][\/vc_column][\/vc_row]<\/p>\n<\/div>","protected":false},"excerpt":{"rendered":"<p>[vc_row full_width=&#8221;stretch_row&#8221; css=&#8221;.vc_custom_1531232823903{background-image: url(http:\/\/www.kamubib-bimy.org\/2018\/wp-content\/uploads\/2018\/07\/slider-background-kamu-bib-19.jpg?id=574) !important;background-position: center !important;background-repeat: no-repeat !important;background-size: cover !important;}&#8221;][vc_column][rev_slider_vc alias=&#8221;anasayfa&#8221;][\/vc_column][\/vc_row][vc_row][vc_column][vc_column_text] Ara\u00e7 transfer saatleri a\u015fa\u011f\u0131da belirtildi\u011fi gibidir. Transfer hizmetinden faydalanmak isteyen kat\u0131l\u0131mc\u0131lar\u0131m\u0131z\u0131n tbdkayit@valor.com.tr adresine \u0130sim-Soyisim, Transfer Saati ve Ki\u015fi Say\u0131s\u0131n\u0131 bildirmeleri gerekmektedir. Transfer Saatleri Sabah: 10:30 \u00d6\u011flen: 12:30 Ak\u015fam: 18:30[\/vc_column_text][\/vc_column][\/vc_row]<\/p>\n","protected":false},"author":4,"featured_media":0,"parent":0,"menu_order":0,"comment_status":"closed","ping_status":"closed","template":"homepage.php","meta":{"rs_blank_template":"","rs_page_bg_color":"","slide_template_v7":"","footnotes":""},"class_list":["post-178","page","type-page","status-publish","hentry"],"_links":{"self":[{"href":"http:\/\/www.kamubib-bimy.org\/2018\/wp-json\/wp\/v2\/pages\/178","targetHints":{"allow":["GET"]}}],"collection":[{"href":"http:\/\/www.kamubib-bimy.org\/2018\/wp-json\/wp\/v2\/pages"}],"about":[{"href":"http:\/\/www.kamubib-bimy.org\/2018\/wp-json\/wp\/v2\/types\/page"}],"author":[{"embeddable":true,"href":"http:\/\/www.kamubib-bimy.org\/2018\/wp-json\/wp\/v2\/users\/4"}],"replies":[{"embeddable":true,"href":"http:\/\/www.kamubib-bimy.org\/2018\/wp-json\/wp\/v2\/comments?post=178"}],"version-history":[{"count":12,"href":"http:\/\/www.kamubib-bimy.org\/2018\/wp-json\/wp\/v2\/pages\/178\/revisions"}],"predecessor-version":[{"id":1400,"href":"http:\/\/www.kamubib-bimy.org\/2018\/wp-json\/wp\/v2\/pages\/178\/revisions\/1400"}],"wp:attachment":[{"href":"http:\/\/www.kamubib-bimy.org\/2018\/wp-json\/wp\/v2\/media?parent=178"}],"curies":[{"name":"wp","href":"https:\/\/api.w.org\/{rel}","templated":true}]}}